{"id":81972,"date":"2023-07-11T10:42:52","date_gmt":"2023-07-11T07:42:52","guid":{"rendered":"https:\/\/exlibris.ee\/toode\/daf-palette-4-prapositionen-ubungsbuch\/"},"modified":"2026-04-15T13:39:11","modified_gmt":"2026-04-15T10:39:11","slug":"daf-palette-4-prapositionen-ubungsbuch","status":"publish","type":"product","link":"https:\/\/exlibris.ee\/ru\/produkt\/daf-palette-4-prapositionen-ubungsbuch\/","title":{"rendered":"DaF-Palette 4: Pr\u00e4positionen  \u00dcbungsbuch"},"content":{"rendered":"<p>Zielgruppe: Jugendliche und Erwachsene; f\u00fcr Selbstlernende oder als kursbegleitendes Material geeignet (Niveau C1-C2) \u2022 bereits vorhandene Kenntnisse zum Thema Pr\u00e4positionen erweitern, systematisieren und durch gezieltes Training festigen \u2022 \u00dcbersicht \u00fcber die wichtigsten kausalen und modalen Pr\u00e4positionen sowie eine Zusammenstellung fester Ausdr\u00fccke mit Pr\u00e4positionen \u2022 Lernlisten und \u00dcbungen mit ansteigendem Schwierigkeitsgrad \u2022 Zwischentest und Abschlusstest zur Lernkontrolle \u2022 L\u00f6sungsschl\u00fcssel im Anhang.<\/p>\n","protected":false},"excerpt":{"rendered":"<p>Zielgruppe: Jugendliche und Erwachsene; f\u00fcr Selbstlernende oder als kursbegleitendes Material geeignet (Niveau C1-C2) \u2022 bereits vorhandene Kenntnisse zum Thema Pr\u00e4positionen erweitern, systematisieren und durch gezieltes Training festigen \u2022 \u00dcbersicht \u00fcber die wichtigsten kausalen und modalen Pr\u00e4positionen sowie eine Zusammenstellung fester&#8230;<\/p>\n","protected":false},"featured_media":286469,"template":"","meta":{"_acf_changed":false,"inline_featured_image":false},"product_brand":[],"product_cat":[558],"product_tag":[],"series":[{"id":1329,"name":"DaF-Palette","slug":"daf-palette"}],"publisher":[{"id":1297,"name":"Karabatos Verlag","slug":"karabatos-verlag"}],"class_list":{"0":"post-81972","1":"product","2":"type-product","3":"status-publish","4":"has-post-thumbnail","6":"product_cat-deutsch-uben","7":"series-daf-palette","8":"publisher-karabatos-verlag","10":"first","11":"instock","12":"taxable","13":"shipping-taxable","14":"purchasable","15":"product-type-simple"},"acf":[],"_links":{"self":[{"href":"https:\/\/exlibris.ee\/ru\/wp-json\/wp\/v2\/product\/81972","targetHints":{"allow":["GET"]}}],"collection":[{"href":"https:\/\/exlibris.ee\/ru\/wp-json\/wp\/v2\/product"}],"about":[{"href":"https:\/\/exlibris.ee\/ru\/wp-json\/wp\/v2\/types\/product"}],"wp:featuredmedia":[{"embeddable":true,"href":"https:\/\/exlibris.ee\/ru\/wp-json\/wp\/v2\/media\/286469"}],"wp:attachment":[{"href":"https:\/\/exlibris.ee\/ru\/wp-json\/wp\/v2\/media?parent=81972"}],"wp:term":[{"taxonomy":"product_brand","embeddable":true,"href":"https:\/\/exlibris.ee\/ru\/wp-json\/wp\/v2\/product_brand?post=81972"},{"taxonomy":"product_cat","embeddable":true,"href":"https:\/\/exlibris.ee\/ru\/wp-json\/wp\/v2\/product_cat?post=81972"},{"taxonomy":"product_tag","embeddable":true,"href":"https:\/\/exlibris.ee\/ru\/wp-json\/wp\/v2\/product_tag?post=81972"},{"taxonomy":"series","embeddable":true,"href":"https:\/\/exlibris.ee\/ru\/wp-json\/wp\/v2\/series?post=81972"},{"taxonomy":"publisher","embeddable":true,"href":"https:\/\/exlibris.ee\/ru\/wp-json\/wp\/v2\/publisher?post=81972"}],"curies":[{"name":"wp","href":"https:\/\/api.w.org\/{rel}","templated":true}]}}