{"id":81974,"date":"2023-07-11T10:42:52","date_gmt":"2023-07-11T07:42:52","guid":{"rendered":"https:\/\/exlibris.ee\/toode\/am-liebsten-den-superlativ-grammatiktests-fur-anfanger-der-niveaustufe-a2-pdf-download\/"},"modified":"2026-04-06T09:13:56","modified_gmt":"2026-04-06T06:13:56","slug":"am-liebsten-den-superlativ-grammatiktests-fur-anfanger-der-niveaustufe-a2-pdf-download","status":"publish","type":"product","link":"https:\/\/exlibris.ee\/ru\/produkt\/am-liebsten-den-superlativ-grammatiktests-fur-anfanger-der-niveaustufe-a2-pdf-download\/","title":{"rendered":"Am liebsten den Superlativ  Grammatiktests f\u00fcr Anf\u00e4nger der Niveaustufe A2 \/ PDF-Download"},"content":{"rendered":"<p>Zielgruppe: Jugendliche und erwachsene Deutschlerner, die ihre Grammatikkenntnisse verbessern oder sich auch auf eine Pr\u00fcfung vorbereiten wollen. Zum Lernen wo immer Sie Zeit haben: F\u00fcnf Minuten reichen, um schnell Fortschritte in der deutschen Grammatik zu machen. Sie l\u00f6sen die Tests auf der Vorderseite eines Blattes und finden auf der jeweiligen R\u00fcckseite sofort die Erkl\u00e4rungen und L\u00f6sungen. Ein Punkte-System gibt Auskunft \u00fcber Ihren Lernerfolg. Belohnt werden Sie auch durch die zahlreichen unterhaltsamen Fotos und Abbildungen, die W\u00f6rter und Situationen verdeutlichen. Praktisches Ringbuch im Taschenformat 10 x 15 cm.<\/p>\n","protected":false},"excerpt":{"rendered":"<p>Zielgruppe: Jugendliche und erwachsene Deutschlerner, die ihre Grammatikkenntnisse verbessern oder sich auch auf eine Pr\u00fcfung vorbereiten wollen. Zum Lernen wo immer Sie Zeit haben: F\u00fcnf Minuten reichen, um schnell Fortschritte in der deutschen Grammatik zu machen. Sie l\u00f6sen die Tests&#8230;<\/p>\n","protected":false},"featured_media":81889,"template":"","meta":{"_acf_changed":false,"inline_featured_image":false},"product_brand":[],"product_cat":[480],"product_tag":[],"series":[],"publisher":[{"id":1315,"name":"Verlag f\u00fcr Deutsch","slug":"verlag-fur-deutsch"}],"class_list":{"0":"post-81974","1":"product","2":"type-product","3":"status-publish","4":"has-post-thumbnail","6":"product_cat-grammatiken","7":"publisher-verlag-fur-deutsch","9":"first","10":"onbackorder","11":"taxable","12":"shipping-taxable","13":"purchasable","14":"product-type-simple"},"acf":[],"_links":{"self":[{"href":"https:\/\/exlibris.ee\/ru\/wp-json\/wp\/v2\/product\/81974","targetHints":{"allow":["GET"]}}],"collection":[{"href":"https:\/\/exlibris.ee\/ru\/wp-json\/wp\/v2\/product"}],"about":[{"href":"https:\/\/exlibris.ee\/ru\/wp-json\/wp\/v2\/types\/product"}],"wp:featuredmedia":[{"embeddable":true,"href":"https:\/\/exlibris.ee\/ru\/wp-json\/wp\/v2\/media\/81889"}],"wp:attachment":[{"href":"https:\/\/exlibris.ee\/ru\/wp-json\/wp\/v2\/media?parent=81974"}],"wp:term":[{"taxonomy":"product_brand","embeddable":true,"href":"https:\/\/exlibris.ee\/ru\/wp-json\/wp\/v2\/product_brand?post=81974"},{"taxonomy":"product_cat","embeddable":true,"href":"https:\/\/exlibris.ee\/ru\/wp-json\/wp\/v2\/product_cat?post=81974"},{"taxonomy":"product_tag","embeddable":true,"href":"https:\/\/exlibris.ee\/ru\/wp-json\/wp\/v2\/product_tag?post=81974"},{"taxonomy":"series","embeddable":true,"href":"https:\/\/exlibris.ee\/ru\/wp-json\/wp\/v2\/series?post=81974"},{"taxonomy":"publisher","embeddable":true,"href":"https:\/\/exlibris.ee\/ru\/wp-json\/wp\/v2\/publisher?post=81974"}],"curies":[{"name":"wp","href":"https:\/\/api.w.org\/{rel}","templated":true}]}}