{"id":81984,"date":"2023-07-11T10:42:53","date_gmt":"2023-07-11T07:42:53","guid":{"rendered":"https:\/\/exlibris.ee\/toode\/daf-palette-7-umformungen-ubungsbuch\/"},"modified":"2026-04-15T13:40:39","modified_gmt":"2026-04-15T10:40:39","slug":"daf-palette-7-umformungen-ubungsbuch","status":"publish","type":"product","link":"https:\/\/exlibris.ee\/ru\/produkt\/daf-palette-7-umformungen-ubungsbuch\/","title":{"rendered":"DaF-Palette 7: Umformungen  \u00dcbungsbuch"},"content":{"rendered":"<p>Zielgruppe: Jugendliche und Erwachsene; f\u00fcr Selbstlernende oder als kursbegleitendes Material geeignet (Niveau C1-C2) \u2022 Erl\u00e4uterung der grammatikalisch richtigen Umformung von S\u00e4tzen oder Satzteilen wie Nominalisierung, Verbalisierung, die Umformung von Partizipien und Relativs\u00e4tzen sowie die Passivumschreibungen mit zahlreichen Beispielen \u2022 60 \u00dcbungen mit ansteigendem Schwierigkeitsgrad \u2022 L\u00f6sungsschl\u00fcssel im Anhang.<\/p>\n","protected":false},"excerpt":{"rendered":"<p>Zielgruppe: Jugendliche und Erwachsene; f\u00fcr Selbstlernende oder als kursbegleitendes Material geeignet (Niveau C1-C2) \u2022 Erl\u00e4uterung der grammatikalisch richtigen Umformung von S\u00e4tzen oder Satzteilen wie Nominalisierung, Verbalisierung, die Umformung von Partizipien und Relativs\u00e4tzen sowie die Passivumschreibungen mit zahlreichen Beispielen \u2022 60&#8230;<\/p>\n","protected":false},"featured_media":286504,"template":"","meta":{"_acf_changed":false,"inline_featured_image":false},"product_brand":[],"product_cat":[558],"product_tag":[],"series":[{"id":1329,"name":"DaF-Palette","slug":"daf-palette"}],"publisher":[{"id":1297,"name":"Karabatos Verlag","slug":"karabatos-verlag"}],"class_list":{"0":"post-81984","1":"product","2":"type-product","3":"status-publish","4":"has-post-thumbnail","6":"product_cat-deutsch-uben","7":"series-daf-palette","8":"publisher-karabatos-verlag","10":"first","11":"instock","12":"taxable","13":"shipping-taxable","14":"purchasable","15":"product-type-simple"},"acf":[],"_links":{"self":[{"href":"https:\/\/exlibris.ee\/ru\/wp-json\/wp\/v2\/product\/81984","targetHints":{"allow":["GET"]}}],"collection":[{"href":"https:\/\/exlibris.ee\/ru\/wp-json\/wp\/v2\/product"}],"about":[{"href":"https:\/\/exlibris.ee\/ru\/wp-json\/wp\/v2\/types\/product"}],"wp:featuredmedia":[{"embeddable":true,"href":"https:\/\/exlibris.ee\/ru\/wp-json\/wp\/v2\/media\/286504"}],"wp:attachment":[{"href":"https:\/\/exlibris.ee\/ru\/wp-json\/wp\/v2\/media?parent=81984"}],"wp:term":[{"taxonomy":"product_brand","embeddable":true,"href":"https:\/\/exlibris.ee\/ru\/wp-json\/wp\/v2\/product_brand?post=81984"},{"taxonomy":"product_cat","embeddable":true,"href":"https:\/\/exlibris.ee\/ru\/wp-json\/wp\/v2\/product_cat?post=81984"},{"taxonomy":"product_tag","embeddable":true,"href":"https:\/\/exlibris.ee\/ru\/wp-json\/wp\/v2\/product_tag?post=81984"},{"taxonomy":"series","embeddable":true,"href":"https:\/\/exlibris.ee\/ru\/wp-json\/wp\/v2\/series?post=81984"},{"taxonomy":"publisher","embeddable":true,"href":"https:\/\/exlibris.ee\/ru\/wp-json\/wp\/v2\/publisher?post=81984"}],"curies":[{"name":"wp","href":"https:\/\/api.w.org\/{rel}","templated":true}]}}