{"id":81989,"date":"2023-07-11T10:42:53","date_gmt":"2023-07-11T07:42:53","guid":{"rendered":"https:\/\/exlibris.ee\/toode\/globetrotter-erkunde-die-welt-reisespiel\/"},"modified":"2026-04-25T17:42:26","modified_gmt":"2026-04-25T14:42:26","slug":"globetrotter-erkunde-die-welt-reisespiel","status":"publish","type":"product","link":"https:\/\/exlibris.ee\/ru\/produkt\/globetrotter-erkunde-die-welt-reisespiel\/","title":{"rendered":"Globetrotter  Erkunde die Welt! \/ Reisespiel"},"content":{"rendered":"<p>Die Spieler gehen auf Weltreise. Ein Tourenplan gibt ihnen Startpunkt, Reisestationen und Reiseziel vor. Der echte Globetrotter reist jedoch nicht einfach schnell seine Route ab, sondern besucht zus\u00e4tzlich noch m\u00f6glichst viele Sehensw\u00fcrdigkeiten. Durch geschickte Reiseplanung, das richtige Beantworten von Fragen, etwas Gl\u00fcck und Risikofreude kommt er weit herum in der Welt. Der Globetrotter, der zuerst 3 Ansichtskarten und vier Meilenstein-Chips gesammelt hat und dann mit seiner Spielfigur am vorgegebenen Reiseziel ankommt, gewinnt. F\u00fcr 2-6 Spieler, ab 12 Jahren Spieldauer: ca. 60 Minuten Spielmaterial: &#8212; XXL-Spielplan mit Drehpfeil &#8212; 20 Tourenpl\u00e4ne &#8212; 69 Ansichtskarten ber\u00fchmter Reiseziele &#8212; 10 Airport-Karten &#8212; 201 Reisekarten mit je 3 Fragen &#8212; 50 Tickets f\u00fcr Flugzeug, Schiff, Bus, Zug &#8212; 20 Meilenstein-Chips &#8212; 6 Spielfiguren.<\/p>\n","protected":false},"excerpt":{"rendered":"<p>Die Spieler gehen auf Weltreise. Ein Tourenplan gibt ihnen Startpunkt, Reisestationen und Reiseziel vor. Der echte Globetrotter reist jedoch nicht einfach schnell seine Route ab, sondern besucht zus\u00e4tzlich noch m\u00f6glichst viele Sehensw\u00fcrdigkeiten. Durch geschickte Reiseplanung, das richtige Beantworten von Fragen,&#8230;<\/p>\n","protected":false},"featured_media":473820,"template":"","meta":{"_acf_changed":false,"inline_featured_image":false},"product_brand":[],"product_cat":[503],"product_tag":[],"series":[],"publisher":[{"id":983,"name":"Grubbe Media","slug":"grubbe-media"}],"class_list":{"0":"post-81989","1":"product","2":"type-product","3":"status-publish","4":"has-post-thumbnail","6":"product_cat-lernen-mit-bildern-und-spielen","7":"publisher-grubbe-media","9":"first","10":"onbackorder","11":"taxable","12":"shipping-taxable","13":"purchasable","14":"product-type-simple"},"acf":[],"_links":{"self":[{"href":"https:\/\/exlibris.ee\/ru\/wp-json\/wp\/v2\/product\/81989","targetHints":{"allow":["GET"]}}],"collection":[{"href":"https:\/\/exlibris.ee\/ru\/wp-json\/wp\/v2\/product"}],"about":[{"href":"https:\/\/exlibris.ee\/ru\/wp-json\/wp\/v2\/types\/product"}],"wp:featuredmedia":[{"embeddable":true,"href":"https:\/\/exlibris.ee\/ru\/wp-json\/wp\/v2\/media\/473820"}],"wp:attachment":[{"href":"https:\/\/exlibris.ee\/ru\/wp-json\/wp\/v2\/media?parent=81989"}],"wp:term":[{"taxonomy":"product_brand","embeddable":true,"href":"https:\/\/exlibris.ee\/ru\/wp-json\/wp\/v2\/product_brand?post=81989"},{"taxonomy":"product_cat","embeddable":true,"href":"https:\/\/exlibris.ee\/ru\/wp-json\/wp\/v2\/product_cat?post=81989"},{"taxonomy":"product_tag","embeddable":true,"href":"https:\/\/exlibris.ee\/ru\/wp-json\/wp\/v2\/product_tag?post=81989"},{"taxonomy":"series","embeddable":true,"href":"https:\/\/exlibris.ee\/ru\/wp-json\/wp\/v2\/series?post=81989"},{"taxonomy":"publisher","embeddable":true,"href":"https:\/\/exlibris.ee\/ru\/wp-json\/wp\/v2\/publisher?post=81989"}],"curies":[{"name":"wp","href":"https:\/\/api.w.org\/{rel}","templated":true}]}}