{"id":81990,"date":"2023-07-11T10:42:53","date_gmt":"2023-07-11T07:42:53","guid":{"rendered":"https:\/\/exlibris.ee\/toode\/pauli-liebste-mama-kinderbuch-deutsch-turkisch-mit-mp3-horbuch-zum-herunterladen\/"},"modified":"2026-04-18T15:43:01","modified_gmt":"2026-04-18T12:43:01","slug":"pauli-liebste-mama-kinderbuch-deutsch-turkisch-mit-mp3-horbuch-zum-herunterladen","status":"publish","type":"product","link":"https:\/\/exlibris.ee\/ru\/produkt\/pauli-liebste-mama-kinderbuch-deutsch-turkisch-mit-mp3-horbuch-zum-herunterladen\/","title":{"rendered":"Pauli &#8212; Liebste Mama  Kinderbuch Deutsch-T\u00fcrkisch mit MP3-H\u00f6rbuch zum Herunterladen"},"content":{"rendered":"<p>Zielgruppe: Kinder ab 4 Jahren Mama Kaninchen \u00e4rgert sich: Wo sind nur Paulis Manieren geblieben? Zum Liebste-Mama-Tag legen sich Pauli und seine Geschwister m\u00e4chtig ins Zeug und planen, ihre Mama mit gutem Benehmen zu \u00fcberraschen. Zum Buch gibt es auch ein MP3-H\u00f6rbuch, das ohne zus\u00e4tzliche Kosten heruntergeladen werden kann.<\/p>\n","protected":false},"excerpt":{"rendered":"<p>Zielgruppe: Kinder ab 4 Jahren Mama Kaninchen \u00e4rgert sich: Wo sind nur Paulis Manieren geblieben? Zum Liebste-Mama-Tag legen sich Pauli und seine Geschwister m\u00e4chtig ins Zeug und planen, ihre Mama mit gutem Benehmen zu \u00fcberraschen. Zum Buch gibt es auch&#8230;<\/p>\n","protected":false},"featured_media":338242,"template":"","meta":{"_acf_changed":false,"inline_featured_image":false},"product_brand":[],"product_cat":[471],"product_tag":[],"series":[],"publisher":[{"id":1308,"name":"NordS\u00fcd","slug":"nordsud"}],"class_list":{"0":"post-81990","1":"product","2":"type-product","3":"status-publish","4":"has-post-thumbnail","6":"product_cat-lehrwerke-fur-kinder","7":"publisher-nordsud","9":"first","10":"onbackorder","11":"taxable","12":"shipping-taxable","13":"purchasable","14":"product-type-simple"},"acf":[],"_links":{"self":[{"href":"https:\/\/exlibris.ee\/ru\/wp-json\/wp\/v2\/product\/81990","targetHints":{"allow":["GET"]}}],"collection":[{"href":"https:\/\/exlibris.ee\/ru\/wp-json\/wp\/v2\/product"}],"about":[{"href":"https:\/\/exlibris.ee\/ru\/wp-json\/wp\/v2\/types\/product"}],"wp:featuredmedia":[{"embeddable":true,"href":"https:\/\/exlibris.ee\/ru\/wp-json\/wp\/v2\/media\/338242"}],"wp:attachment":[{"href":"https:\/\/exlibris.ee\/ru\/wp-json\/wp\/v2\/media?parent=81990"}],"wp:term":[{"taxonomy":"product_brand","embeddable":true,"href":"https:\/\/exlibris.ee\/ru\/wp-json\/wp\/v2\/product_brand?post=81990"},{"taxonomy":"product_cat","embeddable":true,"href":"https:\/\/exlibris.ee\/ru\/wp-json\/wp\/v2\/product_cat?post=81990"},{"taxonomy":"product_tag","embeddable":true,"href":"https:\/\/exlibris.ee\/ru\/wp-json\/wp\/v2\/product_tag?post=81990"},{"taxonomy":"series","embeddable":true,"href":"https:\/\/exlibris.ee\/ru\/wp-json\/wp\/v2\/series?post=81990"},{"taxonomy":"publisher","embeddable":true,"href":"https:\/\/exlibris.ee\/ru\/wp-json\/wp\/v2\/publisher?post=81990"}],"curies":[{"name":"wp","href":"https:\/\/api.w.org\/{rel}","templated":true}]}}