{"id":81993,"date":"2023-07-11T10:42:54","date_gmt":"2023-07-11T07:42:54","guid":{"rendered":"https:\/\/exlibris.ee\/toode\/puzzquiz-typisch-berlin-quiz-puzzle-deutsch-lernen-sprach-und-reisespiel\/"},"modified":"2026-04-24T01:53:12","modified_gmt":"2026-04-23T22:53:12","slug":"puzzquiz-typisch-berlin-quiz-puzzle-deutsch-lernen-sprach-und-reisespiel","status":"publish","type":"product","link":"https:\/\/exlibris.ee\/ru\/produkt\/puzzquiz-typisch-berlin-quiz-puzzle-deutsch-lernen-sprach-und-reisespiel\/","title":{"rendered":"PuzzQuiz &#8212; Typisch Berlin  Quiz, Puzzle &amp; Deutsch lernen \/ Sprach- und Reisespiel"},"content":{"rendered":"<p>PuzzQuiz \u2013 ein Quiz und Puzzle zum Sprachenlernen f\u00fcr 1 &#8212; 6 Spieler PuzzQuiz nimmt Sie mit auf eine spielerische Sprachreise durch Berlin. Das Spiel kombiniert Puzzelspa\u00df mit 192 unterhaltsamen Fragen und Aufgaben zur Stadt. Spielidee: Jeder Spieler bekommt gleich viele Puzzleteile. Reihum m\u00fcssen nun die Spieler Aufgaben (Quizfragen, \u00dcbersetzungsaufgaben, Erg\u00e4nzungss\u00e4tze) l\u00f6sen. Wer eine Aufgabe meistert, darf ein Puzzleteil auslegen. Passt das Puzzleteil zu einem bereits ausgelegten St\u00fcck, darf noch ein zweites abgelegt werden. Wer zuerst keine Puzzleteile mehr hat, ist der Gewinner. F\u00fcr Deutschlernende: Kartentexte in Deutsch mit englischer \u00dcbersetzung auf der R\u00fcckseite. Franz\u00f6sische, spanische und italienische \u00dcbersetzungen findet man als kostenfreien Download unter: hueber.de\/sprachspiele\/puzzquiz L\u00f6sungen finden sich jeweils auf der Kartenr\u00fcckseite. Spielmaterial: &#8212; 64 Karten (mit je 3 Aufgaben, \u00dcbersetzung auf der R\u00fcckseite, teilweise bebildert) &#8212; Puzzle mit 54 Teilen (das fertige Puzzle passt in die Schachtel) &#8212; Stadtplan mit 40 eingezeichneten Berliner Sehensw\u00fcrdigkeiten &#8212; Spielanleitung Spieldauer: ca. 25 Minuten PuzzQuiz ist auch zu weiteren Metropolen Europas erh\u00e4ltlich.<\/p>\n","protected":false},"excerpt":{"rendered":"<p>PuzzQuiz \u2013 ein Quiz und Puzzle zum Sprachenlernen f\u00fcr 1 &#8212; 6 Spieler PuzzQuiz nimmt Sie mit auf eine spielerische Sprachreise durch Berlin. Das Spiel kombiniert Puzzelspa\u00df mit 192 unterhaltsamen Fragen und Aufgaben zur Stadt. Spielidee: Jeder Spieler bekommt gleich&#8230;<\/p>\n","protected":false},"featured_media":440336,"template":"","meta":{"_acf_changed":false,"inline_featured_image":false},"product_brand":[],"product_cat":[503],"product_tag":[],"series":[],"publisher":[{"id":983,"name":"Grubbe Media","slug":"grubbe-media"}],"class_list":{"0":"post-81993","1":"product","2":"type-product","3":"status-publish","4":"has-post-thumbnail","6":"product_cat-lernen-mit-bildern-und-spielen","7":"publisher-grubbe-media","9":"first","10":"onbackorder","11":"taxable","12":"shipping-taxable","13":"purchasable","14":"product-type-simple"},"acf":[],"_links":{"self":[{"href":"https:\/\/exlibris.ee\/ru\/wp-json\/wp\/v2\/product\/81993","targetHints":{"allow":["GET"]}}],"collection":[{"href":"https:\/\/exlibris.ee\/ru\/wp-json\/wp\/v2\/product"}],"about":[{"href":"https:\/\/exlibris.ee\/ru\/wp-json\/wp\/v2\/types\/product"}],"wp:featuredmedia":[{"embeddable":true,"href":"https:\/\/exlibris.ee\/ru\/wp-json\/wp\/v2\/media\/440336"}],"wp:attachment":[{"href":"https:\/\/exlibris.ee\/ru\/wp-json\/wp\/v2\/media?parent=81993"}],"wp:term":[{"taxonomy":"product_brand","embeddable":true,"href":"https:\/\/exlibris.ee\/ru\/wp-json\/wp\/v2\/product_brand?post=81993"},{"taxonomy":"product_cat","embeddable":true,"href":"https:\/\/exlibris.ee\/ru\/wp-json\/wp\/v2\/product_cat?post=81993"},{"taxonomy":"product_tag","embeddable":true,"href":"https:\/\/exlibris.ee\/ru\/wp-json\/wp\/v2\/product_tag?post=81993"},{"taxonomy":"series","embeddable":true,"href":"https:\/\/exlibris.ee\/ru\/wp-json\/wp\/v2\/series?post=81993"},{"taxonomy":"publisher","embeddable":true,"href":"https:\/\/exlibris.ee\/ru\/wp-json\/wp\/v2\/publisher?post=81993"}],"curies":[{"name":"wp","href":"https:\/\/api.w.org\/{rel}","templated":true}]}}