{"id":81995,"date":"2023-07-11T10:42:54","date_gmt":"2023-07-11T07:42:54","guid":{"rendered":"https:\/\/exlibris.ee\/toode\/daf-palette-10-typische-fehler-ubungsbuch\/"},"modified":"2026-04-18T15:43:03","modified_gmt":"2026-04-18T12:43:03","slug":"daf-palette-10-typische-fehler-ubungsbuch","status":"publish","type":"product","link":"https:\/\/exlibris.ee\/ru\/produkt\/daf-palette-10-typische-fehler-ubungsbuch\/","title":{"rendered":"DaF-Palette 10: Typische Fehler  \u00dcbungsbuch"},"content":{"rendered":"<p>Zielgruppe: Jugendliche und Erwachsene; f\u00fcr Selbstlernende oder als kursbegleitendes Material geeignet (Niveau A2-B1) Wissen, kennen oder k\u00f6nnen? Solche und \u00e4hnliche W\u00f6rter werden von Anf\u00e4nger:innenn h\u00e4ufig miteinander verwechselt und falsch verwendet. Dieses Traningsheft greift typische Fehlerquellen auf und bietet zahlreiche \u00dcbungen. L\u00f6sungsschl\u00fcssel im Anhang.<\/p>\n","protected":false},"excerpt":{"rendered":"<p>Zielgruppe: Jugendliche und Erwachsene; f\u00fcr Selbstlernende oder als kursbegleitendes Material geeignet (Niveau A2-B1) Wissen, kennen oder k\u00f6nnen? Solche und \u00e4hnliche W\u00f6rter werden von Anf\u00e4nger:innenn h\u00e4ufig miteinander verwechselt und falsch verwendet. Dieses Traningsheft greift typische Fehlerquellen auf und bietet zahlreiche \u00dcbungen&#8230;.<\/p>\n","protected":false},"featured_media":338271,"template":"","meta":{"_acf_changed":false,"inline_featured_image":false},"product_brand":[],"product_cat":[558],"product_tag":[],"series":[{"id":1329,"name":"DaF-Palette","slug":"daf-palette"}],"publisher":[{"id":1297,"name":"Karabatos Verlag","slug":"karabatos-verlag"}],"class_list":{"0":"post-81995","1":"product","2":"type-product","3":"status-publish","4":"has-post-thumbnail","6":"product_cat-deutsch-uben","7":"series-daf-palette","8":"publisher-karabatos-verlag","10":"first","11":"instock","12":"taxable","13":"shipping-taxable","14":"purchasable","15":"product-type-simple"},"acf":[],"_links":{"self":[{"href":"https:\/\/exlibris.ee\/ru\/wp-json\/wp\/v2\/product\/81995","targetHints":{"allow":["GET"]}}],"collection":[{"href":"https:\/\/exlibris.ee\/ru\/wp-json\/wp\/v2\/product"}],"about":[{"href":"https:\/\/exlibris.ee\/ru\/wp-json\/wp\/v2\/types\/product"}],"wp:featuredmedia":[{"embeddable":true,"href":"https:\/\/exlibris.ee\/ru\/wp-json\/wp\/v2\/media\/338271"}],"wp:attachment":[{"href":"https:\/\/exlibris.ee\/ru\/wp-json\/wp\/v2\/media?parent=81995"}],"wp:term":[{"taxonomy":"product_brand","embeddable":true,"href":"https:\/\/exlibris.ee\/ru\/wp-json\/wp\/v2\/product_brand?post=81995"},{"taxonomy":"product_cat","embeddable":true,"href":"https:\/\/exlibris.ee\/ru\/wp-json\/wp\/v2\/product_cat?post=81995"},{"taxonomy":"product_tag","embeddable":true,"href":"https:\/\/exlibris.ee\/ru\/wp-json\/wp\/v2\/product_tag?post=81995"},{"taxonomy":"series","embeddable":true,"href":"https:\/\/exlibris.ee\/ru\/wp-json\/wp\/v2\/series?post=81995"},{"taxonomy":"publisher","embeddable":true,"href":"https:\/\/exlibris.ee\/ru\/wp-json\/wp\/v2\/publisher?post=81995"}],"curies":[{"name":"wp","href":"https:\/\/api.w.org\/{rel}","templated":true}]}}