{"id":82111,"date":"2023-07-11T10:44:09","date_gmt":"2023-07-11T07:44:09","guid":{"rendered":"https:\/\/exlibris.ee\/toode\/hortraining-neu-fur-das-goethe-zertifikat-b2-ubungsbuch\/"},"modified":"2026-04-16T17:40:17","modified_gmt":"2026-04-16T14:40:17","slug":"hortraining-neu-fur-das-goethe-zertifikat-b2-ubungsbuch","status":"publish","type":"product","link":"https:\/\/exlibris.ee\/ru\/produkt\/hortraining-neu-fur-das-goethe-zertifikat-b2-ubungsbuch\/","title":{"rendered":"H\u00f6rtraining neu f\u00fcr das Goethe Zertifikat B2  \u00dcbungsbuch"},"content":{"rendered":"<p>\u00dcbungsbuch f\u00fcr jugendliche und erwachsene Lernende, die sich in einem Kurs auf das Modul H\u00f6ren der Pr\u00fcfung Goethe-Zertifikat B2 vorbereiten wollen \u2022 Kann nach abgeschlossener B1-Stufe begleitend zu jedem B2-Lehrwerk eingesetzt werden \u2022 28 \u00dcbungstests machen mit den Pr\u00fcfungsaufgaben vertraut und trainieren H\u00f6r- und L\u00f6sungsstrategien sowie das globale, selektive und detaillierte H\u00f6ren \u2022 5 Modelltests, die vom Textumfang und Schwierigkeitsgrad der Aufgaben dem Goethe-Zertifikat B2 entsprechen.<\/p>\n","protected":false},"excerpt":{"rendered":"<p>\u00dcbungsbuch f\u00fcr jugendliche und erwachsene Lernende, die sich in einem Kurs auf das Modul H\u00f6ren der Pr\u00fcfung Goethe-Zertifikat B2 vorbereiten wollen \u2022 Kann nach abgeschlossener B1-Stufe begleitend zu jedem B2-Lehrwerk eingesetzt werden \u2022 28 \u00dcbungstests machen mit den Pr\u00fcfungsaufgaben vertraut&#8230;<\/p>\n","protected":false},"featured_media":304002,"template":"","meta":{"_acf_changed":false,"inline_featured_image":false},"product_brand":[],"product_cat":[507],"product_tag":[],"series":[{"id":1323,"name":"H\u00f6rtraining","slug":"hortraining"}],"publisher":[{"id":1297,"name":"Karabatos Verlag","slug":"karabatos-verlag"}],"class_list":{"0":"post-82111","1":"product","2":"type-product","3":"status-publish","4":"has-post-thumbnail","6":"product_cat-prufungsvorbereitung","7":"series-hortraining","8":"publisher-karabatos-verlag","10":"first","11":"onbackorder","12":"taxable","13":"shipping-taxable","14":"purchasable","15":"product-type-simple"},"acf":[],"_links":{"self":[{"href":"https:\/\/exlibris.ee\/ru\/wp-json\/wp\/v2\/product\/82111","targetHints":{"allow":["GET"]}}],"collection":[{"href":"https:\/\/exlibris.ee\/ru\/wp-json\/wp\/v2\/product"}],"about":[{"href":"https:\/\/exlibris.ee\/ru\/wp-json\/wp\/v2\/types\/product"}],"wp:featuredmedia":[{"embeddable":true,"href":"https:\/\/exlibris.ee\/ru\/wp-json\/wp\/v2\/media\/304002"}],"wp:attachment":[{"href":"https:\/\/exlibris.ee\/ru\/wp-json\/wp\/v2\/media?parent=82111"}],"wp:term":[{"taxonomy":"product_brand","embeddable":true,"href":"https:\/\/exlibris.ee\/ru\/wp-json\/wp\/v2\/product_brand?post=82111"},{"taxonomy":"product_cat","embeddable":true,"href":"https:\/\/exlibris.ee\/ru\/wp-json\/wp\/v2\/product_cat?post=82111"},{"taxonomy":"product_tag","embeddable":true,"href":"https:\/\/exlibris.ee\/ru\/wp-json\/wp\/v2\/product_tag?post=82111"},{"taxonomy":"series","embeddable":true,"href":"https:\/\/exlibris.ee\/ru\/wp-json\/wp\/v2\/series?post=82111"},{"taxonomy":"publisher","embeddable":true,"href":"https:\/\/exlibris.ee\/ru\/wp-json\/wp\/v2\/publisher?post=82111"}],"curies":[{"name":"wp","href":"https:\/\/api.w.org\/{rel}","templated":true}]}}