{"id":82119,"date":"2023-07-11T10:44:10","date_gmt":"2023-07-11T07:44:10","guid":{"rendered":"https:\/\/exlibris.ee\/toode\/wortschatz-landeskunde-schlusselworter-einfach-erklart-landeskunde\/"},"modified":"2026-04-17T15:46:15","modified_gmt":"2026-04-17T12:46:15","slug":"wortschatz-landeskunde-schlusselworter-einfach-erklart-landeskunde","status":"publish","type":"product","link":"https:\/\/exlibris.ee\/ru\/produkt\/wortschatz-landeskunde-schlusselworter-einfach-erklart-landeskunde\/","title":{"rendered":"Wortschatz Landeskunde  Schl\u00fcsselw\u00f6rter einfach erkl\u00e4rt \/ Landeskunde"},"content":{"rendered":"<p>Nachschlagewerk mit Begriffen f\u00fcr die Vorbereitung zum Test \u201eLeben in Deutschland\u201c und zum \u201eEinb\u00fcrgerungstest\u201c (Begriffe zu den Themen Grundrechte, Verfassungsprinzipien, Rechte und Pflichten der B\u00fcrger, politische Teilhabe; Nationalsozialismus, deutsche Geschichte, Wiedervereinigung und europ\u00e4ische Integration) &#8212; Auch Begriffe mit Erkl\u00e4rungen f\u00fcr die Besch\u00e4ftigung mit Themen der Landeskunde Deutsch als Fremdsprache auf dem Niveau B2-C2 (Begriffe zu den Themen Asylrecht, Staatsangeh\u00f6rigkeit, Fl\u00fcchtlingsschutz usw.) &#8212; mit zahlreichen vierfarbigen Fotos.<\/p>\n","protected":false},"excerpt":{"rendered":"<p>Nachschlagewerk mit Begriffen f\u00fcr die Vorbereitung zum Test \u201eLeben in Deutschland\u201c und zum \u201eEinb\u00fcrgerungstest\u201c (Begriffe zu den Themen Grundrechte, Verfassungsprinzipien, Rechte und Pflichten der B\u00fcrger, politische Teilhabe; Nationalsozialismus, deutsche Geschichte, Wiedervereinigung und europ\u00e4ische Integration) &#8212; Auch Begriffe mit Erkl\u00e4rungen f\u00fcr&#8230;<\/p>\n","protected":false},"featured_media":321362,"template":"","meta":{"_acf_changed":false,"inline_featured_image":false},"product_brand":[],"product_cat":[490],"product_tag":[],"series":[],"publisher":[{"id":1315,"name":"Verlag f\u00fcr Deutsch","slug":"verlag-fur-deutsch"}],"class_list":{"0":"post-82119","1":"product","2":"type-product","3":"status-publish","4":"has-post-thumbnail","6":"product_cat-landeskunde","7":"publisher-verlag-fur-deutsch","9":"first","10":"onbackorder","11":"taxable","12":"shipping-taxable","13":"purchasable","14":"product-type-simple"},"acf":[],"_links":{"self":[{"href":"https:\/\/exlibris.ee\/ru\/wp-json\/wp\/v2\/product\/82119","targetHints":{"allow":["GET"]}}],"collection":[{"href":"https:\/\/exlibris.ee\/ru\/wp-json\/wp\/v2\/product"}],"about":[{"href":"https:\/\/exlibris.ee\/ru\/wp-json\/wp\/v2\/types\/product"}],"wp:featuredmedia":[{"embeddable":true,"href":"https:\/\/exlibris.ee\/ru\/wp-json\/wp\/v2\/media\/321362"}],"wp:attachment":[{"href":"https:\/\/exlibris.ee\/ru\/wp-json\/wp\/v2\/media?parent=82119"}],"wp:term":[{"taxonomy":"product_brand","embeddable":true,"href":"https:\/\/exlibris.ee\/ru\/wp-json\/wp\/v2\/product_brand?post=82119"},{"taxonomy":"product_cat","embeddable":true,"href":"https:\/\/exlibris.ee\/ru\/wp-json\/wp\/v2\/product_cat?post=82119"},{"taxonomy":"product_tag","embeddable":true,"href":"https:\/\/exlibris.ee\/ru\/wp-json\/wp\/v2\/product_tag?post=82119"},{"taxonomy":"series","embeddable":true,"href":"https:\/\/exlibris.ee\/ru\/wp-json\/wp\/v2\/series?post=82119"},{"taxonomy":"publisher","embeddable":true,"href":"https:\/\/exlibris.ee\/ru\/wp-json\/wp\/v2\/publisher?post=82119"}],"curies":[{"name":"wp","href":"https:\/\/api.w.org\/{rel}","templated":true}]}}