{"id":82129,"date":"2023-07-11T10:44:11","date_gmt":"2023-07-11T07:44:11","guid":{"rendered":"https:\/\/exlibris.ee\/toode\/kommunikative-aufgaben-zu-landeskunde-deutschland-pdf-download\/"},"modified":"2026-04-18T15:44:53","modified_gmt":"2026-04-18T12:44:53","slug":"kommunikative-aufgaben-zu-landeskunde-deutschland-pdf-download","status":"publish","type":"product","link":"https:\/\/exlibris.ee\/ru\/produkt\/kommunikative-aufgaben-zu-landeskunde-deutschland-pdf-download\/","title":{"rendered":"Kommunikative Aufgaben zu \u201eLandeskunde Deutschland\u201c  PDF-Download"},"content":{"rendered":"<p>Die downloadbaren kommunikativen Sprechaufgaben zu jedem Kapitel erweitern das \u00dcbungsangebot der Landeskunde Deutschland. Sie bieten Anl\u00e4sse f\u00fcr viele spannende und anregende Gespr\u00e4che und Diskussionen. Ausgew\u00e4hlt wurden Themen, die Lerner beim Lesen der Landeskunde besonders interessieren und gerne diskutieren, von der Wohnsituation, Schule, Studium und Arbeit bis zur Regenbogenfamilie, politischen Orientierungen und dr\u00e4ngenden Umweltfragen. Partnerinterviews, Klassenumfragen, Pro-Contra-Diskussionen zu aktuellen Themen und Rollenspiele beziehen eigene Gedanken und Erfahrungen mit ein. Am Anfang jeder \u00dcbung finden Sie Hinweise zur Durchf\u00fchrung, Tipps f\u00fcr einen Link als Info oder Vorentlastung, Schl\u00fcsselw\u00f6rter, Dauer der Aktivit\u00e4t und eine Seitenreferenz zum Buch. 140 Seiten, DIN A4, teilweise farbig mit vielen Abbildungen.<\/p>\n","protected":false},"excerpt":{"rendered":"<p>Die downloadbaren kommunikativen Sprechaufgaben zu jedem Kapitel erweitern das \u00dcbungsangebot der Landeskunde Deutschland. Sie bieten Anl\u00e4sse f\u00fcr viele spannende und anregende Gespr\u00e4che und Diskussionen. Ausgew\u00e4hlt wurden Themen, die Lerner beim Lesen der Landeskunde besonders interessieren und gerne diskutieren, von der&#8230;<\/p>\n","protected":false},"featured_media":338356,"template":"","meta":{"_acf_changed":false,"inline_featured_image":false},"product_brand":[],"product_cat":[490],"product_tag":[],"series":[],"publisher":[{"id":1315,"name":"Verlag f\u00fcr Deutsch","slug":"verlag-fur-deutsch"}],"class_list":{"0":"post-82129","1":"product","2":"type-product","3":"status-publish","4":"has-post-thumbnail","6":"product_cat-landeskunde","7":"publisher-verlag-fur-deutsch","9":"first","10":"onbackorder","11":"taxable","12":"shipping-taxable","13":"purchasable","14":"product-type-simple"},"acf":[],"_links":{"self":[{"href":"https:\/\/exlibris.ee\/ru\/wp-json\/wp\/v2\/product\/82129","targetHints":{"allow":["GET"]}}],"collection":[{"href":"https:\/\/exlibris.ee\/ru\/wp-json\/wp\/v2\/product"}],"about":[{"href":"https:\/\/exlibris.ee\/ru\/wp-json\/wp\/v2\/types\/product"}],"wp:featuredmedia":[{"embeddable":true,"href":"https:\/\/exlibris.ee\/ru\/wp-json\/wp\/v2\/media\/338356"}],"wp:attachment":[{"href":"https:\/\/exlibris.ee\/ru\/wp-json\/wp\/v2\/media?parent=82129"}],"wp:term":[{"taxonomy":"product_brand","embeddable":true,"href":"https:\/\/exlibris.ee\/ru\/wp-json\/wp\/v2\/product_brand?post=82129"},{"taxonomy":"product_cat","embeddable":true,"href":"https:\/\/exlibris.ee\/ru\/wp-json\/wp\/v2\/product_cat?post=82129"},{"taxonomy":"product_tag","embeddable":true,"href":"https:\/\/exlibris.ee\/ru\/wp-json\/wp\/v2\/product_tag?post=82129"},{"taxonomy":"series","embeddable":true,"href":"https:\/\/exlibris.ee\/ru\/wp-json\/wp\/v2\/series?post=82129"},{"taxonomy":"publisher","embeddable":true,"href":"https:\/\/exlibris.ee\/ru\/wp-json\/wp\/v2\/publisher?post=82129"}],"curies":[{"name":"wp","href":"https:\/\/api.w.org\/{rel}","templated":true}]}}