{"id":82225,"date":"2023-07-11T10:45:20","date_gmt":"2023-07-11T07:45:20","guid":{"rendered":"https:\/\/exlibris.ee\/toode\/heule-eule-kinderbuch-deutsch-russisch-mit-mp3-horbuch-als-download\/"},"modified":"2026-04-20T09:47:16","modified_gmt":"2026-04-20T06:47:16","slug":"heule-eule-kinderbuch-deutsch-russisch-mit-mp3-horbuch-als-download","status":"publish","type":"product","link":"https:\/\/exlibris.ee\/ru\/produkt\/heule-eule-kinderbuch-deutsch-russisch-mit-mp3-horbuch-als-download\/","title":{"rendered":"Heule Eule  Kinderbuch Deutsch-Russisch mit MP3-H\u00f6rbuch als Download"},"content":{"rendered":"<p>Zielgruppe: Kinder ab 4 Jahren Wer sitzt da im Wald und heult und heult? Es ist die kleine Heule Eule. Die Waldbewohner geben sich gr\u00f6\u00dfte M\u00fche, die Heule Eule zu beruhigen. Sie wiegen sie in einem alten Spinnennetz hin und her und schenken ihr N\u00fcsse. Aber sogar der Blumenkranz des Maulwurfs kann sie nicht beruhigen. Ob Mama Eule helfen kann? Der Bestseller Heule Eule, eine witzige Geschichte \u00fcber die einzig richtige Art zu tr\u00f6sten, liegt als zweisprachige Ausgabe Deutsch\/Russisch bei NordS\u00fcd\/bi:libri vor. So k\u00f6nnen Kinder ab vier Jahren, die mehrsprachig aufwachsen, die Geschichte in ihrer Muttersprache und in Deutsch lesen und dadurch spielerisch ihre Sprachkenntnisse festigen. Neben Fremdsprachenkenntnissen werden den Kindern auch wichtige Werte vermittelt. Die H\u00f6rversion der Geschichte wurde von Muttersprachlern eingelesen und steht als MP3-H\u00f6rbuch zum Download bereit. Auch lieferbar in den Sprachversionen Deutsch\/Arabisch, Deutsch\/Englisch, Deutsch\/Franz\u00f6sisch, Deutsch\/Griechisch, Deutsch\/Italienisch, Deutsch\/Spanisch und Deutsch\/T\u00fcrkisch.<\/p>\n","protected":false},"excerpt":{"rendered":"<p>Zielgruppe: Kinder ab 4 Jahren Wer sitzt da im Wald und heult und heult? Es ist die kleine Heule Eule. Die Waldbewohner geben sich gr\u00f6\u00dfte M\u00fche, die Heule Eule zu beruhigen. Sie wiegen sie in einem alten Spinnennetz hin und&#8230;<\/p>\n","protected":false},"featured_media":372867,"template":"","meta":{"_acf_changed":false,"inline_featured_image":false},"product_brand":[],"product_cat":[471],"product_tag":[],"series":[],"publisher":[{"id":1308,"name":"NordS\u00fcd","slug":"nordsud"}],"class_list":{"0":"post-82225","1":"product","2":"type-product","3":"status-publish","4":"has-post-thumbnail","6":"product_cat-lehrwerke-fur-kinder","7":"publisher-nordsud","9":"first","10":"onbackorder","11":"taxable","12":"shipping-taxable","13":"purchasable","14":"product-type-simple"},"acf":[],"_links":{"self":[{"href":"https:\/\/exlibris.ee\/ru\/wp-json\/wp\/v2\/product\/82225","targetHints":{"allow":["GET"]}}],"collection":[{"href":"https:\/\/exlibris.ee\/ru\/wp-json\/wp\/v2\/product"}],"about":[{"href":"https:\/\/exlibris.ee\/ru\/wp-json\/wp\/v2\/types\/product"}],"wp:featuredmedia":[{"embeddable":true,"href":"https:\/\/exlibris.ee\/ru\/wp-json\/wp\/v2\/media\/372867"}],"wp:attachment":[{"href":"https:\/\/exlibris.ee\/ru\/wp-json\/wp\/v2\/media?parent=82225"}],"wp:term":[{"taxonomy":"product_brand","embeddable":true,"href":"https:\/\/exlibris.ee\/ru\/wp-json\/wp\/v2\/product_brand?post=82225"},{"taxonomy":"product_cat","embeddable":true,"href":"https:\/\/exlibris.ee\/ru\/wp-json\/wp\/v2\/product_cat?post=82225"},{"taxonomy":"product_tag","embeddable":true,"href":"https:\/\/exlibris.ee\/ru\/wp-json\/wp\/v2\/product_tag?post=82225"},{"taxonomy":"series","embeddable":true,"href":"https:\/\/exlibris.ee\/ru\/wp-json\/wp\/v2\/series?post=82225"},{"taxonomy":"publisher","embeddable":true,"href":"https:\/\/exlibris.ee\/ru\/wp-json\/wp\/v2\/publisher?post=82225"}],"curies":[{"name":"wp","href":"https:\/\/api.w.org\/{rel}","templated":true}]}}