{"id":82226,"date":"2023-07-11T10:45:20","date_gmt":"2023-07-11T07:45:20","guid":{"rendered":"https:\/\/exlibris.ee\/toode\/landeskunde-deutschland-digital-aktualisierte-fassung-2023-pdf-download\/"},"modified":"2026-04-14T19:32:31","modified_gmt":"2026-04-14T16:32:31","slug":"landeskunde-deutschland-digital-aktualisierte-fassung-2023-pdf-download","status":"publish","type":"product","link":"https:\/\/exlibris.ee\/ru\/produkt\/landeskunde-deutschland-digital-aktualisierte-fassung-2023-pdf-download\/","title":{"rendered":"Landeskunde Deutschland digital &#8212; Aktualisierte Fassung 2023  PDF-Download"},"content":{"rendered":"<p>Deutschland heute mit Schwerpunkt auf Entwicklungen in Ost und West \u2022 Leseproben und aktuelle Infos zur Landeskunde unter www.deutsch-verlag.com \u2022 aktualisierte Auflage 2023 als kostenpflichtiger PDF-Download erh\u00e4ltlich \u2022 mit vielen neuen Fotos, Statistiken und Abbildungen \u2022 Themenauswahl: Zuwanderung, Rassismus im Alltag, Rechtsextremismus, b\u00fcrgerliches Engagement, Wohnungsmarkt, Kinderarmut, Grundsicherung, die Tafeln, repr\u00e4sentative Demokratie, Krise Europas, Schule und Hochschule, das duale System, Dichtung, Musik, Theater und Film, Homeoffice, Zeitarbeit, Mindestlohn, Energiewende, alternative Energien, neue Technologien \u2013 chronologischer historischer R\u00fcckblick \u2022 Neu: Hinweise auf die Folgen der Corona-Krise wie Zunahme selbstbestimmten Arbeitens (Homeoffice), die Folgen f\u00fcr Theater, Musik und freie K\u00fcnstler und K\u00fcnstlerinnen, Benachteiligung von sozial schwachen Familien und Auswirkungen in der Wirtschaft.<\/p>\n","protected":false},"excerpt":{"rendered":"<p>Deutschland heute mit Schwerpunkt auf Entwicklungen in Ost und West \u2022 Leseproben und aktuelle Infos zur Landeskunde unter www.deutsch-verlag.com \u2022 aktualisierte Auflage 2023 als kostenpflichtiger PDF-Download erh\u00e4ltlich \u2022 mit vielen neuen Fotos, Statistiken und Abbildungen \u2022 Themenauswahl: Zuwanderung, Rassismus im&#8230;<\/p>\n","protected":false},"featured_media":269943,"template":"","meta":{"_acf_changed":false,"inline_featured_image":false},"product_brand":[],"product_cat":[490],"product_tag":[],"series":[{"id":1338,"name":"Landeskunde Deutschland","slug":"landeskunde-deutschland"}],"publisher":[{"id":1315,"name":"Verlag f\u00fcr Deutsch","slug":"verlag-fur-deutsch"}],"class_list":{"0":"post-82226","1":"product","2":"type-product","3":"status-publish","4":"has-post-thumbnail","6":"product_cat-landeskunde","7":"series-landeskunde-deutschland","8":"publisher-verlag-fur-deutsch","10":"first","11":"onbackorder","12":"taxable","13":"shipping-taxable","14":"purchasable","15":"product-type-simple"},"acf":[],"_links":{"self":[{"href":"https:\/\/exlibris.ee\/ru\/wp-json\/wp\/v2\/product\/82226","targetHints":{"allow":["GET"]}}],"collection":[{"href":"https:\/\/exlibris.ee\/ru\/wp-json\/wp\/v2\/product"}],"about":[{"href":"https:\/\/exlibris.ee\/ru\/wp-json\/wp\/v2\/types\/product"}],"wp:featuredmedia":[{"embeddable":true,"href":"https:\/\/exlibris.ee\/ru\/wp-json\/wp\/v2\/media\/269943"}],"wp:attachment":[{"href":"https:\/\/exlibris.ee\/ru\/wp-json\/wp\/v2\/media?parent=82226"}],"wp:term":[{"taxonomy":"product_brand","embeddable":true,"href":"https:\/\/exlibris.ee\/ru\/wp-json\/wp\/v2\/product_brand?post=82226"},{"taxonomy":"product_cat","embeddable":true,"href":"https:\/\/exlibris.ee\/ru\/wp-json\/wp\/v2\/product_cat?post=82226"},{"taxonomy":"product_tag","embeddable":true,"href":"https:\/\/exlibris.ee\/ru\/wp-json\/wp\/v2\/product_tag?post=82226"},{"taxonomy":"series","embeddable":true,"href":"https:\/\/exlibris.ee\/ru\/wp-json\/wp\/v2\/series?post=82226"},{"taxonomy":"publisher","embeddable":true,"href":"https:\/\/exlibris.ee\/ru\/wp-json\/wp\/v2\/publisher?post=82226"}],"curies":[{"name":"wp","href":"https:\/\/api.w.org\/{rel}","templated":true}]}}