{"id":82229,"date":"2023-07-11T10:45:21","date_gmt":"2023-07-11T07:45:21","guid":{"rendered":"https:\/\/exlibris.ee\/toode\/landeskunde-deutschland-digital-teil-1-geografie-bevolkerung-migration-aktualisierte-fassung-2023-mit-kommunikativen-aufgaben-pdf-download\/"},"modified":"2026-04-05T15:36:55","modified_gmt":"2026-04-05T12:36:55","slug":"landeskunde-deutschland-digital-teil-1-geografie-bevolkerung-migration-aktualisierte-fassung-2023-mit-kommunikativen-aufgaben-pdf-download","status":"publish","type":"product","link":"https:\/\/exlibris.ee\/ru\/produkt\/landeskunde-deutschland-digital-teil-1-geografie-bevolkerung-migration-aktualisierte-fassung-2023-mit-kommunikativen-aufgaben-pdf-download\/","title":{"rendered":"Landeskunde Deutschland digital Teil 1: Geografie, Bev\u00f6lkerung, Migration. Aktualisierte Fassung 2023  mit Kommunikativen Aufgaben \/ PDF-Download"},"content":{"rendered":"<p>Zielgruppe: F\u00fcr den Landeskunde-Unterricht und f\u00fcr den landeskundlich interessierte Deutschlernende auf Niveau B2 -C2 Die Landeskunde Deutschland digital ist f\u00fcr den Online-Unterricht geeignet. Durch die Gliederung in 6 Teile ist sie thematisch optimal in den Unterricht integrierbar. Jeder Teil ist kombiniert mit zahlreichen downloadbaren kommunikativen Sprechaufgaben. Teil 1: Geografische Lage und Bev\u00f6lkerung \u2022 Deutschland heute mit Schwerpunkt auf Entwicklungen in Ost und West \u2022 Leseproben und aktuelle Infos zur Landeskunde unter www.deutsch-verlag.com \u2022 erscheint regelm\u00e4\u00dfig in einer aktualisierten Auflage \u2022 mit vielen neuen Fotos, Statistiken und Abbildungen \u2022 Themenauswahl: Zuwanderung, Rassismus im Alltag, Rechtsextremismus, b\u00fcrgerliches Engagement, Wohnungsmarkt, Kinderarmut, Grundsicherung, die Tafeln, repr\u00e4sentative Demokratie, Krise Europas, Schule und Hochschule, das duale System, Dichtung, Musik, Theater und Film, Homeoffice, Zeitarbeit, Mindestlohn, Energiewende, alternative Energien, neue Technologien \u2013 chronologischer historischer R\u00fcckblick \u2022 Neu: Hinweise auf die Klimakrise, die Energiekrise und die Folgen des Ukraine-Kriegs, Sorge um die Demokratie, Hinweise auf die Folgen der Corona-Krise wie Zunahme selbstbestimmten Arbeitens (Homeoffice), die Folgen f\u00fcr Theater, Musik und freie K\u00fcnstler und K\u00fcnstlerinnen und Auswirkungen auf die Wirtschaft.<\/p>\n","protected":false},"excerpt":{"rendered":"<p>Zielgruppe: F\u00fcr den Landeskunde-Unterricht und f\u00fcr den landeskundlich interessierte Deutschlernende auf Niveau B2 -C2 Die Landeskunde Deutschland digital ist f\u00fcr den Online-Unterricht geeignet. Durch die Gliederung in 6 Teile ist sie thematisch optimal in den Unterricht integrierbar. Jeder Teil ist&#8230;<\/p>\n","protected":false},"featured_media":82187,"template":"","meta":{"_acf_changed":false,"inline_featured_image":false},"product_brand":[],"product_cat":[490],"product_tag":[],"series":[{"id":1338,"name":"Landeskunde Deutschland","slug":"landeskunde-deutschland"}],"publisher":[{"id":1315,"name":"Verlag f\u00fcr Deutsch","slug":"verlag-fur-deutsch"}],"class_list":{"0":"post-82229","1":"product","2":"type-product","3":"status-publish","4":"has-post-thumbnail","6":"product_cat-landeskunde","7":"series-landeskunde-deutschland","8":"publisher-verlag-fur-deutsch","10":"first","11":"onbackorder","12":"taxable","13":"shipping-taxable","14":"purchasable","15":"product-type-simple"},"acf":[],"_links":{"self":[{"href":"https:\/\/exlibris.ee\/ru\/wp-json\/wp\/v2\/product\/82229","targetHints":{"allow":["GET"]}}],"collection":[{"href":"https:\/\/exlibris.ee\/ru\/wp-json\/wp\/v2\/product"}],"about":[{"href":"https:\/\/exlibris.ee\/ru\/wp-json\/wp\/v2\/types\/product"}],"wp:featuredmedia":[{"embeddable":true,"href":"https:\/\/exlibris.ee\/ru\/wp-json\/wp\/v2\/media\/82187"}],"wp:attachment":[{"href":"https:\/\/exlibris.ee\/ru\/wp-json\/wp\/v2\/media?parent=82229"}],"wp:term":[{"taxonomy":"product_brand","embeddable":true,"href":"https:\/\/exlibris.ee\/ru\/wp-json\/wp\/v2\/product_brand?post=82229"},{"taxonomy":"product_cat","embeddable":true,"href":"https:\/\/exlibris.ee\/ru\/wp-json\/wp\/v2\/product_cat?post=82229"},{"taxonomy":"product_tag","embeddable":true,"href":"https:\/\/exlibris.ee\/ru\/wp-json\/wp\/v2\/product_tag?post=82229"},{"taxonomy":"series","embeddable":true,"href":"https:\/\/exlibris.ee\/ru\/wp-json\/wp\/v2\/series?post=82229"},{"taxonomy":"publisher","embeddable":true,"href":"https:\/\/exlibris.ee\/ru\/wp-json\/wp\/v2\/publisher?post=82229"}],"curies":[{"name":"wp","href":"https:\/\/api.w.org\/{rel}","templated":true}]}}