{"id":82237,"date":"2023-07-11T10:45:21","date_gmt":"2023-07-11T07:45:21","guid":{"rendered":"https:\/\/exlibris.ee\/toode\/mats-und-die-wundersteine-eine-geschichte-zwei-enden-kinderbuch-deutsch-russisch-mit-mp3-horbuch-zum-herunterladen\/"},"modified":"2026-04-17T17:31:45","modified_gmt":"2026-04-17T14:31:45","slug":"mats-und-die-wundersteine-eine-geschichte-zwei-enden-kinderbuch-deutsch-russisch-mit-mp3-horbuch-zum-herunterladen","status":"publish","type":"product","link":"https:\/\/exlibris.ee\/ru\/produkt\/mats-und-die-wundersteine-eine-geschichte-zwei-enden-kinderbuch-deutsch-russisch-mit-mp3-horbuch-zum-herunterladen\/","title":{"rendered":"Mats und die Wundersteine  Eine Geschichte &#8212; zwei Enden \/ Kinderbuch Deutsch-Russisch mit MP3-H\u00f6rbuch zum Herunterladen"},"content":{"rendered":"<p>Zielgruppe: Kinder ab 4 Jahren Mats findet auf dem Inselberg einen Wunderstein. Der leuchtende Stein, der auch behagliche W\u00e4rme ausstrahlt, lockt die anderen Felsm\u00e4use herbei. Nat\u00fcrlich m\u00f6chte nun jede Maus einen solchen Wunderstein haben. Doch da meldet sich der alte Balthasar zu Wort: Die leuchtenden Steine geh\u00f6ren der Insel. Wer etwas von ihr nimmt, muss auch etwas zur\u00fcckgeben. Werden die Felsm\u00e4use auf Balthasars Warnung h\u00f6ren? Eine Parabel \u00fcber unseren Umgang mit der Umwelt, bei der der Leser mit den Felsm\u00e4usen gemeinsam Entscheidungen treffen muss: Wird die Habsucht der M\u00e4use zum Raubbau an der Insel f\u00fchren oder zeigen die M\u00e4use Respekt und Dankbarkeit? Durchgehend farbig illustriert.<\/p>\n","protected":false},"excerpt":{"rendered":"<p>Zielgruppe: Kinder ab 4 Jahren Mats findet auf dem Inselberg einen Wunderstein. Der leuchtende Stein, der auch behagliche W\u00e4rme ausstrahlt, lockt die anderen Felsm\u00e4use herbei. Nat\u00fcrlich m\u00f6chte nun jede Maus einen solchen Wunderstein haben. Doch da meldet sich der alte&#8230;<\/p>\n","protected":false},"featured_media":321614,"template":"","meta":{"_acf_changed":false,"inline_featured_image":false},"product_brand":[],"product_cat":[471],"product_tag":[],"series":[],"publisher":[{"id":1308,"name":"NordS\u00fcd","slug":"nordsud"}],"class_list":{"0":"post-82237","1":"product","2":"type-product","3":"status-publish","4":"has-post-thumbnail","6":"product_cat-lehrwerke-fur-kinder","7":"publisher-nordsud","9":"first","10":"onbackorder","11":"taxable","12":"shipping-taxable","13":"purchasable","14":"product-type-simple"},"acf":[],"_links":{"self":[{"href":"https:\/\/exlibris.ee\/ru\/wp-json\/wp\/v2\/product\/82237","targetHints":{"allow":["GET"]}}],"collection":[{"href":"https:\/\/exlibris.ee\/ru\/wp-json\/wp\/v2\/product"}],"about":[{"href":"https:\/\/exlibris.ee\/ru\/wp-json\/wp\/v2\/types\/product"}],"wp:featuredmedia":[{"embeddable":true,"href":"https:\/\/exlibris.ee\/ru\/wp-json\/wp\/v2\/media\/321614"}],"wp:attachment":[{"href":"https:\/\/exlibris.ee\/ru\/wp-json\/wp\/v2\/media?parent=82237"}],"wp:term":[{"taxonomy":"product_brand","embeddable":true,"href":"https:\/\/exlibris.ee\/ru\/wp-json\/wp\/v2\/product_brand?post=82237"},{"taxonomy":"product_cat","embeddable":true,"href":"https:\/\/exlibris.ee\/ru\/wp-json\/wp\/v2\/product_cat?post=82237"},{"taxonomy":"product_tag","embeddable":true,"href":"https:\/\/exlibris.ee\/ru\/wp-json\/wp\/v2\/product_tag?post=82237"},{"taxonomy":"series","embeddable":true,"href":"https:\/\/exlibris.ee\/ru\/wp-json\/wp\/v2\/series?post=82237"},{"taxonomy":"publisher","embeddable":true,"href":"https:\/\/exlibris.ee\/ru\/wp-json\/wp\/v2\/publisher?post=82237"}],"curies":[{"name":"wp","href":"https:\/\/api.w.org\/{rel}","templated":true}]}}