{"id":82335,"date":"2023-07-11T10:46:32","date_gmt":"2023-07-11T07:46:32","guid":{"rendered":"https:\/\/exlibris.ee\/toode\/herr-hase-frau-bar-kinderbuch-deutsch-russisch-mit-mp3-horbuch-zum-herunterladen\/"},"modified":"2026-04-16T17:45:55","modified_gmt":"2026-04-16T14:45:55","slug":"herr-hase-frau-bar-kinderbuch-deutsch-russisch-mit-mp3-horbuch-zum-herunterladen","status":"publish","type":"product","link":"https:\/\/exlibris.ee\/ru\/produkt\/herr-hase-frau-bar-kinderbuch-deutsch-russisch-mit-mp3-horbuch-zum-herunterladen\/","title":{"rendered":"Herr Hase &amp; Frau B\u00e4r  Kinderbuch Deutsch-Russisch mit MP3-H\u00f6rbuch zum Herunterladen"},"content":{"rendered":"<p>Zielgruppe: Kinder ab 4 Jahren Eine WG ist eine feine Sache: Jeder gibt einen Teil dazu und man ist selten alleine. Aber was geschieht, wenn die Mitbewohner so gar nicht zusammenpassen? Dieses Thema greift das humorvolle Bilderbuch Herr Hase und Frau B\u00e4r auf. Es eignet sich f\u00fcr Kinder ab vier Jahren und ist in zweisprachiger Ausf\u00fchrung f\u00fcr Deutsch und Russisch erh\u00e4ltlich. Die beiden Hauptfiguren erleben gemeinsam die Freuden und Schwierigkeiten des Zusammenlebens: Frau B\u00e4r mag es gem\u00fctlich. Sie isst f\u00fcrs Leben gerne Honigbrote und hinterl\u00e4sst mit ihren gro\u00dfen Tatzen auch hier und da mal ein paar klebrige Spuren. Sehr zum Missfallen von Herrn Hase. Denn Herr Hase ist ausgesprochen ordentlich. Kann eine solche Hausgemeinschaft gut gehen? Dieser Frage geht die Geschichte von Autorin Christa Kemper und Illustratorin Frauke Weldin nach. Eine witzige Reise zu Unterschieden und Gemeinsamkeiten, die zus\u00e4tzlich zum Buch auch als kostenloses MP3 H\u00f6rbuch erh\u00e4ltlich ist. Auch lieferbar in den Sprachversionen Deutsch\/Arabisch, Deutsch\/Englisch, Deutsch\/Franz\u00f6sisch, Deutsch\/Italienisch, Deutsch\/Spanisch und Deutsch\/T\u00fcrkisch.<\/p>\n","protected":false},"excerpt":{"rendered":"<p>Zielgruppe: Kinder ab 4 Jahren Eine WG ist eine feine Sache: Jeder gibt einen Teil dazu und man ist selten alleine. Aber was geschieht, wenn die Mitbewohner so gar nicht zusammenpassen? Dieses Thema greift das humorvolle Bilderbuch Herr Hase und&#8230;<\/p>\n","protected":false},"featured_media":304241,"template":"","meta":{"_acf_changed":false,"inline_featured_image":false},"product_brand":[],"product_cat":[471],"product_tag":[],"series":[],"publisher":[{"id":1308,"name":"NordS\u00fcd","slug":"nordsud"}],"class_list":{"0":"post-82335","1":"product","2":"type-product","3":"status-publish","4":"has-post-thumbnail","6":"product_cat-lehrwerke-fur-kinder","7":"publisher-nordsud","9":"first","10":"onbackorder","11":"taxable","12":"shipping-taxable","13":"purchasable","14":"product-type-simple"},"acf":[],"_links":{"self":[{"href":"https:\/\/exlibris.ee\/ru\/wp-json\/wp\/v2\/product\/82335","targetHints":{"allow":["GET"]}}],"collection":[{"href":"https:\/\/exlibris.ee\/ru\/wp-json\/wp\/v2\/product"}],"about":[{"href":"https:\/\/exlibris.ee\/ru\/wp-json\/wp\/v2\/types\/product"}],"wp:featuredmedia":[{"embeddable":true,"href":"https:\/\/exlibris.ee\/ru\/wp-json\/wp\/v2\/media\/304241"}],"wp:attachment":[{"href":"https:\/\/exlibris.ee\/ru\/wp-json\/wp\/v2\/media?parent=82335"}],"wp:term":[{"taxonomy":"product_brand","embeddable":true,"href":"https:\/\/exlibris.ee\/ru\/wp-json\/wp\/v2\/product_brand?post=82335"},{"taxonomy":"product_cat","embeddable":true,"href":"https:\/\/exlibris.ee\/ru\/wp-json\/wp\/v2\/product_cat?post=82335"},{"taxonomy":"product_tag","embeddable":true,"href":"https:\/\/exlibris.ee\/ru\/wp-json\/wp\/v2\/product_tag?post=82335"},{"taxonomy":"series","embeddable":true,"href":"https:\/\/exlibris.ee\/ru\/wp-json\/wp\/v2\/series?post=82335"},{"taxonomy":"publisher","embeddable":true,"href":"https:\/\/exlibris.ee\/ru\/wp-json\/wp\/v2\/publisher?post=82335"}],"curies":[{"name":"wp","href":"https:\/\/api.w.org\/{rel}","templated":true}]}}