{"id":82348,"date":"2023-07-11T10:46:33","date_gmt":"2023-07-11T07:46:33","guid":{"rendered":"https:\/\/exlibris.ee\/toode\/lindbergh-die-abenteuerliche-geschichte-einer-fliegenden-maus-kinderbuch-deutsch-russisch-mit-mp3-horbuch-zum-herunterladen\/"},"modified":"2026-04-18T17:21:12","modified_gmt":"2026-04-18T14:21:12","slug":"lindbergh-die-abenteuerliche-geschichte-einer-fliegenden-maus-kinderbuch-deutsch-russisch-mit-mp3-horbuch-zum-herunterladen","status":"publish","type":"product","link":"https:\/\/exlibris.ee\/ru\/produkt\/lindbergh-die-abenteuerliche-geschichte-einer-fliegenden-maus-kinderbuch-deutsch-russisch-mit-mp3-horbuch-zum-herunterladen\/","title":{"rendered":"Lindbergh  Die abenteuerliche Geschichte einer fliegenden Maus \/ Kinderbuch Deutsch-Russisch mit MP3-H\u00f6rbuch zum Herunterladen"},"content":{"rendered":"<p>Zweisprachiges Kinderbuch Deutsch-Russisch ab 6 Jahren In Hamburg lebt eine au\u00dfergew\u00f6hnliche kleine Maus. Eines Tages bemerkt sie, dass es gef\u00e4hrlich geworden ist, da wo sie wohnt. \u00dcberall lauern Mausefallen und Feinde. Nach und nach verschwinden ihre M\u00e4usefreunde. Aber wohin sind sie gefl\u00fcchtet? Nach Amerika? Die kleine Maus beschlie\u00dft, den weiten Weg \u00fcber den Atlantik zu wagen. N\u00e4chtelang bastelt sie an einem Flugzeug. Ein wildes Abenteuer nimmt seinen Anfang! Preise und Nominierungen (u.a.): Kinderbuchpreis des Landes Nordrhein-Westfalen 2016 Nominierung des Deutschen Jugendliteraturpreises 2015 Troisdorfer Bilderbuchpreis der Kinderjury 2015 Die sch\u00f6nsten deutschen B\u00fccher 2014 Leipziger Lesekompass 2013 Torben Kuhlmann studierte Illustration und Kommunikationsdesign an der HAW Hamburg mit Schwerpunkt Buchillustration. \u201eLindbergh\u201c ist Kuhlmanns erstes Bilderbuch und verdankt seinen Ideenreichtum Kuhlmanns geradezu kindlicher Begeisterung f\u00fcr kuriose Erfindungen und seinem Interesse an der abenteuerlichen Geschichte der Luftfahrt.<\/p>\n","protected":false},"excerpt":{"rendered":"<p>Zweisprachiges Kinderbuch Deutsch-Russisch ab 6 Jahren In Hamburg lebt eine au\u00dfergew\u00f6hnliche kleine Maus. Eines Tages bemerkt sie, dass es gef\u00e4hrlich geworden ist, da wo sie wohnt. \u00dcberall lauern Mausefallen und Feinde. Nach und nach verschwinden ihre M\u00e4usefreunde. Aber wohin sind&#8230;<\/p>\n","protected":false},"featured_media":338737,"template":"","meta":{"_acf_changed":false,"inline_featured_image":false},"product_brand":[],"product_cat":[471],"product_tag":[],"series":[],"publisher":[{"id":1308,"name":"NordS\u00fcd","slug":"nordsud"}],"class_list":{"0":"post-82348","1":"product","2":"type-product","3":"status-publish","4":"has-post-thumbnail","6":"product_cat-lehrwerke-fur-kinder","7":"publisher-nordsud","9":"first","10":"onbackorder","11":"taxable","12":"shipping-taxable","13":"purchasable","14":"product-type-simple"},"acf":[],"_links":{"self":[{"href":"https:\/\/exlibris.ee\/ru\/wp-json\/wp\/v2\/product\/82348","targetHints":{"allow":["GET"]}}],"collection":[{"href":"https:\/\/exlibris.ee\/ru\/wp-json\/wp\/v2\/product"}],"about":[{"href":"https:\/\/exlibris.ee\/ru\/wp-json\/wp\/v2\/types\/product"}],"wp:featuredmedia":[{"embeddable":true,"href":"https:\/\/exlibris.ee\/ru\/wp-json\/wp\/v2\/media\/338737"}],"wp:attachment":[{"href":"https:\/\/exlibris.ee\/ru\/wp-json\/wp\/v2\/media?parent=82348"}],"wp:term":[{"taxonomy":"product_brand","embeddable":true,"href":"https:\/\/exlibris.ee\/ru\/wp-json\/wp\/v2\/product_brand?post=82348"},{"taxonomy":"product_cat","embeddable":true,"href":"https:\/\/exlibris.ee\/ru\/wp-json\/wp\/v2\/product_cat?post=82348"},{"taxonomy":"product_tag","embeddable":true,"href":"https:\/\/exlibris.ee\/ru\/wp-json\/wp\/v2\/product_tag?post=82348"},{"taxonomy":"series","embeddable":true,"href":"https:\/\/exlibris.ee\/ru\/wp-json\/wp\/v2\/series?post=82348"},{"taxonomy":"publisher","embeddable":true,"href":"https:\/\/exlibris.ee\/ru\/wp-json\/wp\/v2\/publisher?post=82348"}],"curies":[{"name":"wp","href":"https:\/\/api.w.org\/{rel}","templated":true}]}}