{"id":82350,"date":"2023-07-11T10:46:33","date_gmt":"2023-07-11T07:46:33","guid":{"rendered":"https:\/\/exlibris.ee\/toode\/willkommen-in-deutschland-deutsch-als-zweitsprache-fur-jugendliche-heft-i-ubungsheft-i-mit-losungen\/"},"modified":"2026-04-07T23:12:36","modified_gmt":"2026-04-07T20:12:36","slug":"willkommen-in-deutschland-deutsch-als-zweitsprache-fur-jugendliche-heft-i-ubungsheft-i-mit-losungen","status":"publish","type":"product","link":"https:\/\/exlibris.ee\/ru\/produkt\/willkommen-in-deutschland-deutsch-als-zweitsprache-fur-jugendliche-heft-i-ubungsheft-i-mit-losungen\/","title":{"rendered":"Willkommen in Deutschland \u2013 Deutsch als Zweitsprache f\u00fcr Jugendliche, Heft I  \u00dcbungsheft I mit L\u00f6sungen"},"content":{"rendered":"<p>Klassenstufe: 7. bis 13. Schuljahr Themen und Kerninhalte des \u00dcbungsheftes I: &#8212; Modul 1: Hallo! &#8212; Modul 2: In der Schule &#8212; Modul 3: Unterwegs &#8212; Modul 4: Wir &#8212; Modul 5: Ich \u2013 Was mir wichtig ist &#8212; Modul 6: In Deutschland angekommen.<\/p>\n","protected":false},"excerpt":{"rendered":"<p>Klassenstufe: 7. bis 13. Schuljahr Themen und Kerninhalte des \u00dcbungsheftes I: &#8212; Modul 1: Hallo! &#8212; Modul 2: In der Schule &#8212; Modul 3: Unterwegs &#8212; Modul 4: Wir &#8212; Modul 5: Ich \u2013 Was mir wichtig ist &#8212; Modul&#8230;<\/p>\n","protected":false},"featured_media":82303,"template":"","meta":{"_acf_changed":false,"inline_featured_image":false},"product_brand":[],"product_cat":[503],"product_tag":[],"series":[{"id":1346,"name":"Willkommen in Deutschland","slug":"willkommen-in-deutschland"}],"publisher":[{"id":1343,"name":"Mildenberger Verlag","slug":"mildenberger-verlag"}],"class_list":{"0":"post-82350","1":"product","2":"type-product","3":"status-publish","4":"has-post-thumbnail","6":"product_cat-lernen-mit-bildern-und-spielen","7":"series-willkommen-in-deutschland","8":"publisher-mildenberger-verlag","10":"first","11":"onbackorder","12":"taxable","13":"shipping-taxable","14":"purchasable","15":"product-type-simple"},"acf":[],"_links":{"self":[{"href":"https:\/\/exlibris.ee\/ru\/wp-json\/wp\/v2\/product\/82350","targetHints":{"allow":["GET"]}}],"collection":[{"href":"https:\/\/exlibris.ee\/ru\/wp-json\/wp\/v2\/product"}],"about":[{"href":"https:\/\/exlibris.ee\/ru\/wp-json\/wp\/v2\/types\/product"}],"wp:featuredmedia":[{"embeddable":true,"href":"https:\/\/exlibris.ee\/ru\/wp-json\/wp\/v2\/media\/82303"}],"wp:attachment":[{"href":"https:\/\/exlibris.ee\/ru\/wp-json\/wp\/v2\/media?parent=82350"}],"wp:term":[{"taxonomy":"product_brand","embeddable":true,"href":"https:\/\/exlibris.ee\/ru\/wp-json\/wp\/v2\/product_brand?post=82350"},{"taxonomy":"product_cat","embeddable":true,"href":"https:\/\/exlibris.ee\/ru\/wp-json\/wp\/v2\/product_cat?post=82350"},{"taxonomy":"product_tag","embeddable":true,"href":"https:\/\/exlibris.ee\/ru\/wp-json\/wp\/v2\/product_tag?post=82350"},{"taxonomy":"series","embeddable":true,"href":"https:\/\/exlibris.ee\/ru\/wp-json\/wp\/v2\/series?post=82350"},{"taxonomy":"publisher","embeddable":true,"href":"https:\/\/exlibris.ee\/ru\/wp-json\/wp\/v2\/publisher?post=82350"}],"curies":[{"name":"wp","href":"https:\/\/api.w.org\/{rel}","templated":true}]}}