{"id":82354,"date":"2023-07-11T10:46:34","date_gmt":"2023-07-11T07:46:34","guid":{"rendered":"https:\/\/exlibris.ee\/toode\/interpol-ermittelt-deutsch-lernen-fur-krimi-fans-die-kunst-die-richtigen-fragen-zu-stellen-sprachspiel\/"},"modified":"2026-04-04T05:14:35","modified_gmt":"2026-04-04T02:14:35","slug":"interpol-ermittelt-deutsch-lernen-fur-krimi-fans-die-kunst-die-richtigen-fragen-zu-stellen-sprachspiel","status":"publish","type":"product","link":"https:\/\/exlibris.ee\/ru\/produkt\/interpol-ermittelt-deutsch-lernen-fur-krimi-fans-die-kunst-die-richtigen-fragen-zu-stellen-sprachspiel\/","title":{"rendered":"Interpol ermittelt \u2013 Deutsch lernen f\u00fcr Krimi-Fans  Die Kunst, die richtigen Fragen zu stellen \/ Sprachspiel"},"content":{"rendered":"<p>Auf spannende Art und Weise Deutsch lernen: In dem Krimispiel &#171;&#187;Interpol ermittelt. Die Kunst, die richtigen Fragen zu stellen&#187;&#187; gilt es, knifflige Kriminalf\u00e4lle aufzukl\u00e4ren und den T\u00e4ter zu \u00fcberf\u00fchren. Ein Spieler ist der T\u00e4ter, die Mitspieler bilden das Ermittlerteam. Zu Beginn jeder Runde wird ein Fall vorgetragen. Die Ermittler erhalten Ermittlungskarten und versuchen dann, durch die richtigen Fragen die Tatfakten herauszufinden. Gelingt ihnen das, gewinnt das Ermittlerteam. Der T\u00e4ter gewinnt, wenn er fl\u00fcchten kann, d. h. wenn er nach einer bestimmten Anzahl ausgespielter Ermittlungskarten noch nicht \u00fcberf\u00fchrt werden konnte. Das Spielmaterial: 30 Karten mit Krimiplots und den Tatfakten auf der R\u00fcckseite 100 Ermittlungskarten zu T\u00e4ter, Motiv, Waffe, Zeit, Ort etc. 6 Fragekarten 1 Spielanleitung Besonderheiten: &#8212; Zu zweit oder in gr\u00f6\u00dferer Runde spielbar &#8212; F\u00fcr alle Krimi-Fans: Die Spieler schl\u00fcpfen in die Rollen von T\u00e4ter und Ermittler. &#8212; Die Spieler verbessern ihre F\u00e4higkeit, Fragen richtig zu formulieren und lernen neue Vokabeln. &#8212; Je 10 leichte, mittelschwere und schwere F\u00e4lle sind zu l\u00f6sen &#8212; Spannend und unterhaltsam, der Lerneffekt kommt ganz nebenbei.<\/p>\n","protected":false},"excerpt":{"rendered":"<p>Auf spannende Art und Weise Deutsch lernen: In dem Krimispiel &#171;&#187;Interpol ermittelt. Die Kunst, die richtigen Fragen zu stellen&#187;&#187; gilt es, knifflige Kriminalf\u00e4lle aufzukl\u00e4ren und den T\u00e4ter zu \u00fcberf\u00fchren. Ein Spieler ist der T\u00e4ter, die Mitspieler bilden das Ermittlerteam. Zu&#8230;<\/p>\n","protected":false},"featured_media":82315,"template":"","meta":{"_acf_changed":false,"inline_featured_image":false},"product_brand":[],"product_cat":[503],"product_tag":[],"series":[],"publisher":[{"id":983,"name":"Grubbe Media","slug":"grubbe-media"}],"class_list":{"0":"post-82354","1":"product","2":"type-product","3":"status-publish","4":"has-post-thumbnail","6":"product_cat-lernen-mit-bildern-und-spielen","7":"publisher-grubbe-media","9":"first","10":"instock","11":"taxable","12":"shipping-taxable","13":"purchasable","14":"product-type-simple"},"acf":[],"_links":{"self":[{"href":"https:\/\/exlibris.ee\/ru\/wp-json\/wp\/v2\/product\/82354","targetHints":{"allow":["GET"]}}],"collection":[{"href":"https:\/\/exlibris.ee\/ru\/wp-json\/wp\/v2\/product"}],"about":[{"href":"https:\/\/exlibris.ee\/ru\/wp-json\/wp\/v2\/types\/product"}],"wp:featuredmedia":[{"embeddable":true,"href":"https:\/\/exlibris.ee\/ru\/wp-json\/wp\/v2\/media\/82315"}],"wp:attachment":[{"href":"https:\/\/exlibris.ee\/ru\/wp-json\/wp\/v2\/media?parent=82354"}],"wp:term":[{"taxonomy":"product_brand","embeddable":true,"href":"https:\/\/exlibris.ee\/ru\/wp-json\/wp\/v2\/product_brand?post=82354"},{"taxonomy":"product_cat","embeddable":true,"href":"https:\/\/exlibris.ee\/ru\/wp-json\/wp\/v2\/product_cat?post=82354"},{"taxonomy":"product_tag","embeddable":true,"href":"https:\/\/exlibris.ee\/ru\/wp-json\/wp\/v2\/product_tag?post=82354"},{"taxonomy":"series","embeddable":true,"href":"https:\/\/exlibris.ee\/ru\/wp-json\/wp\/v2\/series?post=82354"},{"taxonomy":"publisher","embeddable":true,"href":"https:\/\/exlibris.ee\/ru\/wp-json\/wp\/v2\/publisher?post=82354"}],"curies":[{"name":"wp","href":"https:\/\/api.w.org\/{rel}","templated":true}]}}