{"id":82587,"date":"2023-07-11T10:48:12","date_gmt":"2023-07-11T07:48:12","guid":{"rendered":"https:\/\/exlibris.ee\/toode\/lese-und-lernprofi-4-schulerarbeitsheft-silbierte-ausgabe-sinnerfassend-lesen-lernen-mit-julia-und-michael-den-leseprofis-leseheft\/"},"modified":"2026-04-17T17:35:28","modified_gmt":"2026-04-17T14:35:28","slug":"lese-und-lernprofi-4-schulerarbeitsheft-silbierte-ausgabe-sinnerfassend-lesen-lernen-mit-julia-und-michael-den-leseprofis-leseheft","status":"publish","type":"product","link":"https:\/\/exlibris.ee\/ru\/produkt\/lese-und-lernprofi-4-schulerarbeitsheft-silbierte-ausgabe-sinnerfassend-lesen-lernen-mit-julia-und-michael-den-leseprofis-leseheft\/","title":{"rendered":"Lese- und Lernprofi 4 \u2013 Sch\u00fclerarbeitsheft \u2013 silbierte Ausgabe  Sinnerfassend lesen lernen mit Julia und Michael, den Leseprofis \/ Leseheft"},"content":{"rendered":"<p>Klassenstufe: 4. Schuljahr Sinnerfassend lesen lernen mit Julia und Michael, den Leseprofis. In der Reihe \u201eLese- und Lernprofi\u201c wird der Erwerb von Lesekompetenz geschickt mit dem systematischen Training von Lerntechniken und Lernstrategien kombiniert. Anhand zahlreicher \u00dcbungen lernen die Sch\u00fclerinnen und Sch\u00fcler das sinnerfassende Lesen, indem sie Texte nicht nur durchlesen, sondern auch inhaltlich und formal bearbeiten. Sie beantworten Verst\u00e4ndnisfragen, l\u00f6sen R\u00e4tsel, finden Synonyme, suchen Reimw\u00f6rter, \u00fcben logisches Denken und lernen gleichzeitig verschiedene Textsorten und Literaturgattungen kennen. Viele bunte Illustrationen erleichtern den Zugang zu den Inhalten der Texte und steigern die Motivation. Silbierte Ausgabe mit farbigem Silbentrenner in blau\/rot.<\/p>\n","protected":false},"excerpt":{"rendered":"<p>Klassenstufe: 4. Schuljahr Sinnerfassend lesen lernen mit Julia und Michael, den Leseprofis. In der Reihe \u201eLese- und Lernprofi\u201c wird der Erwerb von Lesekompetenz geschickt mit dem systematischen Training von Lerntechniken und Lernstrategien kombiniert. Anhand zahlreicher \u00dcbungen lernen die Sch\u00fclerinnen und&#8230;<\/p>\n","protected":false},"featured_media":321809,"template":"","meta":{"_acf_changed":false,"inline_featured_image":false},"product_brand":[],"product_cat":[851],"product_tag":[],"series":[{"id":1347,"name":"Lese- und Lernprofi","slug":"lese-und-lernprofi"}],"publisher":[{"id":1343,"name":"Mildenberger Verlag","slug":"mildenberger-verlag"}],"class_list":{"0":"post-82587","1":"product","2":"type-product","3":"status-publish","4":"has-post-thumbnail","6":"product_cat-lesetexte-deutsch","7":"series-lese-und-lernprofi","8":"publisher-mildenberger-verlag","10":"first","11":"onbackorder","12":"taxable","13":"shipping-taxable","14":"purchasable","15":"product-type-simple"},"acf":[],"_links":{"self":[{"href":"https:\/\/exlibris.ee\/ru\/wp-json\/wp\/v2\/product\/82587","targetHints":{"allow":["GET"]}}],"collection":[{"href":"https:\/\/exlibris.ee\/ru\/wp-json\/wp\/v2\/product"}],"about":[{"href":"https:\/\/exlibris.ee\/ru\/wp-json\/wp\/v2\/types\/product"}],"wp:featuredmedia":[{"embeddable":true,"href":"https:\/\/exlibris.ee\/ru\/wp-json\/wp\/v2\/media\/321809"}],"wp:attachment":[{"href":"https:\/\/exlibris.ee\/ru\/wp-json\/wp\/v2\/media?parent=82587"}],"wp:term":[{"taxonomy":"product_brand","embeddable":true,"href":"https:\/\/exlibris.ee\/ru\/wp-json\/wp\/v2\/product_brand?post=82587"},{"taxonomy":"product_cat","embeddable":true,"href":"https:\/\/exlibris.ee\/ru\/wp-json\/wp\/v2\/product_cat?post=82587"},{"taxonomy":"product_tag","embeddable":true,"href":"https:\/\/exlibris.ee\/ru\/wp-json\/wp\/v2\/product_tag?post=82587"},{"taxonomy":"series","embeddable":true,"href":"https:\/\/exlibris.ee\/ru\/wp-json\/wp\/v2\/series?post=82587"},{"taxonomy":"publisher","embeddable":true,"href":"https:\/\/exlibris.ee\/ru\/wp-json\/wp\/v2\/publisher?post=82587"}],"curies":[{"name":"wp","href":"https:\/\/api.w.org\/{rel}","templated":true}]}}