{"id":82619,"date":"2023-07-11T10:48:15","date_gmt":"2023-07-11T07:48:15","guid":{"rendered":"https:\/\/exlibris.ee\/toode\/sags-besser-teil-2-ein-arbeitsbuch-fur-fortgeschrittene-pdf-download\/"},"modified":"2026-04-16T17:50:02","modified_gmt":"2026-04-16T14:50:02","slug":"sags-besser-teil-2-ein-arbeitsbuch-fur-fortgeschrittene-pdf-download","status":"publish","type":"product","link":"https:\/\/exlibris.ee\/ru\/produkt\/sags-besser-teil-2-ein-arbeitsbuch-fur-fortgeschrittene-pdf-download\/","title":{"rendered":"Sag\u00b4s besser! (Teil 2)  Ein Arbeitsbuch f\u00fcr Fortgeschrittene \/ PDF-Download"},"content":{"rendered":"<p>\u00dcbungsziele: &#8212; Festigung und Vertiefung der Grammatikkenntnisse &#8212; Erweiterung des Wortschatzes &#8212; Verbesserung der m\u00fcndlichen und schriftlichen Ausdrucksf\u00e4higkeit, auch f\u00fcr Muttersprachler \u00dcbungsschwerpunkte: &#8212; Pr\u00e4zisierung des Ausdrucks durch Verbvorsilben und feste Nomen-Verb-Verbindungen &#8212; objektive und sprecherbezogene Bedeutung der Modalverben &#8212; komplexere syntaktische Strukturen; erweiterte Textger\u00fcste &#8212; Beschreibung von Sprechhandlungen Einsatzm\u00f6glichkeiten: &#8212; Mit dem L\u00f6sungsschl\u00fcssel geeignet f\u00fcr Selbstlerner, die sich auf Pr\u00fcfungen oder einen Deutschlandaufenthalt vorbereiten wollen &#8212; Kurstragend oder kurserg\u00e4nzend in fortgeschrittenen Sprachkursen.<\/p>\n","protected":false},"excerpt":{"rendered":"<p>\u00dcbungsziele: &#8212; Festigung und Vertiefung der Grammatikkenntnisse &#8212; Erweiterung des Wortschatzes &#8212; Verbesserung der m\u00fcndlichen und schriftlichen Ausdrucksf\u00e4higkeit, auch f\u00fcr Muttersprachler \u00dcbungsschwerpunkte: &#8212; Pr\u00e4zisierung des Ausdrucks durch Verbvorsilben und feste Nomen-Verb-Verbindungen &#8212; objektive und sprecherbezogene Bedeutung der Modalverben &#8212; komplexere&#8230;<\/p>\n","protected":false},"featured_media":304491,"template":"","meta":{"_acf_changed":false,"inline_featured_image":false},"product_brand":[],"product_cat":[558],"product_tag":[],"series":[],"publisher":[{"id":1315,"name":"Verlag f\u00fcr Deutsch","slug":"verlag-fur-deutsch"}],"class_list":{"0":"post-82619","1":"product","2":"type-product","3":"status-publish","4":"has-post-thumbnail","6":"product_cat-deutsch-uben","7":"publisher-verlag-fur-deutsch","9":"first","10":"onbackorder","11":"taxable","12":"shipping-taxable","13":"purchasable","14":"product-type-simple"},"acf":[],"_links":{"self":[{"href":"https:\/\/exlibris.ee\/ru\/wp-json\/wp\/v2\/product\/82619","targetHints":{"allow":["GET"]}}],"collection":[{"href":"https:\/\/exlibris.ee\/ru\/wp-json\/wp\/v2\/product"}],"about":[{"href":"https:\/\/exlibris.ee\/ru\/wp-json\/wp\/v2\/types\/product"}],"wp:featuredmedia":[{"embeddable":true,"href":"https:\/\/exlibris.ee\/ru\/wp-json\/wp\/v2\/media\/304491"}],"wp:attachment":[{"href":"https:\/\/exlibris.ee\/ru\/wp-json\/wp\/v2\/media?parent=82619"}],"wp:term":[{"taxonomy":"product_brand","embeddable":true,"href":"https:\/\/exlibris.ee\/ru\/wp-json\/wp\/v2\/product_brand?post=82619"},{"taxonomy":"product_cat","embeddable":true,"href":"https:\/\/exlibris.ee\/ru\/wp-json\/wp\/v2\/product_cat?post=82619"},{"taxonomy":"product_tag","embeddable":true,"href":"https:\/\/exlibris.ee\/ru\/wp-json\/wp\/v2\/product_tag?post=82619"},{"taxonomy":"series","embeddable":true,"href":"https:\/\/exlibris.ee\/ru\/wp-json\/wp\/v2\/series?post=82619"},{"taxonomy":"publisher","embeddable":true,"href":"https:\/\/exlibris.ee\/ru\/wp-json\/wp\/v2\/publisher?post=82619"}],"curies":[{"name":"wp","href":"https:\/\/api.w.org\/{rel}","templated":true}]}}