{"id":82623,"date":"2023-07-11T10:48:15","date_gmt":"2023-07-11T07:48:15","guid":{"rendered":"https:\/\/exlibris.ee\/toode\/bakabu-und-der-feuervulkan-eine-zweisprachige-bakabu-geschichte-zum-thema-flucht-kinderbuch-deutsch-ukrainisch-hardcover\/"},"modified":"2026-04-07T05:22:17","modified_gmt":"2026-04-07T02:22:17","slug":"bakabu-und-der-feuervulkan-eine-zweisprachige-bakabu-geschichte-zum-thema-flucht-kinderbuch-deutsch-ukrainisch-hardcover","status":"publish","type":"product","link":"https:\/\/exlibris.ee\/ru\/produkt\/bakabu-und-der-feuervulkan-eine-zweisprachige-bakabu-geschichte-zum-thema-flucht-kinderbuch-deutsch-ukrainisch-hardcover\/","title":{"rendered":"Bakabu und der Feuervulkan  Eine zweisprachige Bakabu-Geschichte zum Thema Flucht \/ Kinderbuch Deutsch-Ukrainisch (Hardcover)"},"content":{"rendered":"<p>Broschur-Ausgabe Zweisprachiges Kinderbuch (Deutsch-Ukrainisch) ab 3 Jahren Hallo, ich bin Bakabu. Ich bin ein Ohrwurm und wohne im Singeland im kleinen D\u00f6rfchen Hornhausen. Ich liebe nichts mehr als Musik. Allerdings bringt die Musik oft auch ziemlich aufregende Abenteuer mit sich. Im neuen Abenteuer \u201eBakabu und der Feuervulkan\u201c wird Hornhausen von einem gef\u00e4hrlichen Vulkan bedroht. Bakabu und seine Freunde m\u00fcssen weg. Schnell packen sie das Notwendigste zusammen und begeben sich auf eine abenteuerliche Reise \u00fcber den Stillen Ozean. Nach einer langen Fahrt landen sie auf einer unbekannten Insel, auf der sie von seltsamen Wesen empfangen werden. Doch schnell findet sich etwas, das alle gemeinsam haben: Musik. Und die hilft auch gegen die b\u00f6sen Tr\u00e4ume, die Bakabu und seine Freunde verfolgen \u2026 Das Buch richtet sich speziell an gefl\u00fcchtete Kinder aus der Ukraine. Es wurde gemeinsam mit einer Psychotherapeutin entwickelt und zweisprachig Deutsch-Ukrainisch angelegt. Die Geschichte m\u00f6chte Kindern zeigen, dass es normal ist, Angst zu haben, dass es auch anderen so geht und was helfen kann, damit es wieder besser wird. Es gibt zwei neue Bakabu-Lieder, die via QR-Code auf Deutsch und Ukrainisch heruntergeladen werden k\u00f6nnen. Die H\u00f6rbuchfassung der ganzen Geschichte ist ebenfalls auf Deutsch und Ukrainisch mittels QR-Code abrufbar. Bakabu ist eine eingef\u00fchrte Figur im Kindergarten-, Vor- und Grundschulbereich. Das Buch zum Thema Flucht ist daher eine ideale Unterst\u00fctzung f\u00fcr das Fachpersonal, mit Kindern \u00fcber diese Thematik zu sprechen und ihnen die \u00c4ngste zu nehmen.<\/p>\n","protected":false},"excerpt":{"rendered":"<p>Broschur-Ausgabe Zweisprachiges Kinderbuch (Deutsch-Ukrainisch) ab 3 Jahren Hallo, ich bin Bakabu. Ich bin ein Ohrwurm und wohne im Singeland im kleinen D\u00f6rfchen Hornhausen. Ich liebe nichts mehr als Musik. Allerdings bringt die Musik oft auch ziemlich aufregende Abenteuer mit sich&#8230;.<\/p>\n","protected":false},"featured_media":82502,"template":"","meta":{"_acf_changed":false,"inline_featured_image":false},"product_brand":[],"product_cat":[851],"product_tag":[],"series":[],"publisher":[{"id":1351,"name":"Vermes-Verlag","slug":"vermes-verlag"}],"class_list":{"0":"post-82623","1":"product","2":"type-product","3":"status-publish","4":"has-post-thumbnail","6":"product_cat-lesetexte-deutsch","7":"publisher-vermes-verlag","9":"first","10":"onbackorder","11":"taxable","12":"shipping-taxable","13":"purchasable","14":"product-type-simple"},"acf":[],"_links":{"self":[{"href":"https:\/\/exlibris.ee\/ru\/wp-json\/wp\/v2\/product\/82623","targetHints":{"allow":["GET"]}}],"collection":[{"href":"https:\/\/exlibris.ee\/ru\/wp-json\/wp\/v2\/product"}],"about":[{"href":"https:\/\/exlibris.ee\/ru\/wp-json\/wp\/v2\/types\/product"}],"wp:featuredmedia":[{"embeddable":true,"href":"https:\/\/exlibris.ee\/ru\/wp-json\/wp\/v2\/media\/82502"}],"wp:attachment":[{"href":"https:\/\/exlibris.ee\/ru\/wp-json\/wp\/v2\/media?parent=82623"}],"wp:term":[{"taxonomy":"product_brand","embeddable":true,"href":"https:\/\/exlibris.ee\/ru\/wp-json\/wp\/v2\/product_brand?post=82623"},{"taxonomy":"product_cat","embeddable":true,"href":"https:\/\/exlibris.ee\/ru\/wp-json\/wp\/v2\/product_cat?post=82623"},{"taxonomy":"product_tag","embeddable":true,"href":"https:\/\/exlibris.ee\/ru\/wp-json\/wp\/v2\/product_tag?post=82623"},{"taxonomy":"series","embeddable":true,"href":"https:\/\/exlibris.ee\/ru\/wp-json\/wp\/v2\/series?post=82623"},{"taxonomy":"publisher","embeddable":true,"href":"https:\/\/exlibris.ee\/ru\/wp-json\/wp\/v2\/publisher?post=82623"}],"curies":[{"name":"wp","href":"https:\/\/api.w.org\/{rel}","templated":true}]}}