{"id":82625,"date":"2023-07-11T10:48:16","date_gmt":"2023-07-11T07:48:16","guid":{"rendered":"https:\/\/exlibris.ee\/toode\/lehr-und-ubungsbuch-der-deutschen-grammatik-neubearbeitung-pdf-download-losungsschlussel\/"},"modified":"2026-04-07T23:13:22","modified_gmt":"2026-04-07T20:13:22","slug":"lehr-und-ubungsbuch-der-deutschen-grammatik-neubearbeitung-pdf-download-losungsschlussel","status":"publish","type":"product","link":"https:\/\/exlibris.ee\/ru\/produkt\/lehr-und-ubungsbuch-der-deutschen-grammatik-neubearbeitung-pdf-download-losungsschlussel\/","title":{"rendered":"Lehr- und \u00dcbungsbuch der deutschen Grammatik \u2013 Neubearbeitung  PDF-Download L\u00f6sungsschl\u00fcssel"},"content":{"rendered":"<p>L\u00f6sungen zu allen \u00dcbungen.<\/p>\n","protected":false},"excerpt":{"rendered":"<p>L\u00f6sungen zu allen \u00dcbungen.<\/p>\n","protected":false},"featured_media":82508,"template":"","meta":{"_acf_changed":false,"inline_featured_image":false},"product_brand":[],"product_cat":[480],"product_tag":[],"series":[{"id":1352,"name":"Lehr- und \u00dcbungsbuch","slug":"lehr-und-ubungsbuch"}],"publisher":[{"id":1315,"name":"Verlag f\u00fcr Deutsch","slug":"verlag-fur-deutsch"}],"class_list":{"0":"post-82625","1":"product","2":"type-product","3":"status-publish","4":"has-post-thumbnail","6":"product_cat-grammatiken","7":"series-lehr-und-ubungsbuch","8":"publisher-verlag-fur-deutsch","10":"first","11":"onbackorder","12":"taxable","13":"shipping-taxable","14":"purchasable","15":"product-type-simple"},"acf":[],"_links":{"self":[{"href":"https:\/\/exlibris.ee\/ru\/wp-json\/wp\/v2\/product\/82625","targetHints":{"allow":["GET"]}}],"collection":[{"href":"https:\/\/exlibris.ee\/ru\/wp-json\/wp\/v2\/product"}],"about":[{"href":"https:\/\/exlibris.ee\/ru\/wp-json\/wp\/v2\/types\/product"}],"wp:featuredmedia":[{"embeddable":true,"href":"https:\/\/exlibris.ee\/ru\/wp-json\/wp\/v2\/media\/82508"}],"wp:attachment":[{"href":"https:\/\/exlibris.ee\/ru\/wp-json\/wp\/v2\/media?parent=82625"}],"wp:term":[{"taxonomy":"product_brand","embeddable":true,"href":"https:\/\/exlibris.ee\/ru\/wp-json\/wp\/v2\/product_brand?post=82625"},{"taxonomy":"product_cat","embeddable":true,"href":"https:\/\/exlibris.ee\/ru\/wp-json\/wp\/v2\/product_cat?post=82625"},{"taxonomy":"product_tag","embeddable":true,"href":"https:\/\/exlibris.ee\/ru\/wp-json\/wp\/v2\/product_tag?post=82625"},{"taxonomy":"series","embeddable":true,"href":"https:\/\/exlibris.ee\/ru\/wp-json\/wp\/v2\/series?post=82625"},{"taxonomy":"publisher","embeddable":true,"href":"https:\/\/exlibris.ee\/ru\/wp-json\/wp\/v2\/publisher?post=82625"}],"curies":[{"name":"wp","href":"https:\/\/api.w.org\/{rel}","templated":true}]}}