{"id":82634,"date":"2023-07-11T10:48:17","date_gmt":"2023-07-11T07:48:17","guid":{"rendered":"https:\/\/exlibris.ee\/toode\/willkommen-in-deutschland-das-kann-ich-schon-lernstandsuberprufungen-zu-den-themen-deutsch-als-zweitsprache-in-der-grundschule-arbeitsheft\/"},"modified":"2026-04-16T17:51:48","modified_gmt":"2026-04-16T14:51:48","slug":"willkommen-in-deutschland-das-kann-ich-schon-lernstandsuberprufungen-zu-den-themen-deutsch-als-zweitsprache-in-der-grundschule-arbeitsheft","status":"publish","type":"product","link":"https:\/\/exlibris.ee\/ru\/produkt\/willkommen-in-deutschland-das-kann-ich-schon-lernstandsuberprufungen-zu-den-themen-deutsch-als-zweitsprache-in-der-grundschule-arbeitsheft\/","title":{"rendered":"Willkommen in Deutschland &#8212; Das kann ich schon  Lernstands\u00fcberpr\u00fcfungen zu den Themen Deutsch als Zweitsprache in der Grundschule \/ Arbeitsheft"},"content":{"rendered":"<p>Das Arbeitsheft Willkommen in Deutschland \u2013 Das kann ich schon erm\u00f6glicht Lernstands\u00fcberpr\u00fcfungen im Fachgebiet Deutsch, DaZ\/DaF. Die Lernstands\u00fcberpr\u00fcfungen sind abgestimmt auf die \u00dcbungshefte \u201eWillkommen in Deutschland\u201c I und II, k\u00f6nnen aber auch unabh\u00e4ngig davon verwendet werden.  &#8212; geeignet f\u00fcr das 2. bis 6. Schuljahr an Grund- und Hauptschule, Realschule, F\u00f6rderschule und in der Orientierungsstufe &#8212; Arbeitsheft mit Kopierrecht &#8212; 20 Themen (z. B. Vorstellung, Zahlen, In der Schule, Familie, Verkehrsmittel usw.) &#8212; mit L\u00f6sungen zur Selbstkontrolle und einfachen \u00dcberpr\u00fcfung &#8212; perforierte Seiten zum leichten Heraustrennen &#8212; farbiger Silbentrenner.<\/p>\n","protected":false},"excerpt":{"rendered":"<p>Das Arbeitsheft Willkommen in Deutschland \u2013 Das kann ich schon erm\u00f6glicht Lernstands\u00fcberpr\u00fcfungen im Fachgebiet Deutsch, DaZ\/DaF. Die Lernstands\u00fcberpr\u00fcfungen sind abgestimmt auf die \u00dcbungshefte \u201eWillkommen in Deutschland\u201c I und II, k\u00f6nnen aber auch unabh\u00e4ngig davon verwendet werden. &#8212; geeignet f\u00fcr das&#8230;<\/p>\n","protected":false},"featured_media":304533,"template":"","meta":{"_acf_changed":false,"inline_featured_image":false},"product_brand":[],"product_cat":[503],"product_tag":[],"series":[{"id":1346,"name":"Willkommen in Deutschland","slug":"willkommen-in-deutschland"}],"publisher":[{"id":1343,"name":"Mildenberger Verlag","slug":"mildenberger-verlag"}],"class_list":{"0":"post-82634","1":"product","2":"type-product","3":"status-publish","4":"has-post-thumbnail","6":"product_cat-lernen-mit-bildern-und-spielen","7":"series-willkommen-in-deutschland","8":"publisher-mildenberger-verlag","10":"first","11":"onbackorder","12":"taxable","13":"shipping-taxable","14":"purchasable","15":"product-type-simple"},"acf":[],"_links":{"self":[{"href":"https:\/\/exlibris.ee\/ru\/wp-json\/wp\/v2\/product\/82634","targetHints":{"allow":["GET"]}}],"collection":[{"href":"https:\/\/exlibris.ee\/ru\/wp-json\/wp\/v2\/product"}],"about":[{"href":"https:\/\/exlibris.ee\/ru\/wp-json\/wp\/v2\/types\/product"}],"wp:featuredmedia":[{"embeddable":true,"href":"https:\/\/exlibris.ee\/ru\/wp-json\/wp\/v2\/media\/304533"}],"wp:attachment":[{"href":"https:\/\/exlibris.ee\/ru\/wp-json\/wp\/v2\/media?parent=82634"}],"wp:term":[{"taxonomy":"product_brand","embeddable":true,"href":"https:\/\/exlibris.ee\/ru\/wp-json\/wp\/v2\/product_brand?post=82634"},{"taxonomy":"product_cat","embeddable":true,"href":"https:\/\/exlibris.ee\/ru\/wp-json\/wp\/v2\/product_cat?post=82634"},{"taxonomy":"product_tag","embeddable":true,"href":"https:\/\/exlibris.ee\/ru\/wp-json\/wp\/v2\/product_tag?post=82634"},{"taxonomy":"series","embeddable":true,"href":"https:\/\/exlibris.ee\/ru\/wp-json\/wp\/v2\/series?post=82634"},{"taxonomy":"publisher","embeddable":true,"href":"https:\/\/exlibris.ee\/ru\/wp-json\/wp\/v2\/publisher?post=82634"}],"curies":[{"name":"wp","href":"https:\/\/api.w.org\/{rel}","templated":true}]}}