{"id":82643,"date":"2023-07-11T10:48:18","date_gmt":"2023-07-11T07:48:18","guid":{"rendered":"https:\/\/exlibris.ee\/toode\/willkommen-in-deutschland-lieder-zum-deutschlernen-deutsch-als-zweitsprache-audio-cd\/"},"modified":"2026-04-16T17:51:49","modified_gmt":"2026-04-16T14:51:49","slug":"willkommen-in-deutschland-lieder-zum-deutschlernen-deutsch-als-zweitsprache-audio-cd","status":"publish","type":"product","link":"https:\/\/exlibris.ee\/ru\/produkt\/willkommen-in-deutschland-lieder-zum-deutschlernen-deutsch-als-zweitsprache-audio-cd\/","title":{"rendered":"Willkommen in Deutschland &#8212; Lieder zum Deutschlernen  Deutsch als Zweitsprache \/ Audio-CD"},"content":{"rendered":"<p>Diese Audio-CD enth\u00e4lt alle Lieder aus dem Heft Willkommen in Deutschland \u2013 Lieder zum Deutschlernen (ISBN 978-3-19-939617-8) und deren Play-back-Versionen. Die Melodien der mit neuen Texten versehenen Lieder sind s\u00e4mtlich dem traditionellen europ\u00e4ischen Liedgut entnommen, sodass auch Fachfremde schnell einen Bezug zu der Musik finden. Als Hilfe zur Vorbereitung auf den Unterricht oder auch f\u00fcr die direkte Verwendung in der Klasse bietet die CD eine perfekte Erg\u00e4nzung zum Heft. Die CD enth\u00e4lt 22 Lieder zu den Themen: Vorstellung, Zahlen, Farben, In der Schule, Tiere, Mein K\u00f6rper, Kleidung, Gesund und krank, Familie, Geburtstag\/Spielsachen\/Spielplatz, Ausflug, Feste im Jahreskreis, Herkunftsland, Essen und Trinken, Einkaufen, Zu Hause, Das Wetter, Der Jahreskreis, Die Uhrzeit, Verkehrsmittel, Sport, Hobby und Freizeit Das gemeinsame Musizieren hilft beim Spracherwerb der deutschen Sprache und Schrift, vermittelt auf spielerische Weise Begriffe aus dem deutschen Grundwortschatz, unterst\u00fctzt den Integrationsprozess und erweckt Lebensfreude und Spa\u00df am gemeinschaftlichen Singen. Geeignet f\u00fcr die Schuljahre 2 bis 6 folgender Schulformen: Grundschule, Hauptschule, Orientierungsstufe, Realschule, F\u00f6rderschule Fachgebiete: Deutsch, Musik, DaZ \/ DaF Einsetzbar in: Baden-W\u00fcrttemberg, Bayern, Berlin, Brandenburg, Bremen, Hamburg, Hessen, Mecklenburg-Vorpommern, Niedersachsen, Nordrhein-Westfalen, Rheinland-Pfalz, Saarland, Sachsen, Sachsen-Anhalt, Schleswig-Holstein, Th\u00fcringen.<\/p>\n","protected":false},"excerpt":{"rendered":"<p>Diese Audio-CD enth\u00e4lt alle Lieder aus dem Heft Willkommen in Deutschland \u2013 Lieder zum Deutschlernen (ISBN 978-3-19-939617-8) und deren Play-back-Versionen. Die Melodien der mit neuen Texten versehenen Lieder sind s\u00e4mtlich dem traditionellen europ\u00e4ischen Liedgut entnommen, sodass auch Fachfremde schnell einen&#8230;<\/p>\n","protected":false},"featured_media":304554,"template":"","meta":{"_acf_changed":false,"inline_featured_image":false},"product_brand":[],"product_cat":[503],"product_tag":[],"series":[{"id":1346,"name":"Willkommen in Deutschland","slug":"willkommen-in-deutschland"}],"publisher":[{"id":1343,"name":"Mildenberger Verlag","slug":"mildenberger-verlag"}],"class_list":{"0":"post-82643","1":"product","2":"type-product","3":"status-publish","4":"has-post-thumbnail","6":"product_cat-lernen-mit-bildern-und-spielen","7":"series-willkommen-in-deutschland","8":"publisher-mildenberger-verlag","10":"first","11":"onbackorder","12":"taxable","13":"shipping-taxable","14":"purchasable","15":"product-type-simple"},"acf":[],"_links":{"self":[{"href":"https:\/\/exlibris.ee\/ru\/wp-json\/wp\/v2\/product\/82643","targetHints":{"allow":["GET"]}}],"collection":[{"href":"https:\/\/exlibris.ee\/ru\/wp-json\/wp\/v2\/product"}],"about":[{"href":"https:\/\/exlibris.ee\/ru\/wp-json\/wp\/v2\/types\/product"}],"wp:featuredmedia":[{"embeddable":true,"href":"https:\/\/exlibris.ee\/ru\/wp-json\/wp\/v2\/media\/304554"}],"wp:attachment":[{"href":"https:\/\/exlibris.ee\/ru\/wp-json\/wp\/v2\/media?parent=82643"}],"wp:term":[{"taxonomy":"product_brand","embeddable":true,"href":"https:\/\/exlibris.ee\/ru\/wp-json\/wp\/v2\/product_brand?post=82643"},{"taxonomy":"product_cat","embeddable":true,"href":"https:\/\/exlibris.ee\/ru\/wp-json\/wp\/v2\/product_cat?post=82643"},{"taxonomy":"product_tag","embeddable":true,"href":"https:\/\/exlibris.ee\/ru\/wp-json\/wp\/v2\/product_tag?post=82643"},{"taxonomy":"series","embeddable":true,"href":"https:\/\/exlibris.ee\/ru\/wp-json\/wp\/v2\/series?post=82643"},{"taxonomy":"publisher","embeddable":true,"href":"https:\/\/exlibris.ee\/ru\/wp-json\/wp\/v2\/publisher?post=82643"}],"curies":[{"name":"wp","href":"https:\/\/api.w.org\/{rel}","templated":true}]}}