{"id":82648,"date":"2023-07-11T10:48:18","date_gmt":"2023-07-11T07:48:18","guid":{"rendered":"https:\/\/exlibris.ee\/toode\/der-dachs-hat-heute-langeweile-kinderbuch-deutsch-russisch-mit-mp3-horbuch-zum-herunterladen\/"},"modified":"2026-04-22T11:32:32","modified_gmt":"2026-04-22T08:32:32","slug":"der-dachs-hat-heute-langeweile-kinderbuch-deutsch-russisch-mit-mp3-horbuch-zum-herunterladen","status":"publish","type":"product","link":"https:\/\/exlibris.ee\/ru\/produkt\/der-dachs-hat-heute-langeweile-kinderbuch-deutsch-russisch-mit-mp3-horbuch-zum-herunterladen\/","title":{"rendered":"Der Dachs hat heute Langeweile!  Kinderbuch Deutsch-Russisch mit MP3-H\u00f6rbuch zum Herunterladen"},"content":{"rendered":"<p>Zweisprachiges Kinderbuch Deutsch-Russisch Zielgruppe: Kinder ab 4 Jahren Was f\u00fcr ein laaangweiliger Tag! Der Dachs hat auf gar nichts Lust. Nicht einmal viele verschiedene Spielideen und die Besuche seiner Freunde \u00e4ndern etwas an dem \u00f6den Gef\u00fchl. Doch die kleine Maus bringt pl\u00f6tzlich einen Stein ins Rollen. Oder besser ein Piratenschiff in Fahrt! Moritz Petz erz\u00e4hlt humorvoll und pointiert eine Geschichte, wie sie in jedem Kinderzimmer stattfinden k\u00f6nnte: Aus Langeweile entstehen oft die besten Ideen. Am\u00e9lie Jackowskis Illustrationen begeistern durch die einmalig witzigen Figuren und viele liebevolle Details. Durchgehend farbig illustriert, mit H\u00f6rbuch als mp3 Download in 8 Sprachen F\u00fcr weitere Sprachen erh\u00e4ltlich.<\/p>\n","protected":false},"excerpt":{"rendered":"<p>Zweisprachiges Kinderbuch Deutsch-Russisch Zielgruppe: Kinder ab 4 Jahren Was f\u00fcr ein laaangweiliger Tag! Der Dachs hat auf gar nichts Lust. Nicht einmal viele verschiedene Spielideen und die Besuche seiner Freunde \u00e4ndern etwas an dem \u00f6den Gef\u00fchl. Doch die kleine Maus&#8230;<\/p>\n","protected":false},"featured_media":407538,"template":"","meta":{"_acf_changed":false,"inline_featured_image":false},"product_brand":[],"product_cat":[471],"product_tag":[],"series":[],"publisher":[{"id":1308,"name":"NordS\u00fcd","slug":"nordsud"}],"class_list":{"0":"post-82648","1":"product","2":"type-product","3":"status-publish","4":"has-post-thumbnail","6":"product_cat-lehrwerke-fur-kinder","7":"publisher-nordsud","9":"first","10":"onbackorder","11":"taxable","12":"shipping-taxable","13":"purchasable","14":"product-type-simple"},"acf":[],"_links":{"self":[{"href":"https:\/\/exlibris.ee\/ru\/wp-json\/wp\/v2\/product\/82648","targetHints":{"allow":["GET"]}}],"collection":[{"href":"https:\/\/exlibris.ee\/ru\/wp-json\/wp\/v2\/product"}],"about":[{"href":"https:\/\/exlibris.ee\/ru\/wp-json\/wp\/v2\/types\/product"}],"wp:featuredmedia":[{"embeddable":true,"href":"https:\/\/exlibris.ee\/ru\/wp-json\/wp\/v2\/media\/407538"}],"wp:attachment":[{"href":"https:\/\/exlibris.ee\/ru\/wp-json\/wp\/v2\/media?parent=82648"}],"wp:term":[{"taxonomy":"product_brand","embeddable":true,"href":"https:\/\/exlibris.ee\/ru\/wp-json\/wp\/v2\/product_brand?post=82648"},{"taxonomy":"product_cat","embeddable":true,"href":"https:\/\/exlibris.ee\/ru\/wp-json\/wp\/v2\/product_cat?post=82648"},{"taxonomy":"product_tag","embeddable":true,"href":"https:\/\/exlibris.ee\/ru\/wp-json\/wp\/v2\/product_tag?post=82648"},{"taxonomy":"series","embeddable":true,"href":"https:\/\/exlibris.ee\/ru\/wp-json\/wp\/v2\/series?post=82648"},{"taxonomy":"publisher","embeddable":true,"href":"https:\/\/exlibris.ee\/ru\/wp-json\/wp\/v2\/publisher?post=82648"}],"curies":[{"name":"wp","href":"https:\/\/api.w.org\/{rel}","templated":true}]}}