{"id":82649,"date":"2023-07-11T10:48:18","date_gmt":"2023-07-11T07:48:18","guid":{"rendered":"https:\/\/exlibris.ee\/toode\/willkommen-in-deutschland-nepomuk-kommt-in-unser-team-eine-geschichte-zum-thema-migration-zum-vorlesen-und-selbstlesen-leseheft\/"},"modified":"2026-04-14T01:30:46","modified_gmt":"2026-04-13T22:30:46","slug":"willkommen-in-deutschland-nepomuk-kommt-in-unser-team-eine-geschichte-zum-thema-migration-zum-vorlesen-und-selbstlesen-leseheft","status":"publish","type":"product","link":"https:\/\/exlibris.ee\/ru\/produkt\/willkommen-in-deutschland-nepomuk-kommt-in-unser-team-eine-geschichte-zum-thema-migration-zum-vorlesen-und-selbstlesen-leseheft\/","title":{"rendered":"Willkommen in Deutschland &#8212; Nepomuk kommt in unser Team  Eine Geschichte zum Thema Migration &#8212; zum Vorlesen und Selbstlesen \/ Leseheft"},"content":{"rendered":"<p>Der Text richtet sich ausdr\u00fccklich an deutsche Kinder und soll sie im Umgang mit Kindern aus anderen Herkunftsl\u00e4ndern und Kulturen sensibilisieren. Kinder mit problematischen Erfahrungen in ihren Herkunftsl\u00e4ndern und bei der Flucht nach Deutschland wollen oft nicht \u00fcber ihre Erlebnisse sprechen. Umso wichtiger ist es, bei ihren deutschen Mitsch\u00fclerinnen und Mitsch\u00fclern ein vertieftes Verst\u00e4ndnis zu erreichen. Der Name \u201eNepomuk\u201c wurde bewusst gew\u00e4hlt, um die Hauptfigur und ihre Familie nicht eindeutig einer Nationalit\u00e4t zuzuordnen. Die im Text erw\u00e4hnten Fehler beim Sprechen, die Schreibrichtung, das Essensrezept, die unterschiedliche Bedeutung von Gesten sind frei erfunden und haben vor allem den Zweck, Kinder f\u00fcr das Erkennen und Verstehen kultureller Unterschiede zu motivieren. Dazu dienen auch die Kopiervorlagen f\u00fcr die Klassen 3 bis 6, die zudem zus\u00e4tzliches Hintergrundwissen zu Migration und Asyl bieten. Schulform: Grundschule, Hauptschule, Orientierungsstufe, Realschule, F\u00f6rderschule Fachgebiet: Deutsch, DaZ \/ DaF Einsetzbar in: Baden-W\u00fcrttemberg, Bayern, Berlin, Brandenburg, Bremen, Hamburg, Hessen, Mecklenburg-Vorpommern, Niedersachsen, Nordrhein-Westfalen, Rheinland-Pfalz, Saarland, Sachsen, Sachsen-Anhalt, Schleswig-Holstein, Th\u00fcringen.<\/p>\n","protected":false},"excerpt":{"rendered":"<p>Der Text richtet sich ausdr\u00fccklich an deutsche Kinder und soll sie im Umgang mit Kindern aus anderen Herkunftsl\u00e4ndern und Kulturen sensibilisieren. Kinder mit problematischen Erfahrungen in ihren Herkunftsl\u00e4ndern und bei der Flucht nach Deutschland wollen oft nicht \u00fcber ihre Erlebnisse&#8230;<\/p>\n","protected":false},"featured_media":253531,"template":"","meta":{"_acf_changed":false,"inline_featured_image":false},"product_brand":[],"product_cat":[503],"product_tag":[],"series":[{"id":1346,"name":"Willkommen in Deutschland","slug":"willkommen-in-deutschland"}],"publisher":[{"id":1343,"name":"Mildenberger Verlag","slug":"mildenberger-verlag"}],"class_list":{"0":"post-82649","1":"product","2":"type-product","3":"status-publish","4":"has-post-thumbnail","6":"product_cat-lernen-mit-bildern-und-spielen","7":"series-willkommen-in-deutschland","8":"publisher-mildenberger-verlag","10":"first","11":"onbackorder","12":"taxable","13":"shipping-taxable","14":"purchasable","15":"product-type-simple"},"acf":[],"_links":{"self":[{"href":"https:\/\/exlibris.ee\/ru\/wp-json\/wp\/v2\/product\/82649","targetHints":{"allow":["GET"]}}],"collection":[{"href":"https:\/\/exlibris.ee\/ru\/wp-json\/wp\/v2\/product"}],"about":[{"href":"https:\/\/exlibris.ee\/ru\/wp-json\/wp\/v2\/types\/product"}],"wp:featuredmedia":[{"embeddable":true,"href":"https:\/\/exlibris.ee\/ru\/wp-json\/wp\/v2\/media\/253531"}],"wp:attachment":[{"href":"https:\/\/exlibris.ee\/ru\/wp-json\/wp\/v2\/media?parent=82649"}],"wp:term":[{"taxonomy":"product_brand","embeddable":true,"href":"https:\/\/exlibris.ee\/ru\/wp-json\/wp\/v2\/product_brand?post=82649"},{"taxonomy":"product_cat","embeddable":true,"href":"https:\/\/exlibris.ee\/ru\/wp-json\/wp\/v2\/product_cat?post=82649"},{"taxonomy":"product_tag","embeddable":true,"href":"https:\/\/exlibris.ee\/ru\/wp-json\/wp\/v2\/product_tag?post=82649"},{"taxonomy":"series","embeddable":true,"href":"https:\/\/exlibris.ee\/ru\/wp-json\/wp\/v2\/series?post=82649"},{"taxonomy":"publisher","embeddable":true,"href":"https:\/\/exlibris.ee\/ru\/wp-json\/wp\/v2\/publisher?post=82649"}],"curies":[{"name":"wp","href":"https:\/\/api.w.org\/{rel}","templated":true}]}}