{"id":86458,"date":"2023-07-11T11:09:26","date_gmt":"2023-07-11T08:09:26","guid":{"rendered":"https:\/\/exlibris.ee\/toode\/tere-0-a1-estonian-for-beginners-0-a1-2\/"},"modified":"2026-04-03T13:24:47","modified_gmt":"2026-04-03T10:24:47","slug":"tere-0-a1-estonian-for-beginners-0-a1-2","status":"publish","type":"product","link":"https:\/\/exlibris.ee\/ru\/produkt\/tere-0-a1-estonian-for-beginners-0-a1-2\/","title":{"rendered":"Tere! 0-A1 \/ Estonian for Beginners 0-A1"},"content":{"rendered":"<p>Eesti keele \u00f5pik t\u00e4iskasvanutele inglise keele baasil tasemele 0-A1. Teemade valiku puhul on l\u00e4htutud praktilisest vajadusest igap\u00e4evaelus.  \u00d5pik sobib nii grupis kui ka iseseisvaks \u00f5ppimiseks. Materjali l\u00e4bimiseks kulub grupi suurusest s\u00f5ltuvalt 60-80 tundi. Kogu grammatika on lahti seletatud inglise keeles. Helisalvestistelt leiab erinevat t\u00fc\u00fcpi kuulamisharjutusi ja neid saab kuulata \u00f5pikust QR-koodi kaudu. Samuti leiab \u00f5pikust QR-koodi alt inglisekeelsed grammatikavideod ning digiharjutused.<\/p>\n","protected":false},"excerpt":{"rendered":"<p>Eesti keele \u00f5pik t\u00e4iskasvanutele inglise keele baasil tasemele 0-A1. Teemade valiku puhul on l\u00e4htutud praktilisest vajadusest igap\u00e4evaelus. \u00d5pik sobib nii grupis kui ka iseseisvaks \u00f5ppimiseks. Materjali l\u00e4bimiseks kulub grupi suurusest s\u00f5ltuvalt 60-80 tundi. Kogu grammatika on lahti seletatud inglise keeles&#8230;.<\/p>\n","protected":false},"featured_media":58792,"template":"","meta":{"_acf_changed":false,"inline_featured_image":false},"product_brand":[],"product_cat":[696],"product_tag":[],"series":[{"id":1088,"name":"Tere!","slug":"tere"}],"publisher":[{"id":1084,"name":"Kirjastus Kirjatark","slug":"kirjastus-kirjatark"}],"class_list":{"0":"post-86458","1":"product","2":"type-product","3":"status-publish","4":"has-post-thumbnail","6":"product_cat-a1-taseme-opikud","7":"series-tere","8":"publisher-kirjastus-kirjatark","10":"first","11":"instock","12":"taxable","13":"shipping-taxable","14":"purchasable","15":"product-type-simple"},"acf":[],"_links":{"self":[{"href":"https:\/\/exlibris.ee\/ru\/wp-json\/wp\/v2\/product\/86458","targetHints":{"allow":["GET"]}}],"collection":[{"href":"https:\/\/exlibris.ee\/ru\/wp-json\/wp\/v2\/product"}],"about":[{"href":"https:\/\/exlibris.ee\/ru\/wp-json\/wp\/v2\/types\/product"}],"wp:featuredmedia":[{"embeddable":true,"href":"https:\/\/exlibris.ee\/ru\/wp-json\/wp\/v2\/media\/58792"}],"wp:attachment":[{"href":"https:\/\/exlibris.ee\/ru\/wp-json\/wp\/v2\/media?parent=86458"}],"wp:term":[{"taxonomy":"product_brand","embeddable":true,"href":"https:\/\/exlibris.ee\/ru\/wp-json\/wp\/v2\/product_brand?post=86458"},{"taxonomy":"product_cat","embeddable":true,"href":"https:\/\/exlibris.ee\/ru\/wp-json\/wp\/v2\/product_cat?post=86458"},{"taxonomy":"product_tag","embeddable":true,"href":"https:\/\/exlibris.ee\/ru\/wp-json\/wp\/v2\/product_tag?post=86458"},{"taxonomy":"series","embeddable":true,"href":"https:\/\/exlibris.ee\/ru\/wp-json\/wp\/v2\/series?post=86458"},{"taxonomy":"publisher","embeddable":true,"href":"https:\/\/exlibris.ee\/ru\/wp-json\/wp\/v2\/publisher?post=86458"}],"curies":[{"name":"wp","href":"https:\/\/api.w.org\/{rel}","templated":true}]}}