{"id":87139,"date":"2023-07-17T15:29:15","date_gmt":"2023-07-17T12:29:15","guid":{"rendered":"https:\/\/exlibris.ee\/toode\/aspekte-junior-lhb-b1\/"},"modified":"2026-04-04T03:09:31","modified_gmt":"2026-04-04T00:09:31","slug":"aspekte-junior-lhb-b1","status":"publish","type":"product","link":"https:\/\/exlibris.ee\/ru\/produkt\/aspekte-junior-lhb-b1\/","title":{"rendered":"Aspekte junior LHB B1+"},"content":{"rendered":"<p>Das Lehrerhandbuch zu Aspekte junior B1 plus ist ein kompakter Leitfaden f\u00fcr das Unterrichten mit Aspekte junior macht Vorschl\u00e4ge f\u00fcr Erweiterungen und Varianten im Unterricht und gibt Tipps zur Binnendifferenzierung enth\u00e4lt Kopiervorlagen und L\u00f6sungen zu Kurs- und \u00dcbungsbuch.<\/p>\n","protected":false},"excerpt":{"rendered":"<p>Das Lehrerhandbuch zu Aspekte junior B1 plus ist ein kompakter Leitfaden f\u00fcr das Unterrichten mit Aspekte junior macht Vorschl\u00e4ge f\u00fcr Erweiterungen und Varianten im Unterricht und gibt Tipps zur Binnendifferenzierung enth\u00e4lt Kopiervorlagen und L\u00f6sungen zu Kurs- und \u00dcbungsbuch.<\/p>\n","protected":false},"featured_media":86980,"template":"","meta":{"_acf_changed":false,"inline_featured_image":false},"product_brand":[],"product_cat":[477],"product_tag":[],"series":[{"id":1385,"name":"Aspkete junior","slug":"aspkete-junior"}],"publisher":[{"id":473,"name":"Klett Verlag","slug":"klett-verlag"}],"class_list":{"0":"post-87139","1":"product","2":"type-product","3":"status-publish","4":"has-post-thumbnail","6":"product_cat-lehrwerke-fur-jugendliche","7":"series-aspkete-junior","8":"publisher-klett-verlag","10":"first","11":"onbackorder","12":"taxable","13":"shipping-taxable","14":"purchasable","15":"product-type-simple"},"acf":[],"_links":{"self":[{"href":"https:\/\/exlibris.ee\/ru\/wp-json\/wp\/v2\/product\/87139","targetHints":{"allow":["GET"]}}],"collection":[{"href":"https:\/\/exlibris.ee\/ru\/wp-json\/wp\/v2\/product"}],"about":[{"href":"https:\/\/exlibris.ee\/ru\/wp-json\/wp\/v2\/types\/product"}],"wp:featuredmedia":[{"embeddable":true,"href":"https:\/\/exlibris.ee\/ru\/wp-json\/wp\/v2\/media\/86980"}],"wp:attachment":[{"href":"https:\/\/exlibris.ee\/ru\/wp-json\/wp\/v2\/media?parent=87139"}],"wp:term":[{"taxonomy":"product_brand","embeddable":true,"href":"https:\/\/exlibris.ee\/ru\/wp-json\/wp\/v2\/product_brand?post=87139"},{"taxonomy":"product_cat","embeddable":true,"href":"https:\/\/exlibris.ee\/ru\/wp-json\/wp\/v2\/product_cat?post=87139"},{"taxonomy":"product_tag","embeddable":true,"href":"https:\/\/exlibris.ee\/ru\/wp-json\/wp\/v2\/product_tag?post=87139"},{"taxonomy":"series","embeddable":true,"href":"https:\/\/exlibris.ee\/ru\/wp-json\/wp\/v2\/series?post=87139"},{"taxonomy":"publisher","embeddable":true,"href":"https:\/\/exlibris.ee\/ru\/wp-json\/wp\/v2\/publisher?post=87139"}],"curies":[{"name":"wp","href":"https:\/\/api.w.org\/{rel}","templated":true}]}}