{"id":87142,"date":"2023-07-17T15:29:16","date_gmt":"2023-07-17T12:29:16","guid":{"rendered":"https:\/\/exlibris.ee\/toode\/aspekte-junior-ubungsbuch-b2-mit-audios-zum-download\/"},"modified":"2026-04-04T03:09:31","modified_gmt":"2026-04-04T00:09:31","slug":"aspekte-junior-ubungsbuch-b2-mit-audios-zum-download","status":"publish","type":"product","link":"https:\/\/exlibris.ee\/ru\/produkt\/aspekte-junior-ubungsbuch-b2-mit-audios-zum-download\/","title":{"rendered":"Aspekte junior, \u00dcbungsbuch B2 mit Audios zum Download"},"content":{"rendered":"<p>Das \u00dcbungsbuch zu Aspekte junior B2 erg\u00e4nzt das Kursbuch um vielf\u00e4ltige \u00dcbungen und Aufgaben festigt und erweitert Strukturen und trainiert Fertigkeiten und Strategien bereitet auf das Zertifikat B2 und die Formate des DSDII vor bietet eine niveaugerechte Ausspracheschulung und alle H\u00f6rtexte im mp3-Format zum Download.<\/p>\n","protected":false},"excerpt":{"rendered":"<p>Das \u00dcbungsbuch zu Aspekte junior B2 erg\u00e4nzt das Kursbuch um vielf\u00e4ltige \u00dcbungen und Aufgaben festigt und erweitert Strukturen und trainiert Fertigkeiten und Strategien bereitet auf das Zertifikat B2 und die Formate des DSDII vor bietet eine niveaugerechte Ausspracheschulung und alle&#8230;<\/p>\n","protected":false},"featured_media":86989,"template":"","meta":{"_acf_changed":false,"inline_featured_image":false},"product_brand":[],"product_cat":[477],"product_tag":[],"series":[{"id":1385,"name":"Aspkete junior","slug":"aspkete-junior"}],"publisher":[{"id":473,"name":"Klett Verlag","slug":"klett-verlag"}],"class_list":{"0":"post-87142","1":"product","2":"type-product","3":"status-publish","4":"has-post-thumbnail","6":"product_cat-lehrwerke-fur-jugendliche","7":"series-aspkete-junior","8":"publisher-klett-verlag","10":"first","11":"onbackorder","12":"taxable","13":"shipping-taxable","14":"purchasable","15":"product-type-simple"},"acf":[],"_links":{"self":[{"href":"https:\/\/exlibris.ee\/ru\/wp-json\/wp\/v2\/product\/87142","targetHints":{"allow":["GET"]}}],"collection":[{"href":"https:\/\/exlibris.ee\/ru\/wp-json\/wp\/v2\/product"}],"about":[{"href":"https:\/\/exlibris.ee\/ru\/wp-json\/wp\/v2\/types\/product"}],"wp:featuredmedia":[{"embeddable":true,"href":"https:\/\/exlibris.ee\/ru\/wp-json\/wp\/v2\/media\/86989"}],"wp:attachment":[{"href":"https:\/\/exlibris.ee\/ru\/wp-json\/wp\/v2\/media?parent=87142"}],"wp:term":[{"taxonomy":"product_brand","embeddable":true,"href":"https:\/\/exlibris.ee\/ru\/wp-json\/wp\/v2\/product_brand?post=87142"},{"taxonomy":"product_cat","embeddable":true,"href":"https:\/\/exlibris.ee\/ru\/wp-json\/wp\/v2\/product_cat?post=87142"},{"taxonomy":"product_tag","embeddable":true,"href":"https:\/\/exlibris.ee\/ru\/wp-json\/wp\/v2\/product_tag?post=87142"},{"taxonomy":"series","embeddable":true,"href":"https:\/\/exlibris.ee\/ru\/wp-json\/wp\/v2\/series?post=87142"},{"taxonomy":"publisher","embeddable":true,"href":"https:\/\/exlibris.ee\/ru\/wp-json\/wp\/v2\/publisher?post=87142"}],"curies":[{"name":"wp","href":"https:\/\/api.w.org\/{rel}","templated":true}]}}