{"id":87149,"date":"2023-07-17T15:29:17","date_gmt":"2023-07-17T12:29:17","guid":{"rendered":"https:\/\/exlibris.ee\/toode\/berliner-platz-neu-zusatzstraining\/"},"modified":"2026-04-30T15:30:21","modified_gmt":"2026-04-30T12:30:21","slug":"berliner-platz-neu-zusatzstraining","status":"publish","type":"product","link":"https:\/\/exlibris.ee\/ru\/produkt\/berliner-platz-neu-zusatzstraining\/","title":{"rendered":"Berliner Platz Neu, Zusatzstraining"},"content":{"rendered":"<p>Das &#171;Einstiegskurs Plus &#8212; Zusatztraining&#187; richtet sich an Fl\u00fcchtlingskurse und Deutschkurse und enth\u00e4lt Zusatzaufgaben zum Lehr- und Arbeitsbuch. Es eignet sich ideal f\u00fcr ehrenamtliche Lernbegleiter, die Fl\u00fcchtlinge beim Deutsch lernen unterst\u00fctzen und ist die optimale Vorbereitung auf einen Integrationskurs.<\/p>\n","protected":false},"excerpt":{"rendered":"<p>Das &#171;Einstiegskurs Plus &#8212; Zusatztraining&#187; richtet sich an Fl\u00fcchtlingskurse und Deutschkurse und enth\u00e4lt Zusatzaufgaben zum Lehr- und Arbeitsbuch. Es eignet sich ideal f\u00fcr ehrenamtliche Lernbegleiter, die Fl\u00fcchtlinge beim Deutsch lernen unterst\u00fctzen und ist die optimale Vorbereitung auf einen Integrationskurs.<\/p>\n","protected":false},"featured_media":573354,"template":"","meta":{"_acf_changed":false,"inline_featured_image":false},"product_brand":[],"product_cat":[538],"product_tag":[],"series":[{"id":1386,"name":"Beliner Platz NEU","slug":"beliner-platz-neu"}],"publisher":[{"id":473,"name":"Klett Verlag","slug":"klett-verlag"}],"class_list":{"0":"post-87149","1":"product","2":"type-product","3":"status-publish","4":"has-post-thumbnail","6":"product_cat-lehrwerke-fur-erwachsene","7":"series-beliner-platz-neu","8":"publisher-klett-verlag","10":"first","11":"onbackorder","12":"taxable","13":"shipping-taxable","14":"purchasable","15":"product-type-simple"},"acf":[],"_links":{"self":[{"href":"https:\/\/exlibris.ee\/ru\/wp-json\/wp\/v2\/product\/87149","targetHints":{"allow":["GET"]}}],"collection":[{"href":"https:\/\/exlibris.ee\/ru\/wp-json\/wp\/v2\/product"}],"about":[{"href":"https:\/\/exlibris.ee\/ru\/wp-json\/wp\/v2\/types\/product"}],"wp:featuredmedia":[{"embeddable":true,"href":"https:\/\/exlibris.ee\/ru\/wp-json\/wp\/v2\/media\/573354"}],"wp:attachment":[{"href":"https:\/\/exlibris.ee\/ru\/wp-json\/wp\/v2\/media?parent=87149"}],"wp:term":[{"taxonomy":"product_brand","embeddable":true,"href":"https:\/\/exlibris.ee\/ru\/wp-json\/wp\/v2\/product_brand?post=87149"},{"taxonomy":"product_cat","embeddable":true,"href":"https:\/\/exlibris.ee\/ru\/wp-json\/wp\/v2\/product_cat?post=87149"},{"taxonomy":"product_tag","embeddable":true,"href":"https:\/\/exlibris.ee\/ru\/wp-json\/wp\/v2\/product_tag?post=87149"},{"taxonomy":"series","embeddable":true,"href":"https:\/\/exlibris.ee\/ru\/wp-json\/wp\/v2\/series?post=87149"},{"taxonomy":"publisher","embeddable":true,"href":"https:\/\/exlibris.ee\/ru\/wp-json\/wp\/v2\/publisher?post=87149"}],"curies":[{"name":"wp","href":"https:\/\/api.w.org\/{rel}","templated":true}]}}