{"id":87150,"date":"2023-07-17T15:29:17","date_gmt":"2023-07-17T12:29:17","guid":{"rendered":"https:\/\/exlibris.ee\/toode\/logo-a1-1-kursbuch\/"},"modified":"2026-04-05T15:18:20","modified_gmt":"2026-04-05T12:18:20","slug":"logo-a1-1-kursbuch","status":"publish","type":"product","link":"https:\/\/exlibris.ee\/ru\/produkt\/logo-a1-1-kursbuch\/","title":{"rendered":"Logo! A1.1 Kursbuch"},"content":{"rendered":"<p>Logo! Einfach und sicher Deutsch lernen! F\u00fcr Jugendliche ab 10 Jahren, die schnell und sicher Deutsch lernen wollen F\u00fcr einen Unterricht mit geringer Wochenstundenzahl geeignet Print- und digitale Ausgabe flexibel kombinierbar \u2013 ob im Unterricht vor Ort oder im Online-Unterricht Kurzweiliges und zeitgem\u00e4\u00dfes Lernen durch integrierte digitale Angebote wie Videos, Grammatikclips, Vokabelspiele und Online\u00fcbungen Mit zahlreichen Differenzierungsangeboten f\u00fcr jeden Lerntyp Spezielle CLIL-Aufgaben f\u00fcr einen fach\u00fcbergreifenden Unterricht, Projektaufgaben und Mediation Gezielte Fertigkeiten-Trainings und Aufgaben zur Landeskunde Intensives Pr\u00fcfungstraining trotz flacher Progression Autonomes Lernen durch Selbstevaluation und Wahlaufgaben Logo! f\u00fchrt zu den Niveaustufen A1, A2 und B1 und bereitet anhand jugendtypischer Themen auf die Pr\u00fcfungen Fit, DSD I, KID und Zertifikat B1 vor.<\/p>\n","protected":false},"excerpt":{"rendered":"<p>Logo! Einfach und sicher Deutsch lernen! F\u00fcr Jugendliche ab 10 Jahren, die schnell und sicher Deutsch lernen wollen F\u00fcr einen Unterricht mit geringer Wochenstundenzahl geeignet Print- und digitale Ausgabe flexibel kombinierbar \u2013 ob im Unterricht vor Ort oder im Online-Unterricht&#8230;<\/p>\n","protected":false},"featured_media":87013,"template":"","meta":{"_acf_changed":false,"inline_featured_image":false},"product_brand":[],"product_cat":[477],"product_tag":[],"series":[{"id":1387,"name":"Logo!","slug":"logo"}],"publisher":[{"id":473,"name":"Klett Verlag","slug":"klett-verlag"}],"class_list":{"0":"post-87150","1":"product","2":"type-product","3":"status-publish","4":"has-post-thumbnail","6":"product_cat-lehrwerke-fur-jugendliche","7":"series-logo","8":"publisher-klett-verlag","10":"first","11":"instock","12":"taxable","13":"shipping-taxable","14":"purchasable","15":"product-type-simple"},"acf":[],"_links":{"self":[{"href":"https:\/\/exlibris.ee\/ru\/wp-json\/wp\/v2\/product\/87150","targetHints":{"allow":["GET"]}}],"collection":[{"href":"https:\/\/exlibris.ee\/ru\/wp-json\/wp\/v2\/product"}],"about":[{"href":"https:\/\/exlibris.ee\/ru\/wp-json\/wp\/v2\/types\/product"}],"wp:featuredmedia":[{"embeddable":true,"href":"https:\/\/exlibris.ee\/ru\/wp-json\/wp\/v2\/media\/87013"}],"wp:attachment":[{"href":"https:\/\/exlibris.ee\/ru\/wp-json\/wp\/v2\/media?parent=87150"}],"wp:term":[{"taxonomy":"product_brand","embeddable":true,"href":"https:\/\/exlibris.ee\/ru\/wp-json\/wp\/v2\/product_brand?post=87150"},{"taxonomy":"product_cat","embeddable":true,"href":"https:\/\/exlibris.ee\/ru\/wp-json\/wp\/v2\/product_cat?post=87150"},{"taxonomy":"product_tag","embeddable":true,"href":"https:\/\/exlibris.ee\/ru\/wp-json\/wp\/v2\/product_tag?post=87150"},{"taxonomy":"series","embeddable":true,"href":"https:\/\/exlibris.ee\/ru\/wp-json\/wp\/v2\/series?post=87150"},{"taxonomy":"publisher","embeddable":true,"href":"https:\/\/exlibris.ee\/ru\/wp-json\/wp\/v2\/publisher?post=87150"}],"curies":[{"name":"wp","href":"https:\/\/api.w.org\/{rel}","templated":true}]}}