{"id":87167,"date":"2023-07-17T15:29:19","date_gmt":"2023-07-17T12:29:19","guid":{"rendered":"https:\/\/exlibris.ee\/toode\/berliner-platz-2-neu-2-cds\/"},"modified":"2026-04-04T03:09:36","modified_gmt":"2026-04-04T00:09:36","slug":"berliner-platz-2-neu-2-cds","status":"publish","type":"product","link":"https:\/\/exlibris.ee\/ru\/produkt\/berliner-platz-2-neu-2-cds\/","title":{"rendered":"Berliner Platz 2 NEU, 2 CDs"},"content":{"rendered":"<p>Die Audio-CDs zum Lehrbuch von Berliner Platz NEU A2 (Kapitel 13\u201324) enthalten die H\u00f6rtexte zu allen Aufgaben, die im Lehrbuch mit dem CD-Symbol gekennzeichnet sind, sowie H\u00f6rtexte zu den Aussprache\u00fcbungen.<\/p>\n","protected":false},"excerpt":{"rendered":"<p>Die Audio-CDs zum Lehrbuch von Berliner Platz NEU A2 (Kapitel 13\u201324) enthalten die H\u00f6rtexte zu allen Aufgaben, die im Lehrbuch mit dem CD-Symbol gekennzeichnet sind, sowie H\u00f6rtexte zu den Aussprache\u00fcbungen.<\/p>\n","protected":false},"featured_media":87061,"template":"","meta":{"_acf_changed":false,"inline_featured_image":false},"product_brand":[],"product_cat":[538],"product_tag":[],"series":[{"id":905,"name":"Berliner Platz NEU","slug":"berliner-platz-neu"}],"publisher":[{"id":473,"name":"Klett Verlag","slug":"klett-verlag"}],"class_list":{"0":"post-87167","1":"product","2":"type-product","3":"status-publish","4":"has-post-thumbnail","6":"product_cat-lehrwerke-fur-erwachsene","7":"series-berliner-platz-neu","8":"publisher-klett-verlag","10":"first","11":"onbackorder","12":"taxable","13":"shipping-taxable","14":"purchasable","15":"product-type-simple"},"acf":[],"_links":{"self":[{"href":"https:\/\/exlibris.ee\/ru\/wp-json\/wp\/v2\/product\/87167","targetHints":{"allow":["GET"]}}],"collection":[{"href":"https:\/\/exlibris.ee\/ru\/wp-json\/wp\/v2\/product"}],"about":[{"href":"https:\/\/exlibris.ee\/ru\/wp-json\/wp\/v2\/types\/product"}],"wp:featuredmedia":[{"embeddable":true,"href":"https:\/\/exlibris.ee\/ru\/wp-json\/wp\/v2\/media\/87061"}],"wp:attachment":[{"href":"https:\/\/exlibris.ee\/ru\/wp-json\/wp\/v2\/media?parent=87167"}],"wp:term":[{"taxonomy":"product_brand","embeddable":true,"href":"https:\/\/exlibris.ee\/ru\/wp-json\/wp\/v2\/product_brand?post=87167"},{"taxonomy":"product_cat","embeddable":true,"href":"https:\/\/exlibris.ee\/ru\/wp-json\/wp\/v2\/product_cat?post=87167"},{"taxonomy":"product_tag","embeddable":true,"href":"https:\/\/exlibris.ee\/ru\/wp-json\/wp\/v2\/product_tag?post=87167"},{"taxonomy":"series","embeddable":true,"href":"https:\/\/exlibris.ee\/ru\/wp-json\/wp\/v2\/series?post=87167"},{"taxonomy":"publisher","embeddable":true,"href":"https:\/\/exlibris.ee\/ru\/wp-json\/wp\/v2\/publisher?post=87167"}],"curies":[{"name":"wp","href":"https:\/\/api.w.org\/{rel}","templated":true}]}}