{"id":87168,"date":"2023-07-17T15:29:19","date_gmt":"2023-07-17T12:29:19","guid":{"rendered":"https:\/\/exlibris.ee\/toode\/berliner-platz-2-neulehr-arbeitsbuch-cds-d-a-ch\/"},"modified":"2026-04-04T03:09:36","modified_gmt":"2026-04-04T00:09:36","slug":"berliner-platz-2-neulehr-arbeitsbuch-cds-d-a-ch","status":"publish","type":"product","link":"https:\/\/exlibris.ee\/ru\/produkt\/berliner-platz-2-neulehr-arbeitsbuch-cds-d-a-ch\/","title":{"rendered":"Berliner Platz 2 NEU,Lehr-\/Arbeitsbuch + CDs D-A-CH"},"content":{"rendered":"<p>Das Lehr- und Arbeitsbuch zu Berliner Platz NEU A2 (Kapitel 13\u201324) mit Zusatz &#171;&#187;Treffpunkt D-A-CH&#187;&#187; wurde speziell f\u00fcr Lernende ohne Vorkenntnisse konzipiert: leichter Zugang zur deutschen Sprache durch eine klare Struktur erm\u00f6glicht eine intensive Vorbereitung auf den Alltag in den deutschsprachigen L\u00e4ndern bereitet auf die Pr\u00fcfungen \u201eStart Deutsch 2\u201c und \u201eDeutschTest f\u00fcr Zuwanderer\u201c vor erleichtert die Navigation zwischen Lehr- und Arbeitsbuchteil: Jede Aufgabe im Lehrbuch wird im Arbeitsbuch gespiegelt bietet zus\u00e4tzlich \u201eTreffpunkt D-A-CH\u201c, ein Magazin mit landeskundlichen Informationen in vielf\u00e4ltigen Textsorten und \u00dcbungsformen enth\u00e4lt zwei Audio-CDs zum Arbeitsbuchteil.<\/p>\n","protected":false},"excerpt":{"rendered":"<p>Das Lehr- und Arbeitsbuch zu Berliner Platz NEU A2 (Kapitel 13\u201324) mit Zusatz &#171;&#187;Treffpunkt D-A-CH&#187;&#187; wurde speziell f\u00fcr Lernende ohne Vorkenntnisse konzipiert: leichter Zugang zur deutschen Sprache durch eine klare Struktur erm\u00f6glicht eine intensive Vorbereitung auf den Alltag in den&#8230;<\/p>\n","protected":false},"featured_media":87064,"template":"","meta":{"_acf_changed":false,"inline_featured_image":false},"product_brand":[],"product_cat":[538],"product_tag":[],"series":[{"id":905,"name":"Berliner Platz NEU","slug":"berliner-platz-neu"}],"publisher":[{"id":473,"name":"Klett Verlag","slug":"klett-verlag"}],"class_list":{"0":"post-87168","1":"product","2":"type-product","3":"status-publish","4":"has-post-thumbnail","6":"product_cat-lehrwerke-fur-erwachsene","7":"series-berliner-platz-neu","8":"publisher-klett-verlag","10":"first","11":"onbackorder","12":"taxable","13":"shipping-taxable","14":"purchasable","15":"product-type-simple"},"acf":[],"_links":{"self":[{"href":"https:\/\/exlibris.ee\/ru\/wp-json\/wp\/v2\/product\/87168","targetHints":{"allow":["GET"]}}],"collection":[{"href":"https:\/\/exlibris.ee\/ru\/wp-json\/wp\/v2\/product"}],"about":[{"href":"https:\/\/exlibris.ee\/ru\/wp-json\/wp\/v2\/types\/product"}],"wp:featuredmedia":[{"embeddable":true,"href":"https:\/\/exlibris.ee\/ru\/wp-json\/wp\/v2\/media\/87064"}],"wp:attachment":[{"href":"https:\/\/exlibris.ee\/ru\/wp-json\/wp\/v2\/media?parent=87168"}],"wp:term":[{"taxonomy":"product_brand","embeddable":true,"href":"https:\/\/exlibris.ee\/ru\/wp-json\/wp\/v2\/product_brand?post=87168"},{"taxonomy":"product_cat","embeddable":true,"href":"https:\/\/exlibris.ee\/ru\/wp-json\/wp\/v2\/product_cat?post=87168"},{"taxonomy":"product_tag","embeddable":true,"href":"https:\/\/exlibris.ee\/ru\/wp-json\/wp\/v2\/product_tag?post=87168"},{"taxonomy":"series","embeddable":true,"href":"https:\/\/exlibris.ee\/ru\/wp-json\/wp\/v2\/series?post=87168"},{"taxonomy":"publisher","embeddable":true,"href":"https:\/\/exlibris.ee\/ru\/wp-json\/wp\/v2\/publisher?post=87168"}],"curies":[{"name":"wp","href":"https:\/\/api.w.org\/{rel}","templated":true}]}}