{"id":87180,"date":"2023-07-17T15:29:20","date_gmt":"2023-07-17T12:29:20","guid":{"rendered":"https:\/\/exlibris.ee\/toode\/berliner-platz-1-neulehr-arbeitsbuch-teil-1cd\/"},"modified":"2026-04-04T03:09:37","modified_gmt":"2026-04-04T00:09:37","slug":"berliner-platz-1-neulehr-arbeitsbuch-teil-1cd","status":"publish","type":"product","link":"https:\/\/exlibris.ee\/ru\/produkt\/berliner-platz-1-neulehr-arbeitsbuch-teil-1cd\/","title":{"rendered":"Berliner Platz 1 NEU,Lehr-\/Arbeitsbuch Teil 1+CD"},"content":{"rendered":"<p>Das Lehr- und Arbeitsbuch zu Berliner Platz NEU A1 (Kapitel 1\u20136) mit Zusatz &#171;Im Alltag EXTRA&#187; wurde speziell f\u00fcr Lernende ohne Vorkenntnisse konzipiert: leichter Zugang zur deutschen Sprache durch eine klare Struktur erm\u00f6glicht eine intensive Vorbereitung auf den Alltag in den deutschsprachigen L\u00e4ndern bereitet auf die Pr\u00fcfung \u201eStart Deutsch 1\u201c vor erleichtert die Navigation zwischen Lehr- und Arbeitsbuchteil: Jede Aufgabe im Lehrbuch wird im Arbeitsbuch gespiegelt enth\u00e4lt \u201eIm Alltag EXTRA\u201c \u2013 einen praktischen Wegweiser zur Integration, der die Vorgaben den Rahmencurriculums f\u00fcr Integrationskurse konsequent umsetzt Alle Audios zum Arbeitsbuchteil sind online verf\u00fcgbar.<\/p>\n","protected":false},"excerpt":{"rendered":"<p>Das Lehr- und Arbeitsbuch zu Berliner Platz NEU A1 (Kapitel 1\u20136) mit Zusatz &#171;Im Alltag EXTRA&#187; wurde speziell f\u00fcr Lernende ohne Vorkenntnisse konzipiert: leichter Zugang zur deutschen Sprache durch eine klare Struktur erm\u00f6glicht eine intensive Vorbereitung auf den Alltag in&#8230;<\/p>\n","protected":false},"featured_media":87115,"template":"","meta":{"_acf_changed":false,"inline_featured_image":false},"product_brand":[],"product_cat":[538],"product_tag":[],"series":[{"id":905,"name":"Berliner Platz NEU","slug":"berliner-platz-neu"}],"publisher":[{"id":473,"name":"Klett Verlag","slug":"klett-verlag"}],"class_list":{"0":"post-87180","1":"product","2":"type-product","3":"status-publish","4":"has-post-thumbnail","6":"product_cat-lehrwerke-fur-erwachsene","7":"series-berliner-platz-neu","8":"publisher-klett-verlag","10":"first","11":"onbackorder","12":"taxable","13":"shipping-taxable","14":"purchasable","15":"product-type-simple"},"acf":[],"_links":{"self":[{"href":"https:\/\/exlibris.ee\/ru\/wp-json\/wp\/v2\/product\/87180","targetHints":{"allow":["GET"]}}],"collection":[{"href":"https:\/\/exlibris.ee\/ru\/wp-json\/wp\/v2\/product"}],"about":[{"href":"https:\/\/exlibris.ee\/ru\/wp-json\/wp\/v2\/types\/product"}],"wp:featuredmedia":[{"embeddable":true,"href":"https:\/\/exlibris.ee\/ru\/wp-json\/wp\/v2\/media\/87115"}],"wp:attachment":[{"href":"https:\/\/exlibris.ee\/ru\/wp-json\/wp\/v2\/media?parent=87180"}],"wp:term":[{"taxonomy":"product_brand","embeddable":true,"href":"https:\/\/exlibris.ee\/ru\/wp-json\/wp\/v2\/product_brand?post=87180"},{"taxonomy":"product_cat","embeddable":true,"href":"https:\/\/exlibris.ee\/ru\/wp-json\/wp\/v2\/product_cat?post=87180"},{"taxonomy":"product_tag","embeddable":true,"href":"https:\/\/exlibris.ee\/ru\/wp-json\/wp\/v2\/product_tag?post=87180"},{"taxonomy":"series","embeddable":true,"href":"https:\/\/exlibris.ee\/ru\/wp-json\/wp\/v2\/series?post=87180"},{"taxonomy":"publisher","embeddable":true,"href":"https:\/\/exlibris.ee\/ru\/wp-json\/wp\/v2\/publisher?post=87180"}],"curies":[{"name":"wp","href":"https:\/\/api.w.org\/{rel}","templated":true}]}}