{"id":87433,"date":"2023-07-17T15:30:43","date_gmt":"2023-07-17T12:30:43","guid":{"rendered":"https:\/\/exlibris.ee\/toode\/berliner-platz-3-neu-audio-cd-z-lb1\/"},"modified":"2026-04-04T03:09:38","modified_gmt":"2026-04-04T00:09:38","slug":"berliner-platz-3-neu-audio-cd-z-lb1","status":"publish","type":"product","link":"https:\/\/exlibris.ee\/ru\/produkt\/berliner-platz-3-neu-audio-cd-z-lb1\/","title":{"rendered":"Berliner Platz 3 NEU, Audio-CD z.LB1"},"content":{"rendered":"<p>Die Audio-CD zum Lehrbuch von Berliner Platz NEU B1 (Kapitel 25\u201330) enth\u00e4lt die H\u00f6rtexte zu allen Aufgaben, die im Lehrbuch mit dem CD-Symbol gekennzeichnet sind, sowie H\u00f6rtexte zu den Aussprache\u00fcbungen.<\/p>\n","protected":false},"excerpt":{"rendered":"<p>Die Audio-CD zum Lehrbuch von Berliner Platz NEU B1 (Kapitel 25\u201330) enth\u00e4lt die H\u00f6rtexte zu allen Aufgaben, die im Lehrbuch mit dem CD-Symbol gekennzeichnet sind, sowie H\u00f6rtexte zu den Aussprache\u00fcbungen.<\/p>\n","protected":false},"featured_media":87194,"template":"","meta":{"_acf_changed":false,"inline_featured_image":false},"product_brand":[],"product_cat":[538],"product_tag":[],"series":[{"id":905,"name":"Berliner Platz NEU","slug":"berliner-platz-neu"}],"publisher":[{"id":473,"name":"Klett Verlag","slug":"klett-verlag"}],"class_list":{"0":"post-87433","1":"product","2":"type-product","3":"status-publish","4":"has-post-thumbnail","6":"product_cat-lehrwerke-fur-erwachsene","7":"series-berliner-platz-neu","8":"publisher-klett-verlag","10":"first","11":"onbackorder","12":"taxable","13":"shipping-taxable","14":"purchasable","15":"product-type-simple"},"acf":[],"_links":{"self":[{"href":"https:\/\/exlibris.ee\/ru\/wp-json\/wp\/v2\/product\/87433","targetHints":{"allow":["GET"]}}],"collection":[{"href":"https:\/\/exlibris.ee\/ru\/wp-json\/wp\/v2\/product"}],"about":[{"href":"https:\/\/exlibris.ee\/ru\/wp-json\/wp\/v2\/types\/product"}],"wp:featuredmedia":[{"embeddable":true,"href":"https:\/\/exlibris.ee\/ru\/wp-json\/wp\/v2\/media\/87194"}],"wp:attachment":[{"href":"https:\/\/exlibris.ee\/ru\/wp-json\/wp\/v2\/media?parent=87433"}],"wp:term":[{"taxonomy":"product_brand","embeddable":true,"href":"https:\/\/exlibris.ee\/ru\/wp-json\/wp\/v2\/product_brand?post=87433"},{"taxonomy":"product_cat","embeddable":true,"href":"https:\/\/exlibris.ee\/ru\/wp-json\/wp\/v2\/product_cat?post=87433"},{"taxonomy":"product_tag","embeddable":true,"href":"https:\/\/exlibris.ee\/ru\/wp-json\/wp\/v2\/product_tag?post=87433"},{"taxonomy":"series","embeddable":true,"href":"https:\/\/exlibris.ee\/ru\/wp-json\/wp\/v2\/series?post=87433"},{"taxonomy":"publisher","embeddable":true,"href":"https:\/\/exlibris.ee\/ru\/wp-json\/wp\/v2\/publisher?post=87433"}],"curies":[{"name":"wp","href":"https:\/\/api.w.org\/{rel}","templated":true}]}}