{"id":87443,"date":"2023-07-17T15:30:45","date_gmt":"2023-07-17T12:30:45","guid":{"rendered":"https:\/\/exlibris.ee\/toode\/netzwerk-a2-kursbuch-gesamtband-2-cds\/"},"modified":"2026-04-06T09:08:03","modified_gmt":"2026-04-06T06:08:03","slug":"netzwerk-a2-kursbuch-gesamtband-2-cds","status":"publish","type":"product","link":"https:\/\/exlibris.ee\/ru\/produkt\/netzwerk-a2-kursbuch-gesamtband-2-cds\/","title":{"rendered":"Netzwerk A2, Kursbuch Gesamtband + 2 CDs"},"content":{"rendered":"<p>Das Kursbuch zu Netzwerk A2 (Kapitel 1\u201312) stellt die Lernenden ins Zentrum des Sprachenlernens vermittelt Redemittel, Wortschatz und Grammatik kleinschrittig, kontextgebunden und kommunikationsrelevant ber\u00fccksichtigt Mehrsprachigkeit, Muttersprache und gesprochene Sprache von Anfang an bereitet auf die Pr\u00fcfung \u201eStart Deutsch 2\u201c und das \u00d6sterreichische Sprachdiplom vor enth\u00e4lt zwei Audio-CDs mit H\u00f6rtexten und Aussprache\u00fcbungen.<\/p>\n","protected":false},"excerpt":{"rendered":"<p>Das Kursbuch zu Netzwerk A2 (Kapitel 1\u201312) stellt die Lernenden ins Zentrum des Sprachenlernens vermittelt Redemittel, Wortschatz und Grammatik kleinschrittig, kontextgebunden und kommunikationsrelevant ber\u00fccksichtigt Mehrsprachigkeit, Muttersprache und gesprochene Sprache von Anfang an bereitet auf die Pr\u00fcfung \u201eStart Deutsch 2\u201c und&#8230;<\/p>\n","protected":false},"featured_media":87230,"template":"","meta":{"_acf_changed":false,"inline_featured_image":false},"product_brand":[],"product_cat":[538],"product_tag":[],"series":[{"id":1388,"name":"Netzwerk","slug":"netzwerk"}],"publisher":[{"id":473,"name":"Klett Verlag","slug":"klett-verlag"}],"class_list":{"0":"post-87443","1":"product","2":"type-product","3":"status-publish","4":"has-post-thumbnail","6":"product_cat-lehrwerke-fur-erwachsene","7":"series-netzwerk","8":"publisher-klett-verlag","10":"first","11":"onbackorder","12":"taxable","13":"shipping-taxable","14":"purchasable","15":"product-type-simple"},"acf":[],"_links":{"self":[{"href":"https:\/\/exlibris.ee\/ru\/wp-json\/wp\/v2\/product\/87443","targetHints":{"allow":["GET"]}}],"collection":[{"href":"https:\/\/exlibris.ee\/ru\/wp-json\/wp\/v2\/product"}],"about":[{"href":"https:\/\/exlibris.ee\/ru\/wp-json\/wp\/v2\/types\/product"}],"wp:featuredmedia":[{"embeddable":true,"href":"https:\/\/exlibris.ee\/ru\/wp-json\/wp\/v2\/media\/87230"}],"wp:attachment":[{"href":"https:\/\/exlibris.ee\/ru\/wp-json\/wp\/v2\/media?parent=87443"}],"wp:term":[{"taxonomy":"product_brand","embeddable":true,"href":"https:\/\/exlibris.ee\/ru\/wp-json\/wp\/v2\/product_brand?post=87443"},{"taxonomy":"product_cat","embeddable":true,"href":"https:\/\/exlibris.ee\/ru\/wp-json\/wp\/v2\/product_cat?post=87443"},{"taxonomy":"product_tag","embeddable":true,"href":"https:\/\/exlibris.ee\/ru\/wp-json\/wp\/v2\/product_tag?post=87443"},{"taxonomy":"series","embeddable":true,"href":"https:\/\/exlibris.ee\/ru\/wp-json\/wp\/v2\/series?post=87443"},{"taxonomy":"publisher","embeddable":true,"href":"https:\/\/exlibris.ee\/ru\/wp-json\/wp\/v2\/publisher?post=87443"}],"curies":[{"name":"wp","href":"https:\/\/api.w.org\/{rel}","templated":true}]}}