{"id":87473,"date":"2023-07-17T15:30:48","date_gmt":"2023-07-17T12:30:48","guid":{"rendered":"https:\/\/exlibris.ee\/toode\/linie-1-b1-lehrerhandbuch\/"},"modified":"2026-04-23T05:29:31","modified_gmt":"2026-04-23T02:29:31","slug":"linie-1-b1-lehrerhandbuch","status":"publish","type":"product","link":"https:\/\/exlibris.ee\/ru\/produkt\/linie-1-b1-lehrerhandbuch\/","title":{"rendered":"Linie 1, B1, Lehrerhandbuch"},"content":{"rendered":"<p>Das Lehrerhandbuch zu Linie 1 B1 bietet Erl\u00e4uterungen zu den Aufgaben im Kursbuchteil, die die Planung, Vorbereitung und Durchf\u00fchrung des Unterrichts unterst\u00fctzen, sowie wichtige Informationen \u00fcber das Konzept und die Vernetzung der Komponenten von Linie 1. In den Unterrichtsvorschl\u00e4gen wird der Ablauf der einzelnen Aufgaben verdeutlicht und es werden Vorschl\u00e4ge f\u00fcr Erweiterungen und Varianten gemacht.<\/p>\n","protected":false},"excerpt":{"rendered":"<p>Das Lehrerhandbuch zu Linie 1 B1 bietet Erl\u00e4uterungen zu den Aufgaben im Kursbuchteil, die die Planung, Vorbereitung und Durchf\u00fchrung des Unterrichts unterst\u00fctzen, sowie wichtige Informationen \u00fcber das Konzept und die Vernetzung der Komponenten von Linie 1. In den Unterrichtsvorschl\u00e4gen wird&#8230;<\/p>\n","protected":false},"featured_media":422507,"template":"","meta":{"_acf_changed":false,"inline_featured_image":false},"product_brand":[],"product_cat":[538],"product_tag":[],"series":[{"id":914,"name":"Linie 1","slug":"linie-1"}],"publisher":[{"id":473,"name":"Klett Verlag","slug":"klett-verlag"}],"class_list":{"0":"post-87473","1":"product","2":"type-product","3":"status-publish","4":"has-post-thumbnail","6":"product_cat-lehrwerke-fur-erwachsene","7":"series-linie-1","8":"publisher-klett-verlag","10":"first","11":"onbackorder","12":"taxable","13":"shipping-taxable","14":"purchasable","15":"product-type-simple"},"acf":[],"_links":{"self":[{"href":"https:\/\/exlibris.ee\/ru\/wp-json\/wp\/v2\/product\/87473","targetHints":{"allow":["GET"]}}],"collection":[{"href":"https:\/\/exlibris.ee\/ru\/wp-json\/wp\/v2\/product"}],"about":[{"href":"https:\/\/exlibris.ee\/ru\/wp-json\/wp\/v2\/types\/product"}],"wp:featuredmedia":[{"embeddable":true,"href":"https:\/\/exlibris.ee\/ru\/wp-json\/wp\/v2\/media\/422507"}],"wp:attachment":[{"href":"https:\/\/exlibris.ee\/ru\/wp-json\/wp\/v2\/media?parent=87473"}],"wp:term":[{"taxonomy":"product_brand","embeddable":true,"href":"https:\/\/exlibris.ee\/ru\/wp-json\/wp\/v2\/product_brand?post=87473"},{"taxonomy":"product_cat","embeddable":true,"href":"https:\/\/exlibris.ee\/ru\/wp-json\/wp\/v2\/product_cat?post=87473"},{"taxonomy":"product_tag","embeddable":true,"href":"https:\/\/exlibris.ee\/ru\/wp-json\/wp\/v2\/product_tag?post=87473"},{"taxonomy":"series","embeddable":true,"href":"https:\/\/exlibris.ee\/ru\/wp-json\/wp\/v2\/series?post=87473"},{"taxonomy":"publisher","embeddable":true,"href":"https:\/\/exlibris.ee\/ru\/wp-json\/wp\/v2\/publisher?post=87473"}],"curies":[{"name":"wp","href":"https:\/\/api.w.org\/{rel}","templated":true}]}}