{"id":87479,"date":"2023-07-17T15:30:48","date_gmt":"2023-07-17T12:30:48","guid":{"rendered":"https:\/\/exlibris.ee\/toode\/linie-1-intensivtrainer-b2-2\/"},"modified":"2026-04-07T21:16:10","modified_gmt":"2026-04-07T18:16:10","slug":"linie-1-intensivtrainer-b2-2","status":"publish","type":"product","link":"https:\/\/exlibris.ee\/ru\/produkt\/linie-1-intensivtrainer-b2-2\/","title":{"rendered":"Linie 1, Intensivtrainer B2.2"},"content":{"rendered":"<p>Der Intensivtrainer enth\u00e4lt zu jedem Kapitel des Kurs- und \u00dcbungsbuchs sechs Seiten mit zus\u00e4tzlichen \u00dcbungen sowie zwei weitere Kapitel zur Grammatikwiederholung. Zur selbstst\u00e4ndigen Festigung von Wortschatz und Grammatik Zum Training der wichtigsten W\u00f6rter und Alltagsausdr\u00fccke aus dem Kapitel Die Rubriken \u201eIhre W\u00f6rter und S\u00e4tze\u201c und \u201eIhr Text\u201c f\u00f6rderndie selbstst\u00e4ndige Spracherweiterung. Der L\u00f6sungsschl\u00fcssel erm\u00f6glicht die eigenst\u00e4ndige Erfolgskontrolle.<\/p>\n","protected":false},"excerpt":{"rendered":"<p>Der Intensivtrainer enth\u00e4lt zu jedem Kapitel des Kurs- und \u00dcbungsbuchs sechs Seiten mit zus\u00e4tzlichen \u00dcbungen sowie zwei weitere Kapitel zur Grammatikwiederholung. Zur selbstst\u00e4ndigen Festigung von Wortschatz und Grammatik Zum Training der wichtigsten W\u00f6rter und Alltagsausdr\u00fccke aus dem Kapitel Die Rubriken&#8230;<\/p>\n","protected":false},"featured_media":87347,"template":"","meta":{"_acf_changed":false,"inline_featured_image":false},"product_brand":[],"product_cat":[538],"product_tag":[],"series":[{"id":914,"name":"Linie 1","slug":"linie-1"}],"publisher":[{"id":473,"name":"Klett Verlag","slug":"klett-verlag"}],"class_list":{"0":"post-87479","1":"product","2":"type-product","3":"status-publish","4":"has-post-thumbnail","6":"product_cat-lehrwerke-fur-erwachsene","7":"series-linie-1","8":"publisher-klett-verlag","10":"first","11":"onbackorder","12":"taxable","13":"shipping-taxable","14":"purchasable","15":"product-type-simple"},"acf":[],"_links":{"self":[{"href":"https:\/\/exlibris.ee\/ru\/wp-json\/wp\/v2\/product\/87479","targetHints":{"allow":["GET"]}}],"collection":[{"href":"https:\/\/exlibris.ee\/ru\/wp-json\/wp\/v2\/product"}],"about":[{"href":"https:\/\/exlibris.ee\/ru\/wp-json\/wp\/v2\/types\/product"}],"wp:featuredmedia":[{"embeddable":true,"href":"https:\/\/exlibris.ee\/ru\/wp-json\/wp\/v2\/media\/87347"}],"wp:attachment":[{"href":"https:\/\/exlibris.ee\/ru\/wp-json\/wp\/v2\/media?parent=87479"}],"wp:term":[{"taxonomy":"product_brand","embeddable":true,"href":"https:\/\/exlibris.ee\/ru\/wp-json\/wp\/v2\/product_brand?post=87479"},{"taxonomy":"product_cat","embeddable":true,"href":"https:\/\/exlibris.ee\/ru\/wp-json\/wp\/v2\/product_cat?post=87479"},{"taxonomy":"product_tag","embeddable":true,"href":"https:\/\/exlibris.ee\/ru\/wp-json\/wp\/v2\/product_tag?post=87479"},{"taxonomy":"series","embeddable":true,"href":"https:\/\/exlibris.ee\/ru\/wp-json\/wp\/v2\/series?post=87479"},{"taxonomy":"publisher","embeddable":true,"href":"https:\/\/exlibris.ee\/ru\/wp-json\/wp\/v2\/publisher?post=87479"}],"curies":[{"name":"wp","href":"https:\/\/api.w.org\/{rel}","templated":true}]}}