{"id":87484,"date":"2023-07-17T15:30:49","date_gmt":"2023-07-17T12:30:49","guid":{"rendered":"https:\/\/exlibris.ee\/toode\/linie-1-b1-b2-bruckenelement-intensivtrainer\/"},"modified":"2026-04-07T21:16:12","modified_gmt":"2026-04-07T18:16:12","slug":"linie-1-b1-b2-bruckenelement-intensivtrainer","status":"publish","type":"product","link":"https:\/\/exlibris.ee\/ru\/produkt\/linie-1-b1-b2-bruckenelement-intensivtrainer\/","title":{"rendered":"Linie 1 B1\/B2 Br\u00fcckenelement Intensivtrainer"},"content":{"rendered":"<p>Der Intensivtrainer Linie 1 Beruf B1\/B2 Br\u00fcckenelement enth\u00e4lt zu jedem Kapitel des Kurs- und \u00dcbungsbuchs sechs Seiten mit zus\u00e4tzlichen \u00dcbungen sowie zwei weitere Kapitel zur Grammatikwiederholung. Selbstst\u00e4ndige Festigung von Wortschatz und Grammatik Training der wichtigsten W\u00f6rter und Ausdr\u00fccke aus dem Kapitel F\u00f6rderung der eigenst\u00e4ndigen Spracherweiterung durch die Rubriken \u201eIhre W\u00f6rter und S\u00e4tze\u201c und \u201eIhr Text\u201c L\u00f6sungsschl\u00fcssel zur Selbstkontrolle.<\/p>\n","protected":false},"excerpt":{"rendered":"<p>Der Intensivtrainer Linie 1 Beruf B1\/B2 Br\u00fcckenelement enth\u00e4lt zu jedem Kapitel des Kurs- und \u00dcbungsbuchs sechs Seiten mit zus\u00e4tzlichen \u00dcbungen sowie zwei weitere Kapitel zur Grammatikwiederholung. Selbstst\u00e4ndige Festigung von Wortschatz und Grammatik Training der wichtigsten W\u00f6rter und Ausdr\u00fccke aus dem&#8230;<\/p>\n","protected":false},"featured_media":87371,"template":"","meta":{"_acf_changed":false,"inline_featured_image":false},"product_brand":[],"product_cat":[538],"product_tag":[],"series":[{"id":915,"name":"Linie 1 Beruf","slug":"linie-1-beruf"}],"publisher":[{"id":473,"name":"Klett Verlag","slug":"klett-verlag"}],"class_list":{"0":"post-87484","1":"product","2":"type-product","3":"status-publish","4":"has-post-thumbnail","6":"product_cat-lehrwerke-fur-erwachsene","7":"series-linie-1-beruf","8":"publisher-klett-verlag","10":"first","11":"onbackorder","12":"taxable","13":"shipping-taxable","14":"purchasable","15":"product-type-simple"},"acf":[],"_links":{"self":[{"href":"https:\/\/exlibris.ee\/ru\/wp-json\/wp\/v2\/product\/87484","targetHints":{"allow":["GET"]}}],"collection":[{"href":"https:\/\/exlibris.ee\/ru\/wp-json\/wp\/v2\/product"}],"about":[{"href":"https:\/\/exlibris.ee\/ru\/wp-json\/wp\/v2\/types\/product"}],"wp:featuredmedia":[{"embeddable":true,"href":"https:\/\/exlibris.ee\/ru\/wp-json\/wp\/v2\/media\/87371"}],"wp:attachment":[{"href":"https:\/\/exlibris.ee\/ru\/wp-json\/wp\/v2\/media?parent=87484"}],"wp:term":[{"taxonomy":"product_brand","embeddable":true,"href":"https:\/\/exlibris.ee\/ru\/wp-json\/wp\/v2\/product_brand?post=87484"},{"taxonomy":"product_cat","embeddable":true,"href":"https:\/\/exlibris.ee\/ru\/wp-json\/wp\/v2\/product_cat?post=87484"},{"taxonomy":"product_tag","embeddable":true,"href":"https:\/\/exlibris.ee\/ru\/wp-json\/wp\/v2\/product_tag?post=87484"},{"taxonomy":"series","embeddable":true,"href":"https:\/\/exlibris.ee\/ru\/wp-json\/wp\/v2\/series?post=87484"},{"taxonomy":"publisher","embeddable":true,"href":"https:\/\/exlibris.ee\/ru\/wp-json\/wp\/v2\/publisher?post=87484"}],"curies":[{"name":"wp","href":"https:\/\/api.w.org\/{rel}","templated":true}]}}