{"id":87486,"date":"2023-07-17T15:30:49","date_gmt":"2023-07-17T12:30:49","guid":{"rendered":"https:\/\/exlibris.ee\/toode\/linie-1-b1-b2-bruckenelement-b2-fur-bsk-mit-dtb-uhb\/"},"modified":"2026-04-07T03:24:19","modified_gmt":"2026-04-07T00:24:19","slug":"linie-1-b1-b2-bruckenelement-b2-fur-bsk-mit-dtb-uhb","status":"publish","type":"product","link":"https:\/\/exlibris.ee\/ru\/produkt\/linie-1-b1-b2-bruckenelement-b2-fur-bsk-mit-dtb-uhb\/","title":{"rendered":"Linie 1 B1-B2 Br\u00fcckenelement + B2 f\u00fcr BSK mit DTB UHB"},"content":{"rendered":"<p>Das Unterrichtshandbuch zu Linie 1 Beruf B1\/B2 Br\u00fcckenelement und Linie 1 Beruf B2 enth\u00e4lt wichtige Informationen zum Lehrwerkskonzept und zur Vernetzung der einzelnen Komponenten. Unterrichtsvorschl\u00e4ge und Erl\u00e4uterungen zu den Aufgaben im Kursbuch und zu den Testtrainings Detaillierte Informationen und Hinweise zu M\u00f6glichkeiten der Binnendifferenzierung Kapiteltests und Material zur Lernerfolgskontrolle im Br\u00fcckenelement B1\/B2 Didaktisches Glossar, Kopiervorlagen sowie L\u00f6sungen zu den Kursbuchaufgaben.<\/p>\n","protected":false},"excerpt":{"rendered":"<p>Das Unterrichtshandbuch zu Linie 1 Beruf B1\/B2 Br\u00fcckenelement und Linie 1 Beruf B2 enth\u00e4lt wichtige Informationen zum Lehrwerkskonzept und zur Vernetzung der einzelnen Komponenten. Unterrichtsvorschl\u00e4ge und Erl\u00e4uterungen zu den Aufgaben im Kursbuch und zu den Testtrainings Detaillierte Informationen und Hinweise&#8230;<\/p>\n","protected":false},"featured_media":87377,"template":"","meta":{"_acf_changed":false,"inline_featured_image":false},"product_brand":[],"product_cat":[538],"product_tag":[],"series":[{"id":915,"name":"Linie 1 Beruf","slug":"linie-1-beruf"}],"publisher":[{"id":473,"name":"Klett Verlag","slug":"klett-verlag"}],"class_list":{"0":"post-87486","1":"product","2":"type-product","3":"status-publish","4":"has-post-thumbnail","6":"product_cat-lehrwerke-fur-erwachsene","7":"series-linie-1-beruf","8":"publisher-klett-verlag","10":"first","11":"onbackorder","12":"taxable","13":"shipping-taxable","14":"purchasable","15":"product-type-simple"},"acf":[],"_links":{"self":[{"href":"https:\/\/exlibris.ee\/ru\/wp-json\/wp\/v2\/product\/87486","targetHints":{"allow":["GET"]}}],"collection":[{"href":"https:\/\/exlibris.ee\/ru\/wp-json\/wp\/v2\/product"}],"about":[{"href":"https:\/\/exlibris.ee\/ru\/wp-json\/wp\/v2\/types\/product"}],"wp:featuredmedia":[{"embeddable":true,"href":"https:\/\/exlibris.ee\/ru\/wp-json\/wp\/v2\/media\/87377"}],"wp:attachment":[{"href":"https:\/\/exlibris.ee\/ru\/wp-json\/wp\/v2\/media?parent=87486"}],"wp:term":[{"taxonomy":"product_brand","embeddable":true,"href":"https:\/\/exlibris.ee\/ru\/wp-json\/wp\/v2\/product_brand?post=87486"},{"taxonomy":"product_cat","embeddable":true,"href":"https:\/\/exlibris.ee\/ru\/wp-json\/wp\/v2\/product_cat?post=87486"},{"taxonomy":"product_tag","embeddable":true,"href":"https:\/\/exlibris.ee\/ru\/wp-json\/wp\/v2\/product_tag?post=87486"},{"taxonomy":"series","embeddable":true,"href":"https:\/\/exlibris.ee\/ru\/wp-json\/wp\/v2\/series?post=87486"},{"taxonomy":"publisher","embeddable":true,"href":"https:\/\/exlibris.ee\/ru\/wp-json\/wp\/v2\/publisher?post=87486"}],"curies":[{"name":"wp","href":"https:\/\/api.w.org\/{rel}","templated":true}]}}