{"id":87493,"date":"2023-07-17T15:30:50","date_gmt":"2023-07-17T12:30:50","guid":{"rendered":"https:\/\/exlibris.ee\/toode\/die-neue-linie-1-a1-unterrichtshandbuch\/"},"modified":"2026-04-14T19:14:38","modified_gmt":"2026-04-14T16:14:38","slug":"die-neue-linie-1-a1-unterrichtshandbuch","status":"publish","type":"product","link":"https:\/\/exlibris.ee\/ru\/produkt\/die-neue-linie-1-a1-unterrichtshandbuch\/","title":{"rendered":"Die neue Linie 1 A1 Unterrichtshandbuch"},"content":{"rendered":"<p>Unterst\u00fctzung bei der Planung, Vorbereitung und Durchf\u00fchrung des Unterrichts mit Die neue Linie 1 Ausf\u00fchrliche Darstellung des Lehrwerkskonzepts Hinweise und Erl\u00e4uterungen zu den Aufgaben im Kursbuch Vorschl\u00e4ge zur Binnendifferenzierung, Erweiterung und alternativen Gestaltung des Unterrichts Zus\u00e4tzliche Kopiervorlagen, L\u00f6sungen, Transkriptionen der H\u00f6rtexte sowie ein didaktisches Glossar Kapiteltests zur regelm\u00e4\u00dfigen Lernstandserhebung.<\/p>\n","protected":false},"excerpt":{"rendered":"<p>Unterst\u00fctzung bei der Planung, Vorbereitung und Durchf\u00fchrung des Unterrichts mit Die neue Linie 1 Ausf\u00fchrliche Darstellung des Lehrwerkskonzepts Hinweise und Erl\u00e4uterungen zu den Aufgaben im Kursbuch Vorschl\u00e4ge zur Binnendifferenzierung, Erweiterung und alternativen Gestaltung des Unterrichts Zus\u00e4tzliche Kopiervorlagen, L\u00f6sungen, Transkriptionen der&#8230;<\/p>\n","protected":false},"featured_media":268719,"template":"","meta":{"_acf_changed":false,"inline_featured_image":false},"product_brand":[],"product_cat":[538],"product_tag":[],"series":[{"id":1389,"name":"Die neue Linie 1","slug":"die-neue-linie-1"}],"publisher":[{"id":473,"name":"Klett Verlag","slug":"klett-verlag"}],"class_list":{"0":"post-87493","1":"product","2":"type-product","3":"status-publish","4":"has-post-thumbnail","6":"product_cat-lehrwerke-fur-erwachsene","7":"series-die-neue-linie-1","8":"publisher-klett-verlag","10":"first","11":"onbackorder","12":"taxable","13":"shipping-taxable","14":"purchasable","15":"product-type-simple"},"acf":[],"_links":{"self":[{"href":"https:\/\/exlibris.ee\/ru\/wp-json\/wp\/v2\/product\/87493","targetHints":{"allow":["GET"]}}],"collection":[{"href":"https:\/\/exlibris.ee\/ru\/wp-json\/wp\/v2\/product"}],"about":[{"href":"https:\/\/exlibris.ee\/ru\/wp-json\/wp\/v2\/types\/product"}],"wp:featuredmedia":[{"embeddable":true,"href":"https:\/\/exlibris.ee\/ru\/wp-json\/wp\/v2\/media\/268719"}],"wp:attachment":[{"href":"https:\/\/exlibris.ee\/ru\/wp-json\/wp\/v2\/media?parent=87493"}],"wp:term":[{"taxonomy":"product_brand","embeddable":true,"href":"https:\/\/exlibris.ee\/ru\/wp-json\/wp\/v2\/product_brand?post=87493"},{"taxonomy":"product_cat","embeddable":true,"href":"https:\/\/exlibris.ee\/ru\/wp-json\/wp\/v2\/product_cat?post=87493"},{"taxonomy":"product_tag","embeddable":true,"href":"https:\/\/exlibris.ee\/ru\/wp-json\/wp\/v2\/product_tag?post=87493"},{"taxonomy":"series","embeddable":true,"href":"https:\/\/exlibris.ee\/ru\/wp-json\/wp\/v2\/series?post=87493"},{"taxonomy":"publisher","embeddable":true,"href":"https:\/\/exlibris.ee\/ru\/wp-json\/wp\/v2\/publisher?post=87493"}],"curies":[{"name":"wp","href":"https:\/\/api.w.org\/{rel}","templated":true}]}}