{"id":87494,"date":"2023-07-17T15:30:50","date_gmt":"2023-07-17T12:30:50","guid":{"rendered":"https:\/\/exlibris.ee\/toode\/die-neue-linie-1-a1-intensivtrainer\/"},"modified":"2026-04-13T23:26:59","modified_gmt":"2026-04-13T20:26:59","slug":"die-neue-linie-1-a1-intensivtrainer","status":"publish","type":"product","link":"https:\/\/exlibris.ee\/ru\/produkt\/die-neue-linie-1-a1-intensivtrainer\/","title":{"rendered":"Die neue Linie 1 A1 Intensivtrainer"},"content":{"rendered":"<p>Sechs Seiten mit abwechslungsreichen \u00dcbungen zu jedem Kapitel des Kurs- und \u00dcbungsbuchs Intensive Festigung von Wortschatz und Grammatik Training der wichtigsten W\u00f6rter und Alltagsausdr\u00fccke aus dem jeweiligen Kapitel F\u00f6rderung der selbstst\u00e4ndige Spracherweiterung in den Rubriken \u201eIhre W\u00f6rter und S\u00e4tze\u201c und \u201eIhr Text\u201c Nach jeweils vier Kapiteln \u201eWas kann ich\u201c-Seiten zur selbstst\u00e4ndigen Lernstandkontrolle Mit L\u00f6sungsschl\u00fcssel zu allen \u00dcbungen Als Print- und als Digitalausgabe (BlinkLearning) erh\u00e4ltlich.<\/p>\n","protected":false},"excerpt":{"rendered":"<p>Sechs Seiten mit abwechslungsreichen \u00dcbungen zu jedem Kapitel des Kurs- und \u00dcbungsbuchs Intensive Festigung von Wortschatz und Grammatik Training der wichtigsten W\u00f6rter und Alltagsausdr\u00fccke aus dem jeweiligen Kapitel F\u00f6rderung der selbstst\u00e4ndige Spracherweiterung in den Rubriken \u201eIhre W\u00f6rter und S\u00e4tze\u201c und&#8230;<\/p>\n","protected":false},"featured_media":251810,"template":"","meta":{"_acf_changed":false,"inline_featured_image":false},"product_brand":[],"product_cat":[538],"product_tag":[],"series":[{"id":1389,"name":"Die neue Linie 1","slug":"die-neue-linie-1"}],"publisher":[{"id":473,"name":"Klett Verlag","slug":"klett-verlag"}],"class_list":{"0":"post-87494","1":"product","2":"type-product","3":"status-publish","4":"has-post-thumbnail","6":"product_cat-lehrwerke-fur-erwachsene","7":"series-die-neue-linie-1","8":"publisher-klett-verlag","10":"first","11":"onbackorder","12":"taxable","13":"shipping-taxable","14":"purchasable","15":"product-type-simple"},"acf":[],"_links":{"self":[{"href":"https:\/\/exlibris.ee\/ru\/wp-json\/wp\/v2\/product\/87494","targetHints":{"allow":["GET"]}}],"collection":[{"href":"https:\/\/exlibris.ee\/ru\/wp-json\/wp\/v2\/product"}],"about":[{"href":"https:\/\/exlibris.ee\/ru\/wp-json\/wp\/v2\/types\/product"}],"wp:featuredmedia":[{"embeddable":true,"href":"https:\/\/exlibris.ee\/ru\/wp-json\/wp\/v2\/media\/251810"}],"wp:attachment":[{"href":"https:\/\/exlibris.ee\/ru\/wp-json\/wp\/v2\/media?parent=87494"}],"wp:term":[{"taxonomy":"product_brand","embeddable":true,"href":"https:\/\/exlibris.ee\/ru\/wp-json\/wp\/v2\/product_brand?post=87494"},{"taxonomy":"product_cat","embeddable":true,"href":"https:\/\/exlibris.ee\/ru\/wp-json\/wp\/v2\/product_cat?post=87494"},{"taxonomy":"product_tag","embeddable":true,"href":"https:\/\/exlibris.ee\/ru\/wp-json\/wp\/v2\/product_tag?post=87494"},{"taxonomy":"series","embeddable":true,"href":"https:\/\/exlibris.ee\/ru\/wp-json\/wp\/v2\/series?post=87494"},{"taxonomy":"publisher","embeddable":true,"href":"https:\/\/exlibris.ee\/ru\/wp-json\/wp\/v2\/publisher?post=87494"}],"curies":[{"name":"wp","href":"https:\/\/api.w.org\/{rel}","templated":true}]}}