{"id":87668,"date":"2023-07-17T15:32:01","date_gmt":"2023-07-17T12:32:01","guid":{"rendered":"https:\/\/exlibris.ee\/toode\/daf-kompakt-a1-b1-grammatik\/"},"modified":"2026-04-04T03:13:47","modified_gmt":"2026-04-04T00:13:47","slug":"daf-kompakt-a1-b1-grammatik","status":"publish","type":"product","link":"https:\/\/exlibris.ee\/ru\/produkt\/daf-kompakt-a1-b1-grammatik\/","title":{"rendered":"DaF kompakt A1-B1, Grammatik"},"content":{"rendered":"<p>Umfasst den gesamten Grammatikstoff von A1 bis B1 Enth\u00e4lt alle Grammatikthemen aus DaF kompakt systematisch angeordnet Eignet sich zum Nachschlagen und Wiederholen Kann im Unterricht und zum Selbststudium verwendet werden Enth\u00e4lt im Anhang eine Liste der unregelm\u00e4\u00dfigen Verben und der Verben mit Pr\u00e4positionen.<\/p>\n","protected":false},"excerpt":{"rendered":"<p>Umfasst den gesamten Grammatikstoff von A1 bis B1 Enth\u00e4lt alle Grammatikthemen aus DaF kompakt systematisch angeordnet Eignet sich zum Nachschlagen und Wiederholen Kann im Unterricht und zum Selbststudium verwendet werden Enth\u00e4lt im Anhang eine Liste der unregelm\u00e4\u00dfigen Verben und der&#8230;<\/p>\n","protected":false},"featured_media":87538,"template":"","meta":{"_acf_changed":false,"inline_featured_image":false},"product_brand":[],"product_cat":[538],"product_tag":[],"series":[{"id":935,"name":"DaF kompakt","slug":"daf-kompakt"}],"publisher":[{"id":473,"name":"Klett Verlag","slug":"klett-verlag"}],"class_list":{"0":"post-87668","1":"product","2":"type-product","3":"status-publish","4":"has-post-thumbnail","6":"product_cat-lehrwerke-fur-erwachsene","7":"series-daf-kompakt","8":"publisher-klett-verlag","10":"first","11":"onbackorder","12":"taxable","13":"shipping-taxable","14":"purchasable","15":"product-type-simple"},"acf":[],"_links":{"self":[{"href":"https:\/\/exlibris.ee\/ru\/wp-json\/wp\/v2\/product\/87668","targetHints":{"allow":["GET"]}}],"collection":[{"href":"https:\/\/exlibris.ee\/ru\/wp-json\/wp\/v2\/product"}],"about":[{"href":"https:\/\/exlibris.ee\/ru\/wp-json\/wp\/v2\/types\/product"}],"wp:featuredmedia":[{"embeddable":true,"href":"https:\/\/exlibris.ee\/ru\/wp-json\/wp\/v2\/media\/87538"}],"wp:attachment":[{"href":"https:\/\/exlibris.ee\/ru\/wp-json\/wp\/v2\/media?parent=87668"}],"wp:term":[{"taxonomy":"product_brand","embeddable":true,"href":"https:\/\/exlibris.ee\/ru\/wp-json\/wp\/v2\/product_brand?post=87668"},{"taxonomy":"product_cat","embeddable":true,"href":"https:\/\/exlibris.ee\/ru\/wp-json\/wp\/v2\/product_cat?post=87668"},{"taxonomy":"product_tag","embeddable":true,"href":"https:\/\/exlibris.ee\/ru\/wp-json\/wp\/v2\/product_tag?post=87668"},{"taxonomy":"series","embeddable":true,"href":"https:\/\/exlibris.ee\/ru\/wp-json\/wp\/v2\/series?post=87668"},{"taxonomy":"publisher","embeddable":true,"href":"https:\/\/exlibris.ee\/ru\/wp-json\/wp\/v2\/publisher?post=87668"}],"curies":[{"name":"wp","href":"https:\/\/api.w.org\/{rel}","templated":true}]}}