{"id":87669,"date":"2023-07-17T15:32:01","date_gmt":"2023-07-17T12:32:01","guid":{"rendered":"https:\/\/exlibris.ee\/toode\/aussichten-b1-integration-spez-cd\/"},"modified":"2026-04-13T05:24:15","modified_gmt":"2026-04-13T02:24:15","slug":"aussichten-b1-integration-spez-cd","status":"publish","type":"product","link":"https:\/\/exlibris.ee\/ru\/produkt\/aussichten-b1-integration-spez-cd\/","title":{"rendered":"Aussichten B1, Integration Spez.+CD"},"content":{"rendered":"<p>Integration Spezial B1 Kursmaterial mit Audio-CD Erg\u00e4nzt das Lehrwerk Aussichten, ist aber auch unabh\u00e4ngig einsetzbar Behandelt Themen, die f\u00fcr Integrationskurse relevant sind Enth\u00e4lt n\u00fctzliche Informationen zur Landeskunde und zum Lebensalltag in Deutschland Trainiert den Umgang mit \u00c4mtern und Beh\u00f6rden Vertieft den interkulturellen Austausch.<\/p>\n","protected":false},"excerpt":{"rendered":"<p>Integration Spezial B1 Kursmaterial mit Audio-CD Erg\u00e4nzt das Lehrwerk Aussichten, ist aber auch unabh\u00e4ngig einsetzbar Behandelt Themen, die f\u00fcr Integrationskurse relevant sind Enth\u00e4lt n\u00fctzliche Informationen zur Landeskunde und zum Lebensalltag in Deutschland Trainiert den Umgang mit \u00c4mtern und Beh\u00f6rden Vertieft&#8230;<\/p>\n","protected":false},"featured_media":235429,"template":"","meta":{"_acf_changed":false,"inline_featured_image":false},"product_brand":[],"product_cat":[538],"product_tag":[],"series":[{"id":936,"name":"Aussichten","slug":"aussichten"}],"publisher":[{"id":473,"name":"Klett Verlag","slug":"klett-verlag"}],"class_list":{"0":"post-87669","1":"product","2":"type-product","3":"status-publish","4":"has-post-thumbnail","6":"product_cat-lehrwerke-fur-erwachsene","7":"series-aussichten","8":"publisher-klett-verlag","10":"first","11":"onbackorder","12":"taxable","13":"shipping-taxable","14":"purchasable","15":"product-type-simple"},"acf":[],"_links":{"self":[{"href":"https:\/\/exlibris.ee\/ru\/wp-json\/wp\/v2\/product\/87669","targetHints":{"allow":["GET"]}}],"collection":[{"href":"https:\/\/exlibris.ee\/ru\/wp-json\/wp\/v2\/product"}],"about":[{"href":"https:\/\/exlibris.ee\/ru\/wp-json\/wp\/v2\/types\/product"}],"wp:featuredmedia":[{"embeddable":true,"href":"https:\/\/exlibris.ee\/ru\/wp-json\/wp\/v2\/media\/235429"}],"wp:attachment":[{"href":"https:\/\/exlibris.ee\/ru\/wp-json\/wp\/v2\/media?parent=87669"}],"wp:term":[{"taxonomy":"product_brand","embeddable":true,"href":"https:\/\/exlibris.ee\/ru\/wp-json\/wp\/v2\/product_brand?post=87669"},{"taxonomy":"product_cat","embeddable":true,"href":"https:\/\/exlibris.ee\/ru\/wp-json\/wp\/v2\/product_cat?post=87669"},{"taxonomy":"product_tag","embeddable":true,"href":"https:\/\/exlibris.ee\/ru\/wp-json\/wp\/v2\/product_tag?post=87669"},{"taxonomy":"series","embeddable":true,"href":"https:\/\/exlibris.ee\/ru\/wp-json\/wp\/v2\/series?post=87669"},{"taxonomy":"publisher","embeddable":true,"href":"https:\/\/exlibris.ee\/ru\/wp-json\/wp\/v2\/publisher?post=87669"}],"curies":[{"name":"wp","href":"https:\/\/api.w.org\/{rel}","templated":true}]}}