{"id":87679,"date":"2023-07-17T15:32:02","date_gmt":"2023-07-17T12:32:02","guid":{"rendered":"https:\/\/exlibris.ee\/toode\/daf-leicht-a1-prufungstrainer-mit-audios\/"},"modified":"2026-04-08T15:13:42","modified_gmt":"2026-04-08T12:13:42","slug":"daf-leicht-a1-prufungstrainer-mit-audios","status":"publish","type":"product","link":"https:\/\/exlibris.ee\/ru\/produkt\/daf-leicht-a1-prufungstrainer-mit-audios\/","title":{"rendered":"DaF leicht A1 Pr\u00fcfungstrainer mit Audios"},"content":{"rendered":"<p>Mit DaF leicht sicher in die Pr\u00fcfung! Auf die Pr\u00fcfung vorbereiten Mehr als 120 vertiefende \u00dcbungen zum Lehrwerk Wortschatz und Grammatik systematisieren und \u00fcben Spiralf\u00f6rmiges \u00dcben aller pr\u00fcfungsrelevanten Fertigkeiten und Formate F\u00fcr die Pr\u00fcfung trainieren Nach jeder 2. Lektion intensives Pr\u00fcfungstraining Wiederholung und Festigung des Gelernten N\u00fctzliche Strategien und Tipps zum L\u00f6sen der Aufgaben Die Pr\u00fcfung simulieren Checkliste: Bin ich vorbereitet? Vorstellung der Pr\u00fcfung Modelltest mit kommentierter L\u00f6sung online Sowohl f\u00fcr den Einsatz im Unterricht als auch f\u00fcr Selbstlerner geeignet.<\/p>\n","protected":false},"excerpt":{"rendered":"<p>Mit DaF leicht sicher in die Pr\u00fcfung! Auf die Pr\u00fcfung vorbereiten Mehr als 120 vertiefende \u00dcbungen zum Lehrwerk Wortschatz und Grammatik systematisieren und \u00fcben Spiralf\u00f6rmiges \u00dcben aller pr\u00fcfungsrelevanten Fertigkeiten und Formate F\u00fcr die Pr\u00fcfung trainieren Nach jeder 2. Lektion intensives&#8230;<\/p>\n","protected":false},"featured_media":87631,"template":"","meta":{"_acf_changed":false,"inline_featured_image":false},"product_brand":[],"product_cat":[538],"product_tag":[],"series":[{"id":937,"name":"DaF leicht","slug":"daf-leicht"}],"publisher":[{"id":473,"name":"Klett Verlag","slug":"klett-verlag"}],"class_list":{"0":"post-87679","1":"product","2":"type-product","3":"status-publish","4":"has-post-thumbnail","6":"product_cat-lehrwerke-fur-erwachsene","7":"series-daf-leicht","8":"publisher-klett-verlag","10":"first","11":"onbackorder","12":"taxable","13":"shipping-taxable","14":"purchasable","15":"product-type-simple"},"acf":[],"_links":{"self":[{"href":"https:\/\/exlibris.ee\/ru\/wp-json\/wp\/v2\/product\/87679","targetHints":{"allow":["GET"]}}],"collection":[{"href":"https:\/\/exlibris.ee\/ru\/wp-json\/wp\/v2\/product"}],"about":[{"href":"https:\/\/exlibris.ee\/ru\/wp-json\/wp\/v2\/types\/product"}],"wp:featuredmedia":[{"embeddable":true,"href":"https:\/\/exlibris.ee\/ru\/wp-json\/wp\/v2\/media\/87631"}],"wp:attachment":[{"href":"https:\/\/exlibris.ee\/ru\/wp-json\/wp\/v2\/media?parent=87679"}],"wp:term":[{"taxonomy":"product_brand","embeddable":true,"href":"https:\/\/exlibris.ee\/ru\/wp-json\/wp\/v2\/product_brand?post=87679"},{"taxonomy":"product_cat","embeddable":true,"href":"https:\/\/exlibris.ee\/ru\/wp-json\/wp\/v2\/product_cat?post=87679"},{"taxonomy":"product_tag","embeddable":true,"href":"https:\/\/exlibris.ee\/ru\/wp-json\/wp\/v2\/product_tag?post=87679"},{"taxonomy":"series","embeddable":true,"href":"https:\/\/exlibris.ee\/ru\/wp-json\/wp\/v2\/series?post=87679"},{"taxonomy":"publisher","embeddable":true,"href":"https:\/\/exlibris.ee\/ru\/wp-json\/wp\/v2\/publisher?post=87679"}],"curies":[{"name":"wp","href":"https:\/\/api.w.org\/{rel}","templated":true}]}}