{"id":87682,"date":"2023-07-17T15:32:02","date_gmt":"2023-07-17T12:32:02","guid":{"rendered":"https:\/\/exlibris.ee\/toode\/daf-kompakt-neu-kursbuch-a1-b1\/"},"modified":"2026-04-13T23:29:53","modified_gmt":"2026-04-13T20:29:53","slug":"daf-kompakt-neu-kursbuch-a1-b1","status":"publish","type":"product","link":"https:\/\/exlibris.ee\/ru\/produkt\/daf-kompakt-neu-kursbuch-a1-b1\/","title":{"rendered":"DaF kompakt neu, Kursbuch A1-B1"},"content":{"rendered":"<p>Der Kompaktband des Anf\u00e4ngerlehrwerks DaF kompakt neu f\u00fchrt Lernende, die schnell mit Deutsch durchstarten wollen, von A1 bis B1. Es ist besonders geeignet f\u00fcr Studierende und Berufseinsteiger in Intensivkursen, z. B. an Goethe-Instituten und Universit\u00e4ten.<\/p>\n","protected":false},"excerpt":{"rendered":"<p>Der Kompaktband des Anf\u00e4ngerlehrwerks DaF kompakt neu f\u00fchrt Lernende, die schnell mit Deutsch durchstarten wollen, von A1 bis B1. Es ist besonders geeignet f\u00fcr Studierende und Berufseinsteiger in Intensivkursen, z. B. an Goethe-Instituten und Universit\u00e4ten.<\/p>\n","protected":false},"featured_media":252162,"template":"","meta":{"_acf_changed":false,"inline_featured_image":false},"product_brand":[],"product_cat":[538],"product_tag":[],"series":[{"id":1390,"name":"DaF kompakt neu","slug":"daf-kompakt-neu"}],"publisher":[{"id":473,"name":"Klett Verlag","slug":"klett-verlag"}],"class_list":{"0":"post-87682","1":"product","2":"type-product","3":"status-publish","4":"has-post-thumbnail","6":"product_cat-lehrwerke-fur-erwachsene","7":"series-daf-kompakt-neu","8":"publisher-klett-verlag","10":"first","11":"onbackorder","12":"taxable","13":"shipping-taxable","14":"purchasable","15":"product-type-simple"},"acf":[],"_links":{"self":[{"href":"https:\/\/exlibris.ee\/ru\/wp-json\/wp\/v2\/product\/87682","targetHints":{"allow":["GET"]}}],"collection":[{"href":"https:\/\/exlibris.ee\/ru\/wp-json\/wp\/v2\/product"}],"about":[{"href":"https:\/\/exlibris.ee\/ru\/wp-json\/wp\/v2\/types\/product"}],"wp:featuredmedia":[{"embeddable":true,"href":"https:\/\/exlibris.ee\/ru\/wp-json\/wp\/v2\/media\/252162"}],"wp:attachment":[{"href":"https:\/\/exlibris.ee\/ru\/wp-json\/wp\/v2\/media?parent=87682"}],"wp:term":[{"taxonomy":"product_brand","embeddable":true,"href":"https:\/\/exlibris.ee\/ru\/wp-json\/wp\/v2\/product_brand?post=87682"},{"taxonomy":"product_cat","embeddable":true,"href":"https:\/\/exlibris.ee\/ru\/wp-json\/wp\/v2\/product_cat?post=87682"},{"taxonomy":"product_tag","embeddable":true,"href":"https:\/\/exlibris.ee\/ru\/wp-json\/wp\/v2\/product_tag?post=87682"},{"taxonomy":"series","embeddable":true,"href":"https:\/\/exlibris.ee\/ru\/wp-json\/wp\/v2\/series?post=87682"},{"taxonomy":"publisher","embeddable":true,"href":"https:\/\/exlibris.ee\/ru\/wp-json\/wp\/v2\/publisher?post=87682"}],"curies":[{"name":"wp","href":"https:\/\/api.w.org\/{rel}","templated":true}]}}