{"id":87706,"date":"2023-07-17T15:33:00","date_gmt":"2023-07-17T12:33:00","guid":{"rendered":"https:\/\/exlibris.ee\/toode\/kurs-daf-a1-kurs-ubungsbuch\/"},"modified":"2026-04-04T03:14:51","modified_gmt":"2026-04-04T00:14:51","slug":"kurs-daf-a1-kurs-ubungsbuch","status":"publish","type":"product","link":"https:\/\/exlibris.ee\/ru\/produkt\/kurs-daf-a1-kurs-ubungsbuch\/","title":{"rendered":"Kurs DaF A1  Kurs-\/\u00dcbungsbuch"},"content":{"rendered":"<p>Das neue Lehrwerk f\u00fcr Studierende und Lerngewohnte ab 16 Jahren f\u00f6rdert konsequent die Selbstlernkompetenz, f\u00fchrt zu schnellen Lernerfolgen und ist flexibel f\u00fcr verschiedene Kursformate nutzbar.<\/p>\n","protected":false},"excerpt":{"rendered":"<p>Das neue Lehrwerk f\u00fcr Studierende und Lerngewohnte ab 16 Jahren f\u00f6rdert konsequent die Selbstlernkompetenz, f\u00fchrt zu schnellen Lernerfolgen und ist flexibel f\u00fcr verschiedene Kursformate nutzbar.<\/p>\n","protected":false},"featured_media":87696,"template":"","meta":{"_acf_changed":false,"inline_featured_image":false},"product_brand":[],"product_cat":[538],"product_tag":[],"series":[{"id":1391,"name":"Kurs DaF","slug":"kurs-daf"}],"publisher":[{"id":473,"name":"Klett Verlag","slug":"klett-verlag"}],"class_list":{"0":"post-87706","1":"product","2":"type-product","3":"status-publish","4":"has-post-thumbnail","6":"product_cat-lehrwerke-fur-erwachsene","7":"series-kurs-daf","8":"publisher-klett-verlag","10":"first","11":"onbackorder","12":"taxable","13":"shipping-taxable","14":"purchasable","15":"product-type-simple"},"acf":[],"_links":{"self":[{"href":"https:\/\/exlibris.ee\/ru\/wp-json\/wp\/v2\/product\/87706","targetHints":{"allow":["GET"]}}],"collection":[{"href":"https:\/\/exlibris.ee\/ru\/wp-json\/wp\/v2\/product"}],"about":[{"href":"https:\/\/exlibris.ee\/ru\/wp-json\/wp\/v2\/types\/product"}],"wp:featuredmedia":[{"embeddable":true,"href":"https:\/\/exlibris.ee\/ru\/wp-json\/wp\/v2\/media\/87696"}],"wp:attachment":[{"href":"https:\/\/exlibris.ee\/ru\/wp-json\/wp\/v2\/media?parent=87706"}],"wp:term":[{"taxonomy":"product_brand","embeddable":true,"href":"https:\/\/exlibris.ee\/ru\/wp-json\/wp\/v2\/product_brand?post=87706"},{"taxonomy":"product_cat","embeddable":true,"href":"https:\/\/exlibris.ee\/ru\/wp-json\/wp\/v2\/product_cat?post=87706"},{"taxonomy":"product_tag","embeddable":true,"href":"https:\/\/exlibris.ee\/ru\/wp-json\/wp\/v2\/product_tag?post=87706"},{"taxonomy":"series","embeddable":true,"href":"https:\/\/exlibris.ee\/ru\/wp-json\/wp\/v2\/series?post=87706"},{"taxonomy":"publisher","embeddable":true,"href":"https:\/\/exlibris.ee\/ru\/wp-json\/wp\/v2\/publisher?post=87706"}],"curies":[{"name":"wp","href":"https:\/\/api.w.org\/{rel}","templated":true}]}}