{"id":89517,"date":"2023-07-21T12:06:33","date_gmt":"2023-07-21T09:06:33","guid":{"rendered":"https:\/\/exlibris.ee\/toode\/netzwerk-b1-kursbuch-2-cds-dvd\/"},"modified":"2026-04-05T13:36:29","modified_gmt":"2026-04-05T10:36:29","slug":"netzwerk-b1-kursbuch-2-cds-dvd","status":"publish","type":"product","link":"https:\/\/exlibris.ee\/ru\/produkt\/netzwerk-b1-kursbuch-2-cds-dvd\/","title":{"rendered":"Netzwerk B1, Kursbuch + 2 CDs + DVD"},"content":{"rendered":"<p>Das Kursbuch zu Netzwerk B1 (Kapitel 1\u201312) stellt die Lernenden ins Zentrum des Sprachenlernens vermittelt Redemittel, Wortschatz und Grammatik kleinschrittig, kontextgebunden und kommunikationsrelevant ber\u00fccksichtigt Mehrsprachigkeit, Muttersprache und gesprochene Sprache von Anfang an bereitet auf die Pr\u00fcfungen \u201eZertifikat B1\u201c, \u201eZertifikat Deutsch\u201c und \u201eDeutschTest f\u00fcr Zuwanderer\u201c vor enth\u00e4lt zwei Audio-CDs mit H\u00f6rtexten und Aussprache\u00fcbungen trainiert das H\u00f6r-Seh-Verstehen mit Landeskundeclips auf DVD.<\/p>\n","protected":false},"excerpt":{"rendered":"<p>Das Kursbuch zu Netzwerk B1 (Kapitel 1\u201312) stellt die Lernenden ins Zentrum des Sprachenlernens vermittelt Redemittel, Wortschatz und Grammatik kleinschrittig, kontextgebunden und kommunikationsrelevant ber\u00fccksichtigt Mehrsprachigkeit, Muttersprache und gesprochene Sprache von Anfang an bereitet auf die Pr\u00fcfungen \u201eZertifikat B1\u201c, \u201eZertifikat Deutsch\u201c&#8230;<\/p>\n","protected":false},"featured_media":89387,"template":"","meta":{"_acf_changed":false,"inline_featured_image":false},"product_brand":[],"product_cat":[538],"product_tag":[],"series":[{"id":1388,"name":"Netzwerk","slug":"netzwerk"}],"publisher":[{"id":473,"name":"Klett Verlag","slug":"klett-verlag"}],"class_list":{"0":"post-89517","1":"product","2":"type-product","3":"status-publish","4":"has-post-thumbnail","6":"product_cat-lehrwerke-fur-erwachsene","7":"series-netzwerk","8":"publisher-klett-verlag","10":"first","11":"onbackorder","12":"taxable","13":"shipping-taxable","14":"purchasable","15":"product-type-simple"},"acf":[],"_links":{"self":[{"href":"https:\/\/exlibris.ee\/ru\/wp-json\/wp\/v2\/product\/89517","targetHints":{"allow":["GET"]}}],"collection":[{"href":"https:\/\/exlibris.ee\/ru\/wp-json\/wp\/v2\/product"}],"about":[{"href":"https:\/\/exlibris.ee\/ru\/wp-json\/wp\/v2\/types\/product"}],"wp:featuredmedia":[{"embeddable":true,"href":"https:\/\/exlibris.ee\/ru\/wp-json\/wp\/v2\/media\/89387"}],"wp:attachment":[{"href":"https:\/\/exlibris.ee\/ru\/wp-json\/wp\/v2\/media?parent=89517"}],"wp:term":[{"taxonomy":"product_brand","embeddable":true,"href":"https:\/\/exlibris.ee\/ru\/wp-json\/wp\/v2\/product_brand?post=89517"},{"taxonomy":"product_cat","embeddable":true,"href":"https:\/\/exlibris.ee\/ru\/wp-json\/wp\/v2\/product_cat?post=89517"},{"taxonomy":"product_tag","embeddable":true,"href":"https:\/\/exlibris.ee\/ru\/wp-json\/wp\/v2\/product_tag?post=89517"},{"taxonomy":"series","embeddable":true,"href":"https:\/\/exlibris.ee\/ru\/wp-json\/wp\/v2\/series?post=89517"},{"taxonomy":"publisher","embeddable":true,"href":"https:\/\/exlibris.ee\/ru\/wp-json\/wp\/v2\/publisher?post=89517"}],"curies":[{"name":"wp","href":"https:\/\/api.w.org\/{rel}","templated":true}]}}