{"id":89521,"date":"2023-07-21T12:06:33","date_gmt":"2023-07-21T09:06:33","guid":{"rendered":"https:\/\/exlibris.ee\/toode\/netzwerk-a1-a2-b1-grammatik\/"},"modified":"2026-04-06T07:15:57","modified_gmt":"2026-04-06T04:15:57","slug":"netzwerk-a1-a2-b1-grammatik","status":"publish","type":"product","link":"https:\/\/exlibris.ee\/ru\/produkt\/netzwerk-a1-a2-b1-grammatik\/","title":{"rendered":"Netzwerk A1-A2-B1 Grammatik"},"content":{"rendered":"<p>Die Grammatik zu Netzwerk ist ideal zum Nachschlagen, \u00dcben und Wiederholen enth\u00e4lt einen \u00dcberblick \u00fcber die Grammatik von A1 bis B1 bietet \u00dcbungen zu jedem grammatischen Thema in Netzwerk festigt und erweitert wichtige Strukturen Schritt f\u00fcr Schritt.<\/p>\n","protected":false},"excerpt":{"rendered":"<p>Die Grammatik zu Netzwerk ist ideal zum Nachschlagen, \u00dcben und Wiederholen enth\u00e4lt einen \u00dcberblick \u00fcber die Grammatik von A1 bis B1 bietet \u00dcbungen zu jedem grammatischen Thema in Netzwerk festigt und erweitert wichtige Strukturen Schritt f\u00fcr Schritt.<\/p>\n","protected":false},"featured_media":89399,"template":"","meta":{"_acf_changed":false,"inline_featured_image":false},"product_brand":[],"product_cat":[538],"product_tag":[],"series":[{"id":1388,"name":"Netzwerk","slug":"netzwerk"}],"publisher":[{"id":473,"name":"Klett Verlag","slug":"klett-verlag"}],"class_list":{"0":"post-89521","1":"product","2":"type-product","3":"status-publish","4":"has-post-thumbnail","6":"product_cat-lehrwerke-fur-erwachsene","7":"series-netzwerk","8":"publisher-klett-verlag","10":"first","11":"onbackorder","12":"taxable","13":"shipping-taxable","14":"purchasable","15":"product-type-simple"},"acf":[],"_links":{"self":[{"href":"https:\/\/exlibris.ee\/ru\/wp-json\/wp\/v2\/product\/89521","targetHints":{"allow":["GET"]}}],"collection":[{"href":"https:\/\/exlibris.ee\/ru\/wp-json\/wp\/v2\/product"}],"about":[{"href":"https:\/\/exlibris.ee\/ru\/wp-json\/wp\/v2\/types\/product"}],"wp:featuredmedia":[{"embeddable":true,"href":"https:\/\/exlibris.ee\/ru\/wp-json\/wp\/v2\/media\/89399"}],"wp:attachment":[{"href":"https:\/\/exlibris.ee\/ru\/wp-json\/wp\/v2\/media?parent=89521"}],"wp:term":[{"taxonomy":"product_brand","embeddable":true,"href":"https:\/\/exlibris.ee\/ru\/wp-json\/wp\/v2\/product_brand?post=89521"},{"taxonomy":"product_cat","embeddable":true,"href":"https:\/\/exlibris.ee\/ru\/wp-json\/wp\/v2\/product_cat?post=89521"},{"taxonomy":"product_tag","embeddable":true,"href":"https:\/\/exlibris.ee\/ru\/wp-json\/wp\/v2\/product_tag?post=89521"},{"taxonomy":"series","embeddable":true,"href":"https:\/\/exlibris.ee\/ru\/wp-json\/wp\/v2\/series?post=89521"},{"taxonomy":"publisher","embeddable":true,"href":"https:\/\/exlibris.ee\/ru\/wp-json\/wp\/v2\/publisher?post=89521"}],"curies":[{"name":"wp","href":"https:\/\/api.w.org\/{rel}","templated":true}]}}