{"id":89524,"date":"2023-07-21T12:06:33","date_gmt":"2023-07-21T09:06:33","guid":{"rendered":"https:\/\/exlibris.ee\/toode\/netzwerk-a2-testheft-audio-cd\/"},"modified":"2026-04-06T07:15:57","modified_gmt":"2026-04-06T04:15:57","slug":"netzwerk-a2-testheft-audio-cd","status":"publish","type":"product","link":"https:\/\/exlibris.ee\/ru\/produkt\/netzwerk-a2-testheft-audio-cd\/","title":{"rendered":"Netzwerk A2, Testheft + Audio-CD"},"content":{"rendered":"<p>Das Testheft zu Netzwerk A2 (Kapitel 1\u201312) enth\u00e4lt einen Lernfortschrittstest pro Kapitel bereitet auf die Pr\u00fcfung \u201eStart Deutsch 2\u201c und das \u00d6sterreichische Sprachdiplom vor pr\u00fcft Wortschatz, Grammatik, H\u00f6ren, Lesen, Schreiben und Sprechen bietet Aufgaben im Testformat und Vor\u00fcbungen f\u00fcr die reale Pr\u00fcfungssituation enth\u00e4lt eine Audio-CD mit H\u00f6rtexten zu jedem Test.<\/p>\n","protected":false},"excerpt":{"rendered":"<p>Das Testheft zu Netzwerk A2 (Kapitel 1\u201312) enth\u00e4lt einen Lernfortschrittstest pro Kapitel bereitet auf die Pr\u00fcfung \u201eStart Deutsch 2\u201c und das \u00d6sterreichische Sprachdiplom vor pr\u00fcft Wortschatz, Grammatik, H\u00f6ren, Lesen, Schreiben und Sprechen bietet Aufgaben im Testformat und Vor\u00fcbungen f\u00fcr die&#8230;<\/p>\n","protected":false},"featured_media":89408,"template":"","meta":{"_acf_changed":false,"inline_featured_image":false},"product_brand":[],"product_cat":[538],"product_tag":[],"series":[{"id":1388,"name":"Netzwerk","slug":"netzwerk"}],"publisher":[{"id":473,"name":"Klett Verlag","slug":"klett-verlag"}],"class_list":{"0":"post-89524","1":"product","2":"type-product","3":"status-publish","4":"has-post-thumbnail","6":"product_cat-lehrwerke-fur-erwachsene","7":"series-netzwerk","8":"publisher-klett-verlag","10":"first","11":"onbackorder","12":"taxable","13":"shipping-taxable","14":"purchasable","15":"product-type-simple"},"acf":[],"_links":{"self":[{"href":"https:\/\/exlibris.ee\/ru\/wp-json\/wp\/v2\/product\/89524","targetHints":{"allow":["GET"]}}],"collection":[{"href":"https:\/\/exlibris.ee\/ru\/wp-json\/wp\/v2\/product"}],"about":[{"href":"https:\/\/exlibris.ee\/ru\/wp-json\/wp\/v2\/types\/product"}],"wp:featuredmedia":[{"embeddable":true,"href":"https:\/\/exlibris.ee\/ru\/wp-json\/wp\/v2\/media\/89408"}],"wp:attachment":[{"href":"https:\/\/exlibris.ee\/ru\/wp-json\/wp\/v2\/media?parent=89524"}],"wp:term":[{"taxonomy":"product_brand","embeddable":true,"href":"https:\/\/exlibris.ee\/ru\/wp-json\/wp\/v2\/product_brand?post=89524"},{"taxonomy":"product_cat","embeddable":true,"href":"https:\/\/exlibris.ee\/ru\/wp-json\/wp\/v2\/product_cat?post=89524"},{"taxonomy":"product_tag","embeddable":true,"href":"https:\/\/exlibris.ee\/ru\/wp-json\/wp\/v2\/product_tag?post=89524"},{"taxonomy":"series","embeddable":true,"href":"https:\/\/exlibris.ee\/ru\/wp-json\/wp\/v2\/series?post=89524"},{"taxonomy":"publisher","embeddable":true,"href":"https:\/\/exlibris.ee\/ru\/wp-json\/wp\/v2\/publisher?post=89524"}],"curies":[{"name":"wp","href":"https:\/\/api.w.org\/{rel}","templated":true}]}}